{"id":6887,"date":"2024-03-06T17:48:05","date_gmt":"2024-03-06T17:48:05","guid":{"rendered":"https:\/\/hasamiartigos.com\/?post_type=product&#038;p=6887"},"modified":"2024-07-24T05:48:09","modified_gmt":"2024-07-24T05:48:09","slug":"deray-premium","status":"publish","type":"product","link":"https:\/\/hasamiartigos.com\/pt\/produto\/deray-premium\/","title":{"rendered":"Derby Premium Laminas Barbear"},"content":{"rendered":"<p><strong>Portuguese<\/strong><\/p>\n<p><strong>Laminas Barbear Derby Premium 20 Caixas<\/strong><\/p>\n<p>Laminas Barbear Derby Premium 20 Caixas de 5 laminas cada \u2013 100 LAMINAS<br \/>\nEstas laminas s\u00e3o assim muito populares entre os barbeiros .<br \/>\n\u00c9 assim uma lamina ent\u00e3o espectacular a n\u00edvel de corte.<br \/>\nTemos pre\u00e7os fant\u00e1stico para compra de grandes quantidades.<br \/>\nAs l\u00e2minas Derby em a\u00e7o inoxid\u00e1vel s\u00e3o indicadas para profissionais de barbearia ou para cabeleireiros.<br \/>\nTemos uma grande variedades de laminas de barbear com muitos pre\u00e7os e arranjamos as marcas que quiser.Para isso basta nos consultar.<\/p>\n<p><!--more--><\/p>\n<p><strong>English<\/strong><\/p>\n<p><strong>Derby Premium Razor Blades 20 Boxes<\/strong><\/p>\n<p>Derby Premium Razor Blades 20 Boxes of 5 blades each \u2013 100 BLADES<br \/>\nThese blades are therefore very popular among barbers.<br \/>\nIt is a spectacular blade in terms of cutting.<br \/>\nWe have fantastic prices for purchasing large quantities.<br \/>\nDerby stainless steel blades are recommended for barber professionals or hairdressers.<br \/>\nWe have a wide variety of razors at different prices and we can find the brands you want. To do this, just contact us.<\/p>","protected":false},"excerpt":{"rendered":"<p>100 L\u00c2MINAS INTEIRAS CADA CAIXA<\/p>","protected":false},"featured_media":906,"comment_status":"open","ping_status":"closed","template":"","meta":[],"product_brand":[],"product_cat":[60],"product_tag":[59,61],"class_list":{"0":"post-6887","1":"product","2":"type-product","3":"status-publish","4":"has-post-thumbnail","6":"product_cat-double-edge","7":"product_tag-deray","8":"product_tag-hasami","10":"first","11":"instock","12":"featured","13":"shipping-taxable","14":"purchasable","15":"product-type-simple"},"acf":[],"_links":{"self":[{"href":"https:\/\/hasamiartigos.com\/pt\/wp-json\/wp\/v2\/product\/6887","targetHints":{"allow":["GET"]}}],"collection":[{"href":"https:\/\/hasamiartigos.com\/pt\/wp-json\/wp\/v2\/product"}],"about":[{"href":"https:\/\/hasamiartigos.com\/pt\/wp-json\/wp\/v2\/types\/product"}],"replies":[{"embeddable":true,"href":"https:\/\/hasamiartigos.com\/pt\/wp-json\/wp\/v2\/comments?post=6887"}],"version-history":[{"count":5,"href":"https:\/\/hasamiartigos.com\/pt\/wp-json\/wp\/v2\/product\/6887\/revisions"}],"predecessor-version":[{"id":7784,"href":"https:\/\/hasamiartigos.com\/pt\/wp-json\/wp\/v2\/product\/6887\/revisions\/7784"}],"wp:featuredmedia":[{"embeddable":true,"href":"https:\/\/hasamiartigos.com\/pt\/wp-json\/wp\/v2\/media\/906"}],"wp:attachment":[{"href":"https:\/\/hasamiartigos.com\/pt\/wp-json\/wp\/v2\/media?parent=6887"}],"wp:term":[{"taxonomy":"product_brand","embeddable":true,"href":"https:\/\/hasamiartigos.com\/pt\/wp-json\/wp\/v2\/product_brand?post=6887"},{"taxonomy":"product_cat","embeddable":true,"href":"https:\/\/hasamiartigos.com\/pt\/wp-json\/wp\/v2\/product_cat?post=6887"},{"taxonomy":"product_tag","embeddable":true,"href":"https:\/\/hasamiartigos.com\/pt\/wp-json\/wp\/v2\/product_tag?post=6887"}],"curies":[{"name":"wp","href":"https:\/\/api.w.org\/{rel}","templated":true}]}}