{"id":6896,"date":"2024-03-06T18:07:21","date_gmt":"2024-03-06T18:07:21","guid":{"rendered":"https:\/\/hasamiartigos.com\/?post_type=product&#038;p=6896"},"modified":"2026-02-04T04:55:15","modified_gmt":"2026-02-04T04:55:15","slug":"treet-platinum","status":"publish","type":"product","link":"https:\/\/hasamiartigos.com\/pt\/produto\/treet-platinum\/","title":{"rendered":"TREET PLATINUM Laminas Barbear"},"content":{"rendered":"<p><strong>Portuguese<\/strong><\/p>\n<p><strong>Laminas Barbear Treet Platinium<\/strong><\/p>\n<p>200 l\u00e2minas Treet Platinum de l\u00e2mina dupla, fabricadas em a\u00e7o inoxid\u00e1vel da mais alta qualidade.<br \/>\n20 pacotes de 10 l\u00e2minas embaladas individualmente.<br \/>\nCompat\u00edvel com toda a gama \/ marcas de m\u00e1quinas de barbear cl\u00e1ssicas dispon\u00edveis na nossa loja.<br \/>\nL\u00e2minas de excelente qualidade oferecidas a um pre\u00e7o competitivo<br \/>\nCada l\u00e2mina \u00e9 embalada individualmente em papel de cera<\/p>\n<p><!--more--><\/p>\n<p><strong>English<\/strong><\/p>\n<p><strong>TREET PLATINUM<\/strong><\/p>\n<p>200 double-bladed Treet Platinum blades, made from the highest quality stainless steel.<br \/>\n20 packs of 10 individually wrapped blades.<br \/>\nCompatible with the entire range\/brands of classic shavers available in our store.<br \/>\nExcellent quality blades offered at a competitive price<br \/>\nEach blade is individually wrapped in wax paper<\/p>","protected":false},"excerpt":{"rendered":"<p>100 L\u00c2MINAS INTEIRAS CADA CAIXA<\/p>","protected":false},"featured_media":907,"comment_status":"closed","ping_status":"closed","template":"","meta":[],"product_brand":[],"product_cat":[60],"product_tag":[59,61],"class_list":{"0":"post-6896","1":"product","2":"type-product","3":"status-publish","4":"has-post-thumbnail","6":"product_cat-double-edge","7":"product_tag-deray","8":"product_tag-hasami","10":"first","11":"instock","12":"featured","13":"shipping-taxable","14":"purchasable","15":"product-type-simple"},"acf":[],"_links":{"self":[{"href":"https:\/\/hasamiartigos.com\/pt\/wp-json\/wp\/v2\/product\/6896","targetHints":{"allow":["GET"]}}],"collection":[{"href":"https:\/\/hasamiartigos.com\/pt\/wp-json\/wp\/v2\/product"}],"about":[{"href":"https:\/\/hasamiartigos.com\/pt\/wp-json\/wp\/v2\/types\/product"}],"replies":[{"embeddable":true,"href":"https:\/\/hasamiartigos.com\/pt\/wp-json\/wp\/v2\/comments?post=6896"}],"version-history":[{"count":6,"href":"https:\/\/hasamiartigos.com\/pt\/wp-json\/wp\/v2\/product\/6896\/revisions"}],"predecessor-version":[{"id":7741,"href":"https:\/\/hasamiartigos.com\/pt\/wp-json\/wp\/v2\/product\/6896\/revisions\/7741"}],"wp:featuredmedia":[{"embeddable":true,"href":"https:\/\/hasamiartigos.com\/pt\/wp-json\/wp\/v2\/media\/907"}],"wp:attachment":[{"href":"https:\/\/hasamiartigos.com\/pt\/wp-json\/wp\/v2\/media?parent=6896"}],"wp:term":[{"taxonomy":"product_brand","embeddable":true,"href":"https:\/\/hasamiartigos.com\/pt\/wp-json\/wp\/v2\/product_brand?post=6896"},{"taxonomy":"product_cat","embeddable":true,"href":"https:\/\/hasamiartigos.com\/pt\/wp-json\/wp\/v2\/product_cat?post=6896"},{"taxonomy":"product_tag","embeddable":true,"href":"https:\/\/hasamiartigos.com\/pt\/wp-json\/wp\/v2\/product_tag?post=6896"}],"curies":[{"name":"wp","href":"https:\/\/api.w.org\/{rel}","templated":true}]}}