{"id":6907,"date":"2024-03-06T18:32:02","date_gmt":"2024-03-06T18:32:02","guid":{"rendered":"https:\/\/hasamiartigos.com\/?post_type=product&#038;p=6907"},"modified":"2024-07-24T05:48:07","modified_gmt":"2024-07-24T05:48:07","slug":"sharklamina","status":"publish","type":"product","link":"https:\/\/hasamiartigos.com\/pt\/produto\/sharklamina\/","title":{"rendered":"Shark Laminas Barbear Super Stainless 200 unidades"},"content":{"rendered":"<p><strong>Portuguese<\/strong><\/p>\n<p>L\u00e2minas profissionais para cabeleireiro e barbeiro. Para quem procura uma lamina super stainless de excelente qualidade.<br \/>\nEmbalagem cont\u00eam: 200 l\u00e2minas (20 caixas x 10 l\u00e2minas)<\/p>\n<p><!--more--><\/p>\n<p><strong>English<\/strong><\/p>\n<p>Professional blades for hairdressers and barbers. For those looking for a super stainless blade of excellent quality.<br \/>\nPackaging contains: 200 slides (20 boxes x 10 slides)<\/p>","protected":false},"excerpt":{"rendered":"<p>100 L\u00c2MINAS INTEIRAS CADA CAIXA<\/p>","protected":false},"featured_media":908,"comment_status":"open","ping_status":"closed","template":"","meta":[],"product_brand":[],"product_cat":[60],"product_tag":[59,61],"class_list":{"0":"post-6907","1":"product","2":"type-product","3":"status-publish","4":"has-post-thumbnail","6":"product_cat-double-edge","7":"product_tag-deray","8":"product_tag-hasami","10":"first","11":"instock","12":"featured","13":"shipping-taxable","14":"purchasable","15":"product-type-simple"},"acf":[],"_links":{"self":[{"href":"https:\/\/hasamiartigos.com\/pt\/wp-json\/wp\/v2\/product\/6907","targetHints":{"allow":["GET"]}}],"collection":[{"href":"https:\/\/hasamiartigos.com\/pt\/wp-json\/wp\/v2\/product"}],"about":[{"href":"https:\/\/hasamiartigos.com\/pt\/wp-json\/wp\/v2\/types\/product"}],"replies":[{"embeddable":true,"href":"https:\/\/hasamiartigos.com\/pt\/wp-json\/wp\/v2\/comments?post=6907"}],"version-history":[{"count":3,"href":"https:\/\/hasamiartigos.com\/pt\/wp-json\/wp\/v2\/product\/6907\/revisions"}],"predecessor-version":[{"id":7734,"href":"https:\/\/hasamiartigos.com\/pt\/wp-json\/wp\/v2\/product\/6907\/revisions\/7734"}],"wp:featuredmedia":[{"embeddable":true,"href":"https:\/\/hasamiartigos.com\/pt\/wp-json\/wp\/v2\/media\/908"}],"wp:attachment":[{"href":"https:\/\/hasamiartigos.com\/pt\/wp-json\/wp\/v2\/media?parent=6907"}],"wp:term":[{"taxonomy":"product_brand","embeddable":true,"href":"https:\/\/hasamiartigos.com\/pt\/wp-json\/wp\/v2\/product_brand?post=6907"},{"taxonomy":"product_cat","embeddable":true,"href":"https:\/\/hasamiartigos.com\/pt\/wp-json\/wp\/v2\/product_cat?post=6907"},{"taxonomy":"product_tag","embeddable":true,"href":"https:\/\/hasamiartigos.com\/pt\/wp-json\/wp\/v2\/product_tag?post=6907"}],"curies":[{"name":"wp","href":"https:\/\/api.w.org\/{rel}","templated":true}]}}