{"id":6922,"date":"2024-03-07T11:41:17","date_gmt":"2024-03-07T11:41:17","guid":{"rendered":"https:\/\/hasamiartigos.com\/?post_type=product&#038;p=6922"},"modified":"2025-10-29T04:43:36","modified_gmt":"2025-10-29T04:43:36","slug":"starmaxx-xxtra-superior-platinum","status":"publish","type":"product","link":"https:\/\/hasamiartigos.com\/pt\/produto\/starmaxx-xxtra-superior-platinum\/","title":{"rendered":"Superior Platinum Single Edge Blade"},"content":{"rendered":"<p><strong>Portuguese<\/strong><\/p>\n<p>N\u00famero de l\u00e2minas: 100<br \/>\nUsos recomendados para o produto: Barbear<br \/>\nFaixa et\u00e1ria (descri\u00e7\u00e3o): Adulto<br \/>\nTipo de pele: Combinada<\/p>\n<p><!--more--><\/p>\n<p><strong>English<\/strong><\/p>\n<p>Number of blades: 100<br \/>\nRecommended uses for product: Shaving<br \/>\nAge range (description): Adult<br \/>\nSkin type: Combination<\/p>","protected":false},"excerpt":{"rendered":"<p>100 L\u00c2MINAS INTEIRAS CADA CAIXA<\/p>","protected":false},"featured_media":911,"comment_status":"open","ping_status":"closed","template":"","meta":[],"product_brand":[],"product_cat":[62],"product_tag":[59,61],"class_list":{"0":"post-6922","1":"product","2":"type-product","3":"status-publish","4":"has-post-thumbnail","6":"product_cat-single-edge","7":"product_tag-deray","8":"product_tag-hasami","10":"first","11":"instock","12":"featured","13":"shipping-taxable","14":"purchasable","15":"product-type-simple"},"acf":[],"_links":{"self":[{"href":"https:\/\/hasamiartigos.com\/pt\/wp-json\/wp\/v2\/product\/6922","targetHints":{"allow":["GET"]}}],"collection":[{"href":"https:\/\/hasamiartigos.com\/pt\/wp-json\/wp\/v2\/product"}],"about":[{"href":"https:\/\/hasamiartigos.com\/pt\/wp-json\/wp\/v2\/types\/product"}],"replies":[{"embeddable":true,"href":"https:\/\/hasamiartigos.com\/pt\/wp-json\/wp\/v2\/comments?post=6922"}],"version-history":[{"count":3,"href":"https:\/\/hasamiartigos.com\/pt\/wp-json\/wp\/v2\/product\/6922\/revisions"}],"predecessor-version":[{"id":7746,"href":"https:\/\/hasamiartigos.com\/pt\/wp-json\/wp\/v2\/product\/6922\/revisions\/7746"}],"wp:featuredmedia":[{"embeddable":true,"href":"https:\/\/hasamiartigos.com\/pt\/wp-json\/wp\/v2\/media\/911"}],"wp:attachment":[{"href":"https:\/\/hasamiartigos.com\/pt\/wp-json\/wp\/v2\/media?parent=6922"}],"wp:term":[{"taxonomy":"product_brand","embeddable":true,"href":"https:\/\/hasamiartigos.com\/pt\/wp-json\/wp\/v2\/product_brand?post=6922"},{"taxonomy":"product_cat","embeddable":true,"href":"https:\/\/hasamiartigos.com\/pt\/wp-json\/wp\/v2\/product_cat?post=6922"},{"taxonomy":"product_tag","embeddable":true,"href":"https:\/\/hasamiartigos.com\/pt\/wp-json\/wp\/v2\/product_tag?post=6922"}],"curies":[{"name":"wp","href":"https:\/\/api.w.org\/{rel}","templated":true}]}}