{"id":6923,"date":"2024-03-07T11:53:48","date_gmt":"2024-03-07T11:53:48","guid":{"rendered":"https:\/\/hasamiartigos.com\/?post_type=product&#038;p=6923"},"modified":"2024-07-24T05:48:04","modified_gmt":"2024-07-24T05:48:04","slug":"derby-premium","status":"publish","type":"product","link":"https:\/\/hasamiartigos.com\/pt\/produto\/derby-premium\/","title":{"rendered":"Derby Premium Laminas Barbear"},"content":{"rendered":"<p><strong>Portuguese<\/strong><\/p>\n<p><strong>Laminas Barbear Derby Premium\u00a0<\/strong><\/p>\n<p>Estas l\u00e2minas j\u00e1 v\u00eam partidas ao meio o que tira bastante trabalho ao profissional.<br \/>\nPacotes assim com 100 l\u00e2minas j\u00e1 partidas ao meio.Uma l\u00e2mina de barbear ent\u00e3o muito boa e econ\u00f4mica.<\/p>\n<p><!--more--><\/p>\n<p><strong>English<\/strong><\/p>\n<p><strong> Derby Premium Laminas Barbear<\/strong><\/p>\n<p>These blades are already broken in half, which takes a lot of work away from the professional.<br \/>\nPacks like this with 100 blades already broken in half. A very good and economical razor blade.<\/p>","protected":false},"excerpt":{"rendered":"<p>100 L\u00c2MINAS INTEIRAS CADA CAIXA<\/p>","protected":false},"featured_media":914,"comment_status":"open","ping_status":"closed","template":"","meta":[],"product_brand":[],"product_cat":[62],"product_tag":[59,61],"class_list":{"0":"post-6923","1":"product","2":"type-product","3":"status-publish","4":"has-post-thumbnail","6":"product_cat-single-edge","7":"product_tag-deray","8":"product_tag-hasami","10":"first","11":"instock","12":"featured","13":"shipping-taxable","14":"purchasable","15":"product-type-simple"},"acf":[],"_links":{"self":[{"href":"https:\/\/hasamiartigos.com\/pt\/wp-json\/wp\/v2\/product\/6923","targetHints":{"allow":["GET"]}}],"collection":[{"href":"https:\/\/hasamiartigos.com\/pt\/wp-json\/wp\/v2\/product"}],"about":[{"href":"https:\/\/hasamiartigos.com\/pt\/wp-json\/wp\/v2\/types\/product"}],"replies":[{"embeddable":true,"href":"https:\/\/hasamiartigos.com\/pt\/wp-json\/wp\/v2\/comments?post=6923"}],"version-history":[{"count":3,"href":"https:\/\/hasamiartigos.com\/pt\/wp-json\/wp\/v2\/product\/6923\/revisions"}],"predecessor-version":[{"id":7748,"href":"https:\/\/hasamiartigos.com\/pt\/wp-json\/wp\/v2\/product\/6923\/revisions\/7748"}],"wp:featuredmedia":[{"embeddable":true,"href":"https:\/\/hasamiartigos.com\/pt\/wp-json\/wp\/v2\/media\/914"}],"wp:attachment":[{"href":"https:\/\/hasamiartigos.com\/pt\/wp-json\/wp\/v2\/media?parent=6923"}],"wp:term":[{"taxonomy":"product_brand","embeddable":true,"href":"https:\/\/hasamiartigos.com\/pt\/wp-json\/wp\/v2\/product_brand?post=6923"},{"taxonomy":"product_cat","embeddable":true,"href":"https:\/\/hasamiartigos.com\/pt\/wp-json\/wp\/v2\/product_cat?post=6923"},{"taxonomy":"product_tag","embeddable":true,"href":"https:\/\/hasamiartigos.com\/pt\/wp-json\/wp\/v2\/product_tag?post=6923"}],"curies":[{"name":"wp","href":"https:\/\/api.w.org\/{rel}","templated":true}]}}