{"id":6924,"date":"2024-03-07T12:02:20","date_gmt":"2024-03-07T12:02:20","guid":{"rendered":"https:\/\/hasamiartigos.com\/?post_type=product&#038;p=6924"},"modified":"2025-10-29T04:43:59","modified_gmt":"2025-10-29T04:43:59","slug":"derby-profissional","status":"publish","type":"product","link":"https:\/\/hasamiartigos.com\/pt\/produto\/derby-profissional\/","title":{"rendered":"Laminas Barbear DERBY PROFISSIONAL"},"content":{"rendered":"<p><strong>Portuguese<\/strong><\/p>\n<p><strong>L\u00e2minas De Barbear Derby Platinium\u00a0<\/strong><\/p>\n<p>Essas laminas ja vem cortadas ao meio o que tira bastante trabalho ao profissional .<br \/>\nPacotes assim com 100 laminas j\u00e1 partidas ao meio.Uma lamina de barbear ent\u00e3o muito boa e econ\u00f3mica.<\/p>\n<p><!--more--><\/p>\n<p><strong>English<\/strong><\/p>\n<p><strong>Derby Platinium Razor Blades<\/strong><\/p>\n<p>These blades are already cut in half, which takes a lot of work away from the professional.<br \/>\nPacks like this with 100 blades already broken in half. A very good and economical razor.<\/p>","protected":false},"excerpt":{"rendered":"<p>100 L\u00c2MINAS INTEIRAS CADA CAIXA<\/p>","protected":false},"featured_media":913,"comment_status":"open","ping_status":"closed","template":"","meta":[],"product_brand":[],"product_cat":[62],"product_tag":[59,61],"class_list":{"0":"post-6924","1":"product","2":"type-product","3":"status-publish","4":"has-post-thumbnail","6":"product_cat-single-edge","7":"product_tag-deray","8":"product_tag-hasami","10":"first","11":"instock","12":"featured","13":"shipping-taxable","14":"purchasable","15":"product-type-simple"},"acf":[],"_links":{"self":[{"href":"https:\/\/hasamiartigos.com\/pt\/wp-json\/wp\/v2\/product\/6924","targetHints":{"allow":["GET"]}}],"collection":[{"href":"https:\/\/hasamiartigos.com\/pt\/wp-json\/wp\/v2\/product"}],"about":[{"href":"https:\/\/hasamiartigos.com\/pt\/wp-json\/wp\/v2\/types\/product"}],"replies":[{"embeddable":true,"href":"https:\/\/hasamiartigos.com\/pt\/wp-json\/wp\/v2\/comments?post=6924"}],"version-history":[{"count":4,"href":"https:\/\/hasamiartigos.com\/pt\/wp-json\/wp\/v2\/product\/6924\/revisions"}],"predecessor-version":[{"id":7751,"href":"https:\/\/hasamiartigos.com\/pt\/wp-json\/wp\/v2\/product\/6924\/revisions\/7751"}],"wp:featuredmedia":[{"embeddable":true,"href":"https:\/\/hasamiartigos.com\/pt\/wp-json\/wp\/v2\/media\/913"}],"wp:attachment":[{"href":"https:\/\/hasamiartigos.com\/pt\/wp-json\/wp\/v2\/media?parent=6924"}],"wp:term":[{"taxonomy":"product_brand","embeddable":true,"href":"https:\/\/hasamiartigos.com\/pt\/wp-json\/wp\/v2\/product_brand?post=6924"},{"taxonomy":"product_cat","embeddable":true,"href":"https:\/\/hasamiartigos.com\/pt\/wp-json\/wp\/v2\/product_cat?post=6924"},{"taxonomy":"product_tag","embeddable":true,"href":"https:\/\/hasamiartigos.com\/pt\/wp-json\/wp\/v2\/product_tag?post=6924"}],"curies":[{"name":"wp","href":"https:\/\/api.w.org\/{rel}","templated":true}]}}