{"id":7148,"date":"2024-03-27T19:04:49","date_gmt":"2024-03-27T19:04:49","guid":{"rendered":"https:\/\/hasamiartigos.com\/?post_type=product&#038;p=7148"},"modified":"2025-11-11T04:58:41","modified_gmt":"2025-11-11T04:58:41","slug":"instinct","status":"publish","type":"product","link":"https:\/\/hasamiartigos.com\/pt\/produto\/instinct\/","title":{"rendered":"INSTINCT"},"content":{"rendered":"<p><strong>Portuguese<\/strong><\/p>\n<p>APARADOR DE CABELOS SEM FIO INSTINCT PROFESSIONAL MOTOR VETORIAL COM CONTROLE DE TORQUE INTUITIVO<\/p>\n<p><strong>Outras caracter\u00edsticas:<\/strong><\/p>\n<p>O motor vetorial intuitivo oferece inigual\u00e1veis 9.500 golpes por minuto com pot\u00eancia impar\u00e1vel para remo\u00e7\u00e3o de volume altamente otimizada sem emperrar ou puxar<br \/>\nMontado com a l\u00e2mina fixa larga Black Diamond Carbon DLC X-Pro e a l\u00e2mina de corte preta de dentes profundos para o corte mais suave e n\u00edtido e linhas ultra-n\u00edtidas<br \/>\nA bateria de \u00edon de l\u00edtio oferece at\u00e9 4 horas de dura\u00e7\u00e3o sem fio com suporte de carregamento com tempo de recarga de 2 horas, juntamente com Micro-USB universal para uso em todo o mundo<br \/>\nL\u00e2mina totalmente ajust\u00e1vel pode ser facilmente zero gap para o corte e acabamento mais pr\u00f3ximo, uma ferramenta de ajuste de l\u00e2mina zero gap est\u00e1 inclu\u00edda para garantir que a l\u00e2mina esteja perfeitamente alinhada<br \/>\nDesign de esqueleto aberto de 360\u00b0 para expor a l\u00e2mina para uma opera\u00e7\u00e3o mais fria, melhor linha de vis\u00e3o e maior precis\u00e3o<br \/>\n3 op\u00e7\u00f5es de casco adicionais para diferentes modifica\u00e7\u00f5es da carroceria com op\u00e7\u00f5es de exibi\u00e7\u00e3o transparente do motor<br \/>\nCompacto e leve com um design ergon\u00f3mico para o m\u00e1ximo conforto<br \/>\nProjetado e projetado nos EUA<\/p>\n<p><strong>Inclui:<\/strong><\/p>\n<p>aparador, l\u00e2mina fixa larga Black Diamond Carbon X-Pro, cortador de dente profundo de carbono Black Diamond &#8220;The One&#8221;, ferramenta de ajuste da tampa da l\u00e2mina sem folga, cabo micro-USB, suporte e cabo de carregamento, kit de limpeza\/manuten\u00e7\u00e3o e chave de fenda<\/p>\n<p><!--more--><\/p>\n<p><strong>English<\/strong><\/p>\n<p>INSTINCT PROFESSIONAL CORDLESS HAIR TRIMMER VECTOR MOTOR WITH INTUITIVE TORQUE CONTROL<\/p>\n<p><strong>Other features:<\/strong><br \/>\nIntuitive vector motor delivers an unmatched 9,500 strokes per minute with unstoppable power for highly optimized bulk removal with no snagging or pulling<br \/>\nAssembled with the Black Diamond Carbon DLC X-Pro wide fixed blade and black deep-tooth cutting blade for the smoothest, crispest cut and ultra-sharp lines<br \/>\nLithium-ion battery offers up to 4 hours of wireless battery life with charging stand with a 2-hour recharge time, along with universal Micro-USB for worldwide use<br \/>\nFully adjustable blade can be easily zero gapped for the closest cut and finish, a zero gap blade setting tool is included to ensure the blade is perfectly aligned<br \/>\n360\u00b0 open skeleton design to expose the blade for cooler operation, better line of sight and improved accuracy<br \/>\n3 additional shell options for different body modifications with transparent engine display options<br \/>\nCompact and lightweight with an ergonomic design for maximum comfort<br \/>\nDesigned and Engineered in the USA<\/p>\n<p><strong>Includes:<\/strong><\/p>\n<p>Trimmer, Black Diamond Carbon X-Pro Wide Fixed Blade, &#8220;The One&#8221; Black Diamond Carbon Deep Tooth Cutter, No Gap Blade Cover Setting Tool, Micro-USB Cable, Stand &amp; Charging Cable, Kit cleaning \/ maintenance and screwdriver<\/p>","protected":false},"excerpt":{"rendered":"<p>Aparador sem fio profissional com motor potente e intuitivo<br \/>\nBateria de \u00edons de l\u00edtio com at\u00e9 4 horas de vida e 2 horas de recarga<br \/>\nInclui suporte de carregamento e 3 conchas intercambi\u00e1veis<\/p>","protected":false},"featured_media":7804,"comment_status":"open","ping_status":"closed","template":"","meta":[],"product_brand":[],"product_cat":[105,121],"product_tag":[],"class_list":{"0":"post-7148","1":"product","2":"type-product","3":"status-publish","4":"has-post-thumbnail","6":"product_cat-maquina-de-acabamento-contorno","7":"product_cat-stylecraft","9":"first","10":"instock","11":"shipping-taxable","12":"purchasable","13":"product-type-simple"},"acf":[],"_links":{"self":[{"href":"https:\/\/hasamiartigos.com\/pt\/wp-json\/wp\/v2\/product\/7148","targetHints":{"allow":["GET"]}}],"collection":[{"href":"https:\/\/hasamiartigos.com\/pt\/wp-json\/wp\/v2\/product"}],"about":[{"href":"https:\/\/hasamiartigos.com\/pt\/wp-json\/wp\/v2\/types\/product"}],"replies":[{"embeddable":true,"href":"https:\/\/hasamiartigos.com\/pt\/wp-json\/wp\/v2\/comments?post=7148"}],"version-history":[{"count":5,"href":"https:\/\/hasamiartigos.com\/pt\/wp-json\/wp\/v2\/product\/7148\/revisions"}],"predecessor-version":[{"id":7150,"href":"https:\/\/hasamiartigos.com\/pt\/wp-json\/wp\/v2\/product\/7148\/revisions\/7150"}],"wp:featuredmedia":[{"embeddable":true,"href":"https:\/\/hasamiartigos.com\/pt\/wp-json\/wp\/v2\/media\/7804"}],"wp:attachment":[{"href":"https:\/\/hasamiartigos.com\/pt\/wp-json\/wp\/v2\/media?parent=7148"}],"wp:term":[{"taxonomy":"product_brand","embeddable":true,"href":"https:\/\/hasamiartigos.com\/pt\/wp-json\/wp\/v2\/product_brand?post=7148"},{"taxonomy":"product_cat","embeddable":true,"href":"https:\/\/hasamiartigos.com\/pt\/wp-json\/wp\/v2\/product_cat?post=7148"},{"taxonomy":"product_tag","embeddable":true,"href":"https:\/\/hasamiartigos.com\/pt\/wp-json\/wp\/v2\/product_tag?post=7148"}],"curies":[{"name":"wp","href":"https:\/\/api.w.org\/{rel}","templated":true}]}}