{"id":7154,"date":"2024-03-27T19:11:54","date_gmt":"2024-03-27T19:11:54","guid":{"rendered":"https:\/\/hasamiartigos.com\/?post_type=product&#038;p=7154"},"modified":"2025-11-11T05:00:37","modified_gmt":"2025-11-11T05:00:37","slug":"saber-black","status":"publish","type":"product","link":"https:\/\/hasamiartigos.com\/pt\/produto\/saber-black\/","title":{"rendered":"SABER BLACK"},"content":{"rendered":"<p><strong>Portuguese<\/strong><\/p>\n<p><strong>Stylecraft SC Sabre Aparador de metal digital sem fio com motor sem escova &#8211; Preto<\/strong><\/p>\n<p><strong>Outras caracter\u00edsticas:<\/strong><\/p>\n<p>MOTOR DIGITAL SEM ESCOVAS DE LONGA VIDA funciona a 7.500 rpms<br \/>\nCORPO COMPLETO EM METAL PARA SERVI\u00c7OS PESADOS<br \/>\nL\u00e2mina fixa larga GOLD TITANIUM X-PRO e l\u00e2mina m\u00f3vel DLC de carbono com diamante preto e dente profundo The One<br \/>\nBATERIA DE \u00cdON DE L\u00cdTIO oferece 4 horas de autonomia sem fio<br \/>\nL\u00c2MINA ZERO GAP TOTALMENTE AJUST\u00c1VEL<br \/>\nUSB RECARREG\u00c1VEL UNIVERSAL<br \/>\nPROJETADO E PROJETADO nos EUA<\/p>\n<p><strong>Inclui:<\/strong><\/p>\n<p>Aparador, l\u00e2mina larga fixa X-Pro de tit\u00e2nio, l\u00e2mina m\u00f3vel The One Black Diamond Carbon DLC, protetor de tampa da l\u00e2mina, cabo de carregamento micro USB, suporte de carregamento, mini chave de fenda<br \/>\n<!--more--><\/p>\n<p><strong>English<\/strong><\/p>\n<p><strong>Stylecraft SC Saber Cordless Digital Brushless Motor Metal Trimmer &#8211; Black<\/strong><\/p>\n<p><strong>Other features:<\/strong><br \/>\nLONG-LIFE DIGITAL BRUSHLESS MOTOR runs at 7,500 rpms<br \/>\nHEAVY DUTY FULL METAL BODY<br \/>\nGOLD TITANIUM X-PRO Wide fixed blade and The One deep tooth black diamond carbon DLC moving blade<br \/>\nLITHIUM-ION BATTERY delivers 4 hours of cordless run-time<br \/>\nFULLY ADJUSTABLE ZERO GAP BLADE<br \/>\nUNIVERSAL USB RECHARGEABLE<br \/>\nENGINEERED AND DESIGNED in the USA<\/p>\n<p><strong>Includes:<\/strong><\/p>\n<p>Trimmer, Titanium fixed wide X-Pro blade, The One Black Diamond Carbon DLC moving blade, blade cap protector, Micro USB charging cord, charging stand, mini screwdriver<\/p>","protected":false},"excerpt":{"rendered":"<p>Portuguese Stylecraft SC Sabre Aparador de metal digital sem fio com motor sem escova &#8211; Preto Outras caracter\u00edsticas: MOTOR DIGITAL SEM ESCOVAS DE LONGA VIDA funciona a 7.500 rpms CORPO COMPLETO EM METAL PARA SERVI\u00c7OS PESADOS L\u00e2mina fixa larga GOLD TITANIUM X-PRO e l\u00e2mina m\u00f3vel DLC de carbono com diamante preto e dente profundo The [&hellip;]<\/p>","protected":false},"featured_media":7806,"comment_status":"open","ping_status":"closed","template":"","meta":[],"product_brand":[],"product_cat":[105,121],"product_tag":[],"class_list":{"0":"post-7154","1":"product","2":"type-product","3":"status-publish","4":"has-post-thumbnail","6":"product_cat-maquina-de-acabamento-contorno","7":"product_cat-stylecraft","9":"first","10":"instock","11":"shipping-taxable","12":"purchasable","13":"product-type-simple"},"acf":[],"_links":{"self":[{"href":"https:\/\/hasamiartigos.com\/pt\/wp-json\/wp\/v2\/product\/7154","targetHints":{"allow":["GET"]}}],"collection":[{"href":"https:\/\/hasamiartigos.com\/pt\/wp-json\/wp\/v2\/product"}],"about":[{"href":"https:\/\/hasamiartigos.com\/pt\/wp-json\/wp\/v2\/types\/product"}],"replies":[{"embeddable":true,"href":"https:\/\/hasamiartigos.com\/pt\/wp-json\/wp\/v2\/comments?post=7154"}],"version-history":[{"count":4,"href":"https:\/\/hasamiartigos.com\/pt\/wp-json\/wp\/v2\/product\/7154\/revisions"}],"predecessor-version":[{"id":7848,"href":"https:\/\/hasamiartigos.com\/pt\/wp-json\/wp\/v2\/product\/7154\/revisions\/7848"}],"wp:featuredmedia":[{"embeddable":true,"href":"https:\/\/hasamiartigos.com\/pt\/wp-json\/wp\/v2\/media\/7806"}],"wp:attachment":[{"href":"https:\/\/hasamiartigos.com\/pt\/wp-json\/wp\/v2\/media?parent=7154"}],"wp:term":[{"taxonomy":"product_brand","embeddable":true,"href":"https:\/\/hasamiartigos.com\/pt\/wp-json\/wp\/v2\/product_brand?post=7154"},{"taxonomy":"product_cat","embeddable":true,"href":"https:\/\/hasamiartigos.com\/pt\/wp-json\/wp\/v2\/product_cat?post=7154"},{"taxonomy":"product_tag","embeddable":true,"href":"https:\/\/hasamiartigos.com\/pt\/wp-json\/wp\/v2\/product_tag?post=7154"}],"curies":[{"name":"wp","href":"https:\/\/api.w.org\/{rel}","templated":true}]}}