{"id":7157,"date":"2024-03-27T19:20:48","date_gmt":"2024-03-27T19:20:48","guid":{"rendered":"https:\/\/hasamiartigos.com\/?post_type=product&#038;p=7157"},"modified":"2025-11-11T05:06:51","modified_gmt":"2025-11-11T05:06:51","slug":"evo","status":"publish","type":"product","link":"https:\/\/hasamiartigos.com\/pt\/produto\/evo\/","title":{"rendered":"EVO"},"content":{"rendered":"<p><strong>Portuguese<\/strong><\/p>\n<p><strong>Aparador Linear StyleCraft Evo<\/strong><\/p>\n<p><strong>Outras caracter\u00edsticas:<\/strong><\/p>\n<p>Design econ\u00f4mico modular perfeitamente equilibrado<br \/>\nMotor magn\u00e9tico de alta velocidade sem precedentes com 10.000 SPM<br \/>\nPotente bateria de \u00edons de l\u00edtio com autonomia de 2 horas<br \/>\nOp\u00e7\u00e3o de drop-top remov\u00edvel para design de esqueleto<br \/>\nV\u00e1rios conjuntos de l\u00e2minas inclu\u00eddos<br \/>\n3 kits de carroceria personalizados intercambi\u00e1veis (preto fosco, azul, rosa)<\/p>\n<p><strong>Inclui:<\/strong><\/p>\n<p>mini carregador USB, base de carregamento, 3 protetores de tosquia, kit de manuten\u00e7\u00e3o, mini chave de fenda<br \/>\n<!--more--><\/p>\n<p><strong>English<\/strong><\/p>\n<p><strong>StyleCraft Evo Linear Trimmer<\/strong><\/p>\n<p><strong>Other features:<\/strong><br \/>\nPerfectly balanced modular economic design<br \/>\nUnprecedented high-speed magnetic motor with 10,000 SPM<br \/>\nPowerful lithium-ion battery with 2 hours of run time<br \/>\nRemovable drop-top option for skeleton design<br \/>\nMultiple blade sets included<br \/>\n3 interchangeable custom body kits (matte black, blue, pink)<\/p>\n<p><strong>Includes:<\/strong><\/p>\n<p>mini USB charger, charging dock, 3 clipper guards, maintenance kit, mini screwdriver<\/p>","protected":false},"excerpt":{"rendered":"<p>O aparador Stylecraft Evo \u00e9 um aparador sem fio que se destaca por sua versatilidade, pot\u00eancia e facilidade de troca das carca\u00e7as.<br \/>\nSeu motor rotativo funciona a 10.000 golpes por minuto.<br \/>\nInclui 3 conchas intercambi\u00e1veis: preto, rosa e azul.<br \/>\nF\u00e1cil ajuste da l\u00e2mina, com possibilidade de folga zero para acabamento razor fade.<br \/>\nBateria de l\u00edtio: 120 minutos de uso<br \/>\nInclui 3 pentes<\/p>","protected":false},"featured_media":7807,"comment_status":"open","ping_status":"closed","template":"","meta":[],"product_brand":[],"product_cat":[105,121],"product_tag":[],"class_list":{"0":"post-7157","1":"product","2":"type-product","3":"status-publish","4":"has-post-thumbnail","6":"product_cat-maquina-de-acabamento-contorno","7":"product_cat-stylecraft","9":"first","10":"instock","11":"shipping-taxable","12":"purchasable","13":"product-type-simple"},"acf":[],"_links":{"self":[{"href":"https:\/\/hasamiartigos.com\/pt\/wp-json\/wp\/v2\/product\/7157","targetHints":{"allow":["GET"]}}],"collection":[{"href":"https:\/\/hasamiartigos.com\/pt\/wp-json\/wp\/v2\/product"}],"about":[{"href":"https:\/\/hasamiartigos.com\/pt\/wp-json\/wp\/v2\/types\/product"}],"replies":[{"embeddable":true,"href":"https:\/\/hasamiartigos.com\/pt\/wp-json\/wp\/v2\/comments?post=7157"}],"version-history":[{"count":4,"href":"https:\/\/hasamiartigos.com\/pt\/wp-json\/wp\/v2\/product\/7157\/revisions"}],"predecessor-version":[{"id":7847,"href":"https:\/\/hasamiartigos.com\/pt\/wp-json\/wp\/v2\/product\/7157\/revisions\/7847"}],"wp:featuredmedia":[{"embeddable":true,"href":"https:\/\/hasamiartigos.com\/pt\/wp-json\/wp\/v2\/media\/7807"}],"wp:attachment":[{"href":"https:\/\/hasamiartigos.com\/pt\/wp-json\/wp\/v2\/media?parent=7157"}],"wp:term":[{"taxonomy":"product_brand","embeddable":true,"href":"https:\/\/hasamiartigos.com\/pt\/wp-json\/wp\/v2\/product_brand?post=7157"},{"taxonomy":"product_cat","embeddable":true,"href":"https:\/\/hasamiartigos.com\/pt\/wp-json\/wp\/v2\/product_cat?post=7157"},{"taxonomy":"product_tag","embeddable":true,"href":"https:\/\/hasamiartigos.com\/pt\/wp-json\/wp\/v2\/product_tag?post=7157"}],"curies":[{"name":"wp","href":"https:\/\/api.w.org\/{rel}","templated":true}]}}