{"id":7159,"date":"2024-03-27T19:22:45","date_gmt":"2024-03-27T19:22:45","guid":{"rendered":"https:\/\/hasamiartigos.com\/?post_type=product&#038;p=7159"},"modified":"2025-11-11T05:06:13","modified_gmt":"2025-11-11T05:06:13","slug":"rebel-new","status":"publish","type":"product","link":"https:\/\/hasamiartigos.com\/pt\/produto\/rebel-new\/","title":{"rendered":"REBEL NEW"},"content":{"rendered":"<p><strong>Portuguese<\/strong><\/p>\n<p><strong>APARADOR REBELDE &#8211; APARADOR DE CABELO MODULAR PROFISSIONAL COM MOTOR SUPER-TORQUE SEM FIO<\/strong><\/p>\n<p><strong>Outras caracter\u00edsticas:<\/strong><\/p>\n<p>O MOTOR SUPER-TORQUE oferece 7.500 golpes por minuto para remo\u00e7\u00e3o otimizada de volume e cria\u00e7\u00e3o das linhas mais n\u00edtidas com um \u00fanico toque<br \/>\nL\u00e2mina fixa X-PRO WIDE em A\u00c7O INOXID\u00c1VEL e l\u00e2mina de corte com dentes rasos de carbono 2.0 com diamante preto para cortes mais suaves e crocantes e linhas ultra-afiadas<br \/>\nA BATERIA DE \u00cdON DE L\u00cdTIO oferece 3 horas de autonomia sem fio com uma recarga de 90 minutos com um cabo Micro-USB universal inclu\u00eddo<br \/>\nA L\u00c2MINA TOTALMENTE AJUST\u00c1VEL pode facilmente ter folga zero para o corte e acabamento mais pr\u00f3ximos<br \/>\n3 op\u00e7\u00f5es de carca\u00e7a PERSONALIZADA INTERCAMBI\u00c1VEIS para v\u00e1rios looks inclu\u00eddos<br \/>\nDESIGN DE ESQUELETO ABERTO DE 360\u00b0 para expor a l\u00e2mina para uma opera\u00e7\u00e3o mais fria, melhor linha de vis\u00e3o e maior precis\u00e3o<br \/>\nCOMPACTO E LEVE, com design ergon\u00f4mico para facilidade de uso e manuseio confort\u00e1vel<br \/>\nPROJETADO E PROJETADO nos EUA<\/p>\n<p><strong>Inclui:<\/strong><\/p>\n<p>Aparador, cabo de carregamento micro-USB, ferramenta de ajuste de folga zero, mini chave de fenda, kit de limpeza\/manuten\u00e7\u00e3o, suporte\/cabo de carregamento e 3 kits de carroceria<\/p>\n<p><!--more--><\/p>\n<p><strong>English<\/strong><\/p>\n<p><strong>REBEL TRIMMER &#8211; PROFESSIONAL MODULAR SUPER-TORQUE MOTOR CORDLESS HAIR TRIMMER<\/strong><\/p>\n<p><strong>Other features:<\/strong><br \/>\nSUPER-TORQUE MOTOR offers 7,500 strokes per minute for optimized bulk removal and creating the sharpest lines with a single tap<br \/>\nSTAINLESS STEEL X-PRO WIDE fixed blade and a black diamond carbon 2.0 shallow tooth cutting blade for the smoothest, crunchiest cutting and ultra-sharp lines<br \/>\nLITHIUM-ION BATTERY delivers 3-hours of cordless run-time with a 90-minute recharge with a universal Micro-USB cord included<br \/>\nFULLY ADJUSTABLE BLADE can be easily zero gapped for the closest cut and finish<br \/>\n3 INTERCHANGEABLE CUSTOM BODY housing options for multiple looks included<br \/>\nOPEN SKELETON 360\u00b0 DEGREE DESIGN to expose the blade for cooler operation, better sight line, and enhanced precision<br \/>\nCOMPACT AND LIGHTWEIGHT with an ergonomic design for ease-of-use and comfortable handling<br \/>\nENGINEERED AND DESIGNED in the USA<\/p>\n<p><strong>Includes:<\/strong><\/p>\n<p>Trimmer, Micro-USB charging cord, zero-gap setting tool, mini screwdriver, cleaning\/maintenance kit, charging stand\/cord, and 3 body kits<\/p>","protected":false},"excerpt":{"rendered":"<p>Portuguese APARADOR REBELDE &#8211; APARADOR DE CABELO MODULAR PROFISSIONAL COM MOTOR SUPER-TORQUE SEM FIO Outras caracter\u00edsticas: O MOTOR SUPER-TORQUE oferece 7.500 golpes por minuto para remo\u00e7\u00e3o otimizada de volume e cria\u00e7\u00e3o das linhas mais n\u00edtidas com um \u00fanico toque L\u00e2mina fixa X-PRO WIDE em A\u00c7O INOXID\u00c1VEL e l\u00e2mina de corte com dentes rasos de carbono [&hellip;]<\/p>","protected":false},"featured_media":7808,"comment_status":"open","ping_status":"closed","template":"","meta":[],"product_brand":[],"product_cat":[105,121],"product_tag":[],"class_list":{"0":"post-7159","1":"product","2":"type-product","3":"status-publish","4":"has-post-thumbnail","6":"product_cat-maquina-de-acabamento-contorno","7":"product_cat-stylecraft","9":"first","10":"instock","11":"shipping-taxable","12":"purchasable","13":"product-type-simple"},"acf":[],"_links":{"self":[{"href":"https:\/\/hasamiartigos.com\/pt\/wp-json\/wp\/v2\/product\/7159","targetHints":{"allow":["GET"]}}],"collection":[{"href":"https:\/\/hasamiartigos.com\/pt\/wp-json\/wp\/v2\/product"}],"about":[{"href":"https:\/\/hasamiartigos.com\/pt\/wp-json\/wp\/v2\/types\/product"}],"replies":[{"embeddable":true,"href":"https:\/\/hasamiartigos.com\/pt\/wp-json\/wp\/v2\/comments?post=7159"}],"version-history":[{"count":4,"href":"https:\/\/hasamiartigos.com\/pt\/wp-json\/wp\/v2\/product\/7159\/revisions"}],"predecessor-version":[{"id":7846,"href":"https:\/\/hasamiartigos.com\/pt\/wp-json\/wp\/v2\/product\/7159\/revisions\/7846"}],"wp:featuredmedia":[{"embeddable":true,"href":"https:\/\/hasamiartigos.com\/pt\/wp-json\/wp\/v2\/media\/7808"}],"wp:attachment":[{"href":"https:\/\/hasamiartigos.com\/pt\/wp-json\/wp\/v2\/media?parent=7159"}],"wp:term":[{"taxonomy":"product_brand","embeddable":true,"href":"https:\/\/hasamiartigos.com\/pt\/wp-json\/wp\/v2\/product_brand?post=7159"},{"taxonomy":"product_cat","embeddable":true,"href":"https:\/\/hasamiartigos.com\/pt\/wp-json\/wp\/v2\/product_cat?post=7159"},{"taxonomy":"product_tag","embeddable":true,"href":"https:\/\/hasamiartigos.com\/pt\/wp-json\/wp\/v2\/product_tag?post=7159"}],"curies":[{"name":"wp","href":"https:\/\/api.w.org\/{rel}","templated":true}]}}