{"id":7161,"date":"2024-03-27T19:26:24","date_gmt":"2024-03-27T19:26:24","guid":{"rendered":"https:\/\/hasamiartigos.com\/?post_type=product&#038;p=7161"},"modified":"2025-11-11T05:09:36","modified_gmt":"2025-11-11T05:09:36","slug":"uno-blue","status":"publish","type":"product","link":"https:\/\/hasamiartigos.com\/pt\/produto\/uno-blue\/","title":{"rendered":"UNO BLUE"},"content":{"rendered":"<p><strong>Portuguese<\/strong><\/p>\n<p><strong>M\u00e1quina de barbear m\u00f3vel SC Stylecraft Uno Single Foil azul<\/strong><\/p>\n<p>Corte super rente, mantendo at\u00e9 a pele mais sens\u00edvel livre de borbulhas, p\u00ealos encravados ou irrita\u00e7\u00e3o da pele. Design super elegante e leve, inclui um cortador forjado, um cortador crocante, uma bolsa de veludo de pel\u00facia e uma tampa protetora. Apresentando uma recarga r\u00e1pida USB universal de 30 minutos.<\/p>\n<p><strong>O barbeador Uno Single Foil da StyleCraft oferece uma maneira mais r\u00e1pida e conveniente de barbear ou pentear seu cabelo<\/strong><\/p>\n<p><strong>Outras caracter\u00edsticas:<\/strong><\/p>\n<p>Motor de alto torque<br \/>\nL\u00e2mina forjada para poder de corte<br \/>\nL\u00e2mina crocante para corte guiado<br \/>\nUSB recarreg\u00e1vel<br \/>\nFolhas de tit\u00e2nio de ouro hipoalerg\u00eanicas<br \/>\nMicrodimens\u00f5es de tamanho de bolso<br \/>\nTampa protetora para armazenamento e viagens<br \/>\nOpera\u00e7\u00e3o com ou sem fio<\/p>\n<p><strong>Inclui:<\/strong><\/p>\n<p>cortador forjado, cortador crocante, estojo de veludo e tampa protetora<br \/>\nMais de 120 minutos de energia com recarga r\u00e1pida de 30 minutos<\/p>\n<p><!--more--><\/p>\n<p><strong>English<\/strong><\/p>\n<p><strong>Stylecraft Rogue Cutting Machine<\/strong><\/p>\n<p><strong>Other features:<\/strong><br \/>\nDouble Black Diamond DLC Fade Blade stays cooler, rust-free, and sharper longer with a DLC shallow-tooth cutter blade<br \/>\nLithium-ion battery offers 120 minutes of cordless life with a 105-minute quick charge<br \/>\nFully adjustable zero clearance<br \/>\nCustomizable Modular Body Capabilities<br \/>\nErgonomic design<br \/>\nLow noise and low vibration<br \/>\nCustomizable click or freestyle lever control with 5 detent positions<br \/>\nDesigned and Engineered in the USA<\/p>\n<p><strong>Includes:<\/strong><\/p>\n<ul>\n<li>clipper<\/li>\n<li>DLC fade blade<\/li>\n<li>DLC shallow cutter<\/li>\n<li>5 magnetic combs (1\/16&#8243;, 1\/8&#8243;, 1\/4&#8243;, 3\/8&#8243;, 1\/2&#8243;)<\/li>\n<li>charging cable<\/li>\n<li>cleaning kit \/maintenance<\/li>\n<\/ul>","protected":false},"excerpt":{"rendered":"<p>Portuguese M\u00e1quina de barbear m\u00f3vel SC Stylecraft Uno Single Foil azul Corte super rente, mantendo at\u00e9 a pele mais sens\u00edvel livre de borbulhas, p\u00ealos encravados ou irrita\u00e7\u00e3o da pele. Design super elegante e leve, inclui um cortador forjado, um cortador crocante, uma bolsa de veludo de pel\u00facia e uma tampa protetora. Apresentando uma recarga r\u00e1pida [&hellip;]<\/p>","protected":false},"featured_media":7815,"comment_status":"open","ping_status":"closed","template":"","meta":[],"product_brand":[],"product_cat":[107,121],"product_tag":[],"class_list":{"0":"post-7161","1":"product","2":"type-product","3":"status-publish","4":"has-post-thumbnail","6":"product_cat-shavers","7":"product_cat-stylecraft","9":"first","10":"instock","11":"shipping-taxable","12":"purchasable","13":"product-type-simple"},"acf":[],"_links":{"self":[{"href":"https:\/\/hasamiartigos.com\/pt\/wp-json\/wp\/v2\/product\/7161","targetHints":{"allow":["GET"]}}],"collection":[{"href":"https:\/\/hasamiartigos.com\/pt\/wp-json\/wp\/v2\/product"}],"about":[{"href":"https:\/\/hasamiartigos.com\/pt\/wp-json\/wp\/v2\/types\/product"}],"replies":[{"embeddable":true,"href":"https:\/\/hasamiartigos.com\/pt\/wp-json\/wp\/v2\/comments?post=7161"}],"version-history":[{"count":7,"href":"https:\/\/hasamiartigos.com\/pt\/wp-json\/wp\/v2\/product\/7161\/revisions"}],"predecessor-version":[{"id":7844,"href":"https:\/\/hasamiartigos.com\/pt\/wp-json\/wp\/v2\/product\/7161\/revisions\/7844"}],"wp:featuredmedia":[{"embeddable":true,"href":"https:\/\/hasamiartigos.com\/pt\/wp-json\/wp\/v2\/media\/7815"}],"wp:attachment":[{"href":"https:\/\/hasamiartigos.com\/pt\/wp-json\/wp\/v2\/media?parent=7161"}],"wp:term":[{"taxonomy":"product_brand","embeddable":true,"href":"https:\/\/hasamiartigos.com\/pt\/wp-json\/wp\/v2\/product_brand?post=7161"},{"taxonomy":"product_cat","embeddable":true,"href":"https:\/\/hasamiartigos.com\/pt\/wp-json\/wp\/v2\/product_cat?post=7161"},{"taxonomy":"product_tag","embeddable":true,"href":"https:\/\/hasamiartigos.com\/pt\/wp-json\/wp\/v2\/product_tag?post=7161"}],"curies":[{"name":"wp","href":"https:\/\/api.w.org\/{rel}","templated":true}]}}