{"id":7218,"date":"2024-04-04T18:03:34","date_gmt":"2024-04-04T18:03:34","guid":{"rendered":"https:\/\/hasamiartigos.com\/?post_type=product&#038;p=7218"},"modified":"2025-11-11T05:08:17","modified_gmt":"2025-11-11T05:08:17","slug":"instinct-metal-pink-new","status":"publish","type":"product","link":"https:\/\/hasamiartigos.com\/pt\/produto\/instinct-metal-pink-new\/","title":{"rendered":"INSTINCT METAL PINK NEW"},"content":{"rendered":"<p><strong>Portuguese<\/strong><\/p>\n<p><strong>M\u00e1quina de barbear StyleCraft Professional Instinct Metal Double Foil Rosa<\/strong><\/p>\n<p><strong>Outras caracter\u00edsticas:<\/strong><\/p>\n<p>O IN2 VECTOR MOTOR oferece 11.500 golpes por minuto incompar\u00e1veis<br \/>\nCORPO FULL METAL PESADO amortece o ru\u00eddo e absorve a vibra\u00e7\u00e3o<br \/>\nFolha PREMIUM GOLD TITANIUM com cortador crocante aud\u00edvel<br \/>\nA BATERIA DE \u00cdON DE L\u00cdTIO oferece at\u00e9 2,5 horas de autonomia sem fio com uma recarga de 2 horas<br \/>\nUSB-C RECARREG\u00c1VEL para uso universal em todo o mundo<br \/>\nCOMPAT\u00cdVEL COM suporte de carregamento STYLECRAFT USB-C (vendido separadamente)<\/p>\n<p><strong>Inclui:<\/strong><\/p>\n<p>Barbeador, tampa protetora, cabe\u00e7a em folha de tit\u00e2nio dourado, 2 l\u00e2minas de corte, cabo de carregamento USB-C, escova de limpeza e suporte e cabo de carregamento<br \/>\n<!--more--><\/p>\n<p><strong>English<\/strong><\/p>\n<p><strong>StyleCraft Professional Instinct Metal Double Foil Pink Shaver<\/strong><\/p>\n<p><strong>Other features:<\/strong><br \/>\nIN2 VECTOR MOTOR offers an unmatched 11,500 strokes per minute<br \/>\nHEAVY DUTY FULL METAL BODY dampens noise and absorbs vibration<br \/>\nPREMIUM GOLD TITANIUM foil with audible crunchy cutter<br \/>\nLITHIUM-ION BATTERY delivers up to 2.5 hours of cordless run-time with a 2-hour recharge<br \/>\nUSB-C RECHARGEABLE for universal worldwide use<br \/>\nCOMPATIBLE WITH STYLECRAFT USB-C charging stand (sold separately)<\/p>\n<p><strong>Includes:<\/strong><\/p>\n<p>Shaver, protective cap, Gold Titanium foil head, 2 cutter blades, USB-C charging cord, cleaning brush, and charging stand and cord<\/p>","protected":false},"excerpt":{"rendered":"<p>Portuguese M\u00e1quina de barbear StyleCraft Professional Instinct Metal Double Foil Rosa Outras caracter\u00edsticas: O IN2 VECTOR MOTOR oferece 11.500 golpes por minuto incompar\u00e1veis CORPO FULL METAL PESADO amortece o ru\u00eddo e absorve a vibra\u00e7\u00e3o Folha PREMIUM GOLD TITANIUM com cortador crocante aud\u00edvel A BATERIA DE \u00cdON DE L\u00cdTIO oferece at\u00e9 2,5 horas de autonomia sem [&hellip;]<\/p>","protected":false},"featured_media":7810,"comment_status":"open","ping_status":"closed","template":"","meta":[],"product_brand":[],"product_cat":[107,121],"product_tag":[],"class_list":{"0":"post-7218","1":"product","2":"type-product","3":"status-publish","4":"has-post-thumbnail","6":"product_cat-shavers","7":"product_cat-stylecraft","9":"first","10":"instock","11":"shipping-taxable","12":"purchasable","13":"product-type-simple"},"acf":[],"_links":{"self":[{"href":"https:\/\/hasamiartigos.com\/pt\/wp-json\/wp\/v2\/product\/7218","targetHints":{"allow":["GET"]}}],"collection":[{"href":"https:\/\/hasamiartigos.com\/pt\/wp-json\/wp\/v2\/product"}],"about":[{"href":"https:\/\/hasamiartigos.com\/pt\/wp-json\/wp\/v2\/types\/product"}],"replies":[{"embeddable":true,"href":"https:\/\/hasamiartigos.com\/pt\/wp-json\/wp\/v2\/comments?post=7218"}],"version-history":[{"count":3,"href":"https:\/\/hasamiartigos.com\/pt\/wp-json\/wp\/v2\/product\/7218\/revisions"}],"predecessor-version":[{"id":7842,"href":"https:\/\/hasamiartigos.com\/pt\/wp-json\/wp\/v2\/product\/7218\/revisions\/7842"}],"wp:featuredmedia":[{"embeddable":true,"href":"https:\/\/hasamiartigos.com\/pt\/wp-json\/wp\/v2\/media\/7810"}],"wp:attachment":[{"href":"https:\/\/hasamiartigos.com\/pt\/wp-json\/wp\/v2\/media?parent=7218"}],"wp:term":[{"taxonomy":"product_brand","embeddable":true,"href":"https:\/\/hasamiartigos.com\/pt\/wp-json\/wp\/v2\/product_brand?post=7218"},{"taxonomy":"product_cat","embeddable":true,"href":"https:\/\/hasamiartigos.com\/pt\/wp-json\/wp\/v2\/product_cat?post=7218"},{"taxonomy":"product_tag","embeddable":true,"href":"https:\/\/hasamiartigos.com\/pt\/wp-json\/wp\/v2\/product_tag?post=7218"}],"curies":[{"name":"wp","href":"https:\/\/api.w.org\/{rel}","templated":true}]}}