{"id":7221,"date":"2024-04-04T18:10:09","date_gmt":"2024-04-04T18:10:09","guid":{"rendered":"https:\/\/hasamiartigos.com\/?post_type=product&#038;p=7221"},"modified":"2025-11-11T05:08:34","modified_gmt":"2025-11-11T05:08:34","slug":"prodigy-blue","status":"publish","type":"product","link":"https:\/\/hasamiartigos.com\/pt\/produto\/prodigy-blue\/","title":{"rendered":"PRODIGY BLUE"},"content":{"rendered":"<p><strong>Portuguese<\/strong><\/p>\n<p><strong>M\u00e1quina de barbear SC Stylecraft Wireless Prodigy Met\u00e1lica Azul Mate<\/strong><\/p>\n<p><strong>Outras caracter\u00edsticas:<\/strong><\/p>\n<p>O motor turboalimentado funciona a 9.000 golpes por minuto para um barbear mais potente e menos arrasto.<br \/>\nTecnologia de carregamento sem fio integrada compat\u00edvel com carregadores sem fio QI.<br \/>\nFolhas de tit\u00e2nio douradas de corte superfino, ultrafinas e hipoalerg\u00eanicas mant\u00eam at\u00e9 mesmo a pele mais sens\u00edvel livre de queimaduras de navalha, p\u00ealos encravados ou irrita\u00e7\u00e3o da pele.<br \/>\nAs cabe\u00e7as de corte escalonadas, independentes e com contornos inteligentes ajustam-se a qualquer formato para um barbear mais pr\u00f3ximo e uniforme poss\u00edvel.<br \/>\nA bateria de \u00edons de l\u00edtio oferece o dobro da autonomia padr\u00e3o, com 120 minutos de opera\u00e7\u00e3o sem fio por carga.<br \/>\nCortadores forjados em tit\u00e2nio dourado superiores para maior pot\u00eancia com propriedades hipoalerg\u00eanicas.<\/p>\n<p><strong>Inclui:<\/strong><\/p>\n<p>tampa remov\u00edvel, cabo de carregamento mini USB universal e adaptador.<br \/>\nDesign ergon\u00f4mico com opera\u00e7\u00e3o com ou sem fio.<br \/>\nRecarga r\u00e1pida em apenas 30 minutos.<br \/>\n<!--more--><\/p>\n<p><strong>English<\/strong><\/p>\n<p><strong>SC Stylecraft Wireless Prodigy Foil Shaver Metallic Matt Blue<\/strong><\/p>\n<p><strong>Other features:<\/strong><br \/>\nTurbocharged motor runs at 9,000 strokes per minute for more powerful shaving and less drag.<br \/>\nBuilt-in Wireless Charging technology compatible with QI wireless chargers.<br \/>\nSuper-close cutting, ultra-thin, hypo-allergenic gold titanium foils keep even the most sensitive skin free of razor burns, ingrown hairs, or skin irritation.<br \/>\nStaggered, independent, smart contouring shaver heads adjust to any shape for the closest possible uniform shave.<br \/>\nLithium-ion battery delivers twice the standard runtime, with 120 minutes of cordless operation per charge.<br \/>\nSuperior gold titanium forged cutters for increased power with hypo-allergenic properties.<\/p>\n<p><strong>Includes:<\/strong><\/p>\n<p>removable cap, universal mini usb charging cord, and adapter.<br \/>\nErgonomic design with corded or cordless operation.<br \/>\nRapid recharging in just 30 minutes.<\/p>","protected":false},"excerpt":{"rendered":"<p>Portuguese M\u00e1quina de barbear SC Stylecraft Wireless Prodigy Met\u00e1lica Azul Mate Outras caracter\u00edsticas: O motor turboalimentado funciona a 9.000 golpes por minuto para um barbear mais potente e menos arrasto. Tecnologia de carregamento sem fio integrada compat\u00edvel com carregadores sem fio QI. Folhas de tit\u00e2nio douradas de corte superfino, ultrafinas e hipoalerg\u00eanicas mant\u00eam at\u00e9 mesmo [&hellip;]<\/p>","protected":false},"featured_media":7811,"comment_status":"open","ping_status":"closed","template":"","meta":[],"product_brand":[],"product_cat":[107,121],"product_tag":[],"class_list":{"0":"post-7221","1":"product","2":"type-product","3":"status-publish","4":"has-post-thumbnail","6":"product_cat-shavers","7":"product_cat-stylecraft","9":"first","10":"instock","11":"shipping-taxable","12":"purchasable","13":"product-type-simple"},"acf":[],"_links":{"self":[{"href":"https:\/\/hasamiartigos.com\/pt\/wp-json\/wp\/v2\/product\/7221","targetHints":{"allow":["GET"]}}],"collection":[{"href":"https:\/\/hasamiartigos.com\/pt\/wp-json\/wp\/v2\/product"}],"about":[{"href":"https:\/\/hasamiartigos.com\/pt\/wp-json\/wp\/v2\/types\/product"}],"replies":[{"embeddable":true,"href":"https:\/\/hasamiartigos.com\/pt\/wp-json\/wp\/v2\/comments?post=7221"}],"version-history":[{"count":3,"href":"https:\/\/hasamiartigos.com\/pt\/wp-json\/wp\/v2\/product\/7221\/revisions"}],"predecessor-version":[{"id":7840,"href":"https:\/\/hasamiartigos.com\/pt\/wp-json\/wp\/v2\/product\/7221\/revisions\/7840"}],"wp:featuredmedia":[{"embeddable":true,"href":"https:\/\/hasamiartigos.com\/pt\/wp-json\/wp\/v2\/media\/7811"}],"wp:attachment":[{"href":"https:\/\/hasamiartigos.com\/pt\/wp-json\/wp\/v2\/media?parent=7221"}],"wp:term":[{"taxonomy":"product_brand","embeddable":true,"href":"https:\/\/hasamiartigos.com\/pt\/wp-json\/wp\/v2\/product_brand?post=7221"},{"taxonomy":"product_cat","embeddable":true,"href":"https:\/\/hasamiartigos.com\/pt\/wp-json\/wp\/v2\/product_cat?post=7221"},{"taxonomy":"product_tag","embeddable":true,"href":"https:\/\/hasamiartigos.com\/pt\/wp-json\/wp\/v2\/product_tag?post=7221"}],"curies":[{"name":"wp","href":"https:\/\/api.w.org\/{rel}","templated":true}]}}