{"id":7223,"date":"2024-04-04T18:14:47","date_gmt":"2024-04-04T18:14:47","guid":{"rendered":"https:\/\/hasamiartigos.com\/?post_type=product&#038;p=7223"},"modified":"2025-11-11T05:09:45","modified_gmt":"2025-11-11T05:09:45","slug":"uno-red","status":"publish","type":"product","link":"https:\/\/hasamiartigos.com\/pt\/produto\/uno-red\/","title":{"rendered":"UNO RED"},"content":{"rendered":"<p><strong>Portuguese<\/strong><\/p>\n<p><strong>SC StyleCraft Uno Barbeador de folha \u00fanica USB recarreg\u00e1vel tamanho de viagem vermelho<\/strong><\/p>\n<p>Corte super rente, mantendo at\u00e9 a pele mais sens\u00edvel livre de borbulhas, p\u00ealos encravados ou irrita\u00e7\u00e3o da pele. Design super elegante e leve, inclui um cortador forjado, um cortador crocante, uma bolsa de veludo de pel\u00facia e uma tampa protetora. Apresentando uma recarga r\u00e1pida USB universal de 30 minutos.<\/p>\n<p><strong>O barbeador Uno Single Foil da StyleCraft oferece uma maneira mais r\u00e1pida e conveniente de barbear ou pentear seu cabelo<\/strong><\/p>\n<p><strong>Outras caracter\u00edsticas:<\/strong><\/p>\n<ul>\n<li>Motor de alto torque<\/li>\n<li>L\u00e2mina forjada para poder de corte<\/li>\n<li>L\u00e2mina crocante para corte guiado<\/li>\n<li>USB recarreg\u00e1vel<\/li>\n<li>Folhas de tit\u00e2nio de ouro hipoalerg\u00eanicas<\/li>\n<li>Microdimens\u00f5es de tamanho de bolso<\/li>\n<li>Tampa protetora para armazenamento e viagens<\/li>\n<li>Opera\u00e7\u00e3o com ou sem fio<\/li>\n<\/ul>\n<p><strong>Inclui:<\/strong><\/p>\n<p>cortador forjado, cortador crocante, estojo de veludo e tampa protetora, mais de 120 minutos de energia com recarga r\u00e1pida de 30 minutos<\/p>\n<p><!--more--><\/p>\n<p><strong>English<\/strong><\/p>\n<p><strong>SC StyleCraft Uno Single Foil Shaver USB Rechargeable Travel Size Red<\/strong><\/p>\n<p><strong>Other features:<\/strong><\/p>\n<p>Super close-cutting while keeping even the most sensitive skin free of razor bumps, ingrown hairs or skin irritation. Super sleek, lightweight design, includes a forged cutter, crunchy cutter, a plush velvet bag and protective cap. Featuring a universal USB 30-minute rapid recharge.<\/p>\n<p><b>The Uno Single Foil Shaver by StyleCraft offers a quicker and more convenient way of shaving or grooming your hair<\/b><\/p>\n<div>\n<ul>\n<li>High torque motor<\/li>\n<li>Forged blade for cutting power<\/li>\n<li>Crunchy blade for guided cutting<\/li>\n<li>USB rechargeable<\/li>\n<li>Hypo-allergenic gold titanium foils<\/li>\n<li>Pocket size micro dimensions<\/li>\n<li>Protective cap for storage and travel<\/li>\n<li>Corded or cordless operation<\/li>\n<\/ul>\n<p><strong>Includes:<\/strong><\/p>\n<p>forged cutter, crunchy cutter, velvet carrying case and protective cap, 120+ minutes of power with 30 minute rapid recharge<\/p>\n<p>&nbsp;<\/p>\n<\/div>","protected":false},"excerpt":{"rendered":"<p>Portuguese SC StyleCraft Uno Barbeador de folha \u00fanica USB recarreg\u00e1vel tamanho de viagem vermelho Corte super rente, mantendo at\u00e9 a pele mais sens\u00edvel livre de borbulhas, p\u00ealos encravados ou irrita\u00e7\u00e3o da pele. Design super elegante e leve, inclui um cortador forjado, um cortador crocante, uma bolsa de veludo de pel\u00facia e uma tampa protetora. Apresentando [&hellip;]<\/p>","protected":false},"featured_media":7814,"comment_status":"open","ping_status":"closed","template":"","meta":[],"product_brand":[],"product_cat":[107,121],"product_tag":[],"class_list":{"0":"post-7223","1":"product","2":"type-product","3":"status-publish","4":"has-post-thumbnail","6":"product_cat-shavers","7":"product_cat-stylecraft","9":"first","10":"instock","11":"shipping-taxable","12":"purchasable","13":"product-type-simple"},"acf":[],"_links":{"self":[{"href":"https:\/\/hasamiartigos.com\/pt\/wp-json\/wp\/v2\/product\/7223","targetHints":{"allow":["GET"]}}],"collection":[{"href":"https:\/\/hasamiartigos.com\/pt\/wp-json\/wp\/v2\/product"}],"about":[{"href":"https:\/\/hasamiartigos.com\/pt\/wp-json\/wp\/v2\/types\/product"}],"replies":[{"embeddable":true,"href":"https:\/\/hasamiartigos.com\/pt\/wp-json\/wp\/v2\/comments?post=7223"}],"version-history":[{"count":2,"href":"https:\/\/hasamiartigos.com\/pt\/wp-json\/wp\/v2\/product\/7223\/revisions"}],"predecessor-version":[{"id":7838,"href":"https:\/\/hasamiartigos.com\/pt\/wp-json\/wp\/v2\/product\/7223\/revisions\/7838"}],"wp:featuredmedia":[{"embeddable":true,"href":"https:\/\/hasamiartigos.com\/pt\/wp-json\/wp\/v2\/media\/7814"}],"wp:attachment":[{"href":"https:\/\/hasamiartigos.com\/pt\/wp-json\/wp\/v2\/media?parent=7223"}],"wp:term":[{"taxonomy":"product_brand","embeddable":true,"href":"https:\/\/hasamiartigos.com\/pt\/wp-json\/wp\/v2\/product_brand?post=7223"},{"taxonomy":"product_cat","embeddable":true,"href":"https:\/\/hasamiartigos.com\/pt\/wp-json\/wp\/v2\/product_cat?post=7223"},{"taxonomy":"product_tag","embeddable":true,"href":"https:\/\/hasamiartigos.com\/pt\/wp-json\/wp\/v2\/product_tag?post=7223"}],"curies":[{"name":"wp","href":"https:\/\/api.w.org\/{rel}","templated":true}]}}