{"id":7226,"date":"2024-04-04T18:17:51","date_gmt":"2024-04-04T18:17:51","guid":{"rendered":"https:\/\/hasamiartigos.com\/?post_type=product&#038;p=7226"},"modified":"2025-11-11T05:09:08","modified_gmt":"2025-11-11T05:09:08","slug":"rebel-new-2","status":"publish","type":"product","link":"https:\/\/hasamiartigos.com\/pt\/produto\/rebel-new-2\/","title":{"rendered":"REBEL NEW"},"content":{"rendered":"<p><strong>Portuguese<\/strong><\/p>\n<p><strong>Barbeador Rebel Stylecraft<\/strong><\/p>\n<p><strong>Outras caracter\u00edsticas:<\/strong><\/p>\n<p>Motor muito potente que fornece 11.000 rpm para um barbear mais rente<br \/>\nBateria de i\u00f5es de l\u00edtio com 100 minutos de autonomia e 60 minutos de recarga completa<br \/>\nCabe\u00e7a de folha de tit\u00e2nio ouro hipoalerg\u00eanica, l\u00e2minas de a\u00e7o inoxid\u00e1vel para um barbear suave<br \/>\nConfort\u00e1vel acabamento fosco, bot\u00e3o liga\/desliga que acende quando ligado<br \/>\nFeito e projetado nos EUA.<br \/>\nDimens\u00f5es: 11 x 6,5 x 3 cm<br \/>\nPeso: 150gr.<\/p>\n<p><!--more--><\/p>\n<p><strong>English<\/strong><\/p>\n<p><strong>Shaver Pro Rebel Stylecraft<\/strong><\/p>\n<p><strong>Other features:<\/strong><br \/>\nVery powerful motor that provides 11,000 rpm for the closest shave<br \/>\nLithium-ion battery with 100 minutes of autonomy and 60 minutes of full recharge<br \/>\nHypoallergenic gold titanium foil head, stainless steel blades for a smooth shave<br \/>\nComfortable matte finish, power button that lights up when turned on<br \/>\nMade and designed in the USA.<br \/>\nDimensions: 11 x 6.5 x 3cm<br \/>\nWeight: 150 gr.<\/p>","protected":false},"excerpt":{"rendered":"<p>Portuguese Barbeador Rebel Stylecraft Outras caracter\u00edsticas: Motor muito potente que fornece 11.000 rpm para um barbear mais rente Bateria de i\u00f5es de l\u00edtio com 100 minutos de autonomia e 60 minutos de recarga completa Cabe\u00e7a de folha de tit\u00e2nio ouro hipoalerg\u00eanica, l\u00e2minas de a\u00e7o inoxid\u00e1vel para um barbear suave Confort\u00e1vel acabamento fosco, bot\u00e3o liga\/desliga que [&hellip;]<\/p>","protected":false},"featured_media":7813,"comment_status":"open","ping_status":"closed","template":"","meta":[],"product_brand":[],"product_cat":[107,121],"product_tag":[],"class_list":{"0":"post-7226","1":"product","2":"type-product","3":"status-publish","4":"has-post-thumbnail","6":"product_cat-shavers","7":"product_cat-stylecraft","9":"first","10":"instock","11":"shipping-taxable","12":"purchasable","13":"product-type-simple"},"acf":[],"_links":{"self":[{"href":"https:\/\/hasamiartigos.com\/pt\/wp-json\/wp\/v2\/product\/7226","targetHints":{"allow":["GET"]}}],"collection":[{"href":"https:\/\/hasamiartigos.com\/pt\/wp-json\/wp\/v2\/product"}],"about":[{"href":"https:\/\/hasamiartigos.com\/pt\/wp-json\/wp\/v2\/types\/product"}],"replies":[{"embeddable":true,"href":"https:\/\/hasamiartigos.com\/pt\/wp-json\/wp\/v2\/comments?post=7226"}],"version-history":[{"count":2,"href":"https:\/\/hasamiartigos.com\/pt\/wp-json\/wp\/v2\/product\/7226\/revisions"}],"predecessor-version":[{"id":7836,"href":"https:\/\/hasamiartigos.com\/pt\/wp-json\/wp\/v2\/product\/7226\/revisions\/7836"}],"wp:featuredmedia":[{"embeddable":true,"href":"https:\/\/hasamiartigos.com\/pt\/wp-json\/wp\/v2\/media\/7813"}],"wp:attachment":[{"href":"https:\/\/hasamiartigos.com\/pt\/wp-json\/wp\/v2\/media?parent=7226"}],"wp:term":[{"taxonomy":"product_brand","embeddable":true,"href":"https:\/\/hasamiartigos.com\/pt\/wp-json\/wp\/v2\/product_brand?post=7226"},{"taxonomy":"product_cat","embeddable":true,"href":"https:\/\/hasamiartigos.com\/pt\/wp-json\/wp\/v2\/product_cat?post=7226"},{"taxonomy":"product_tag","embeddable":true,"href":"https:\/\/hasamiartigos.com\/pt\/wp-json\/wp\/v2\/product_tag?post=7226"}],"curies":[{"name":"wp","href":"https:\/\/api.w.org\/{rel}","templated":true}]}}