{"id":7230,"date":"2024-08-28T02:01:34","date_gmt":"2024-08-28T02:01:34","guid":{"rendered":"https:\/\/hasamiartigos.com\/?post_type=product&#038;p=7230"},"modified":"2025-11-11T04:40:35","modified_gmt":"2025-11-11T04:40:35","slug":"instinct-metal-clipper-new-coming-soon","status":"publish","type":"product","link":"https:\/\/hasamiartigos.com\/pt\/produto\/instinct-metal-clipper-new-coming-soon\/","title":{"rendered":"INSTINCT METAL CLIPPER NEW &#8211; Available"},"content":{"rendered":"<p><strong>Portuguese<\/strong><\/p>\n<p><strong>Instinct Clipper &#8211; M\u00e1quina de cortar cabelo sem fio com motor vetorial profissional e controle de torque intuitivo<\/strong><\/p>\n<p><strong>Outras caracter\u00edsticas:<\/strong><\/p>\n<p>MOTOR VETORIAL PROFISSIONAL funciona a 11.500 golpes por minuto<br \/>\nCONTROLE DE TORQUE INTUITIVO detecta resist\u00eancia e ajusta o torque<br \/>\nL\u00e2mina de faper de carbono BLACK DIAMOND com l\u00e2mina m\u00f3vel profunda e fina de carbono Black Diamond<br \/>\nA BATERIA DE \u00cdON DE L\u00cdTIO oferece at\u00e9 4 horas de autonomia com recarga de 2 horas<br \/>\nMICRO-USB recarreg\u00e1vel para uso mundial<br \/>\nL\u00c2MINA ZERO GAP TOTALMENTE AJUST\u00c1VEL para corte e acabamento mais pr\u00f3ximos<\/p>\n<p><strong>Inclui:<\/strong><\/p>\n<p>m\u00e1quina de cortar cabelo, l\u00e2mina Faper Black Diamond Carbon, cortador de dentes profundos e finos Black Diamond Carbon DLC, 8 prote\u00e7\u00f5es magn\u00e9ticas brancas (1\/16\u201d, 1\/8\u201d, 3\/16\u201d, 1\/4\u201d, 3\/8\u201d, 1\/2\u201d, 5\/8\u201d, 3\/4\u201d), tampa da l\u00e2mina, suporte extens\u00edvel, cabo Micro-USB, suporte e cabo de carregamento, kit de limpeza\/manuten\u00e7\u00e3o e chave de fenda, 4 parafusos extras como pe\u00e7as de reposi\u00e7\u00e3o<!--more--><\/p>\n<p><strong>English<\/strong><\/p>\n<p><strong>Instinct Clipper &#8211; Professional Vector Motor Cordless Hair Clipper with Intuitive Torque Control<\/strong><\/p>\n<p><strong>Other features:<\/strong><br \/>\nPROFESSIONAL VECTOR MOTOR runs at 11,500 strokes per minute<br \/>\nINTUITIVE TORQUE CONTROL detects resistance and adjusts torque<br \/>\nBLACK DIAMOND Carbon Faper Blade with Black Diamond Carbon deep slim moving blade<br \/>\nLITHIUM-ION BATTERY delivers up to 4 hours of run-time with 2-hour recharge<br \/>\nMICRO-USB rechargeable for worldwide use<br \/>\nFULLY ADJUSTABLE ZERO GAP BLADE for the closest cut and finish<\/p>\n<p><strong>Includes:<\/strong><\/p>\n<p>INCLUDES: Hair Clipper, Black Diamond Carbon Faper Blade, Black Diamond Carbon DLC deep slim tooth cutter, 8 White magnetic guards (1\/16\u201d, 1\/8\u201d, 3\/16&#8243;, 1\/4\u201d, 3\/8\u201d, 1\/2\u201d, 5\/8&#8243;, 3\/4&#8243;), blade cover, stretch bracket, Micro-USB cord, charging stand and cord, cleaning\/maintenance kit and screwdriver, 4 extra screws as spare parts<\/p>\n<p>&nbsp;<\/p>","protected":false},"excerpt":{"rendered":"<p>Portuguese Instinct Clipper &#8211; M\u00e1quina de cortar cabelo sem fio com motor vetorial profissional e controle de torque intuitivo Outras caracter\u00edsticas: MOTOR VETORIAL PROFISSIONAL funciona a 11.500 golpes por minuto CONTROLE DE TORQUE INTUITIVO detecta resist\u00eancia e ajusta o torque L\u00e2mina de faper de carbono BLACK DIAMOND com l\u00e2mina m\u00f3vel profunda e fina de carbono [&hellip;]<\/p>","protected":false},"featured_media":8100,"comment_status":"open","ping_status":"closed","template":"","meta":[],"product_brand":[],"product_cat":[106,121],"product_tag":[],"class_list":{"0":"post-7230","1":"product","2":"type-product","3":"status-publish","4":"has-post-thumbnail","6":"product_cat-clipper","7":"product_cat-stylecraft","9":"first","10":"instock","11":"sale","12":"featured","13":"shipping-taxable","14":"purchasable","15":"product-type-simple"},"acf":[],"_links":{"self":[{"href":"https:\/\/hasamiartigos.com\/pt\/wp-json\/wp\/v2\/product\/7230","targetHints":{"allow":["GET"]}}],"collection":[{"href":"https:\/\/hasamiartigos.com\/pt\/wp-json\/wp\/v2\/product"}],"about":[{"href":"https:\/\/hasamiartigos.com\/pt\/wp-json\/wp\/v2\/types\/product"}],"replies":[{"embeddable":true,"href":"https:\/\/hasamiartigos.com\/pt\/wp-json\/wp\/v2\/comments?post=7230"}],"version-history":[{"count":5,"href":"https:\/\/hasamiartigos.com\/pt\/wp-json\/wp\/v2\/product\/7230\/revisions"}],"predecessor-version":[{"id":8268,"href":"https:\/\/hasamiartigos.com\/pt\/wp-json\/wp\/v2\/product\/7230\/revisions\/8268"}],"wp:featuredmedia":[{"embeddable":true,"href":"https:\/\/hasamiartigos.com\/pt\/wp-json\/wp\/v2\/media\/8100"}],"wp:attachment":[{"href":"https:\/\/hasamiartigos.com\/pt\/wp-json\/wp\/v2\/media?parent=7230"}],"wp:term":[{"taxonomy":"product_brand","embeddable":true,"href":"https:\/\/hasamiartigos.com\/pt\/wp-json\/wp\/v2\/product_brand?post=7230"},{"taxonomy":"product_cat","embeddable":true,"href":"https:\/\/hasamiartigos.com\/pt\/wp-json\/wp\/v2\/product_cat?post=7230"},{"taxonomy":"product_tag","embeddable":true,"href":"https:\/\/hasamiartigos.com\/pt\/wp-json\/wp\/v2\/product_tag?post=7230"}],"curies":[{"name":"wp","href":"https:\/\/api.w.org\/{rel}","templated":true}]}}