{"id":7241,"date":"2024-04-04T18:39:23","date_gmt":"2024-04-04T18:39:23","guid":{"rendered":"https:\/\/hasamiartigos.com\/?post_type=product&#038;p=7241"},"modified":"2025-11-11T04:43:24","modified_gmt":"2025-11-11T04:43:24","slug":"instinct-x-new","status":"publish","type":"product","link":"https:\/\/hasamiartigos.com\/pt\/produto\/instinct-x-new\/","title":{"rendered":"INSTINCT X NEW"},"content":{"rendered":"<p><strong>Portuguese<\/strong><\/p>\n<p><strong>M\u00e1quina de cortar cabelo profissional StyleCraft Instinct-X<\/strong><\/p>\n<p><strong>Outras caracter\u00edsticas:<\/strong><\/p>\n<p>Montado com uma l\u00e2mina fixa Black Diamond Fade para mistura superior, desbotamento e remo\u00e7\u00e3o de volume e uma l\u00e2mina de corte rasa Black Diamond 2.0 para um corte mais suave e crocante.<br \/>\nO motor Vector oferece 11.500 golpes por minuto incompar\u00e1veis com pot\u00eancia impar\u00e1vel, proporcionando remo\u00e7\u00e3o de massa altamente otimizada em uma \u00fanica passagem.<br \/>\nA l\u00e2mina totalmente ajust\u00e1vel pode ser facilmente zerada para obter o corte e o acabamento mais pr\u00f3ximos.<br \/>\nCaixas adicionais est\u00e3o inclu\u00eddas para 3 mods de cores diferentes e op\u00e7\u00f5es de vitrine de motor transparente.<br \/>\nMotor vetorial com controle intuitivo de torque (ITC) detecta resist\u00eancia e ajusta o torque em milissegundos. Esta resposta de torque din\u00e2mica corta cabelos volumosos e grossos sem esfor\u00e7o<br \/>\nA bateria de \u00edons de l\u00edtio oferece at\u00e9 4 horas de autonomia sem fio com um tempo de recarga de 2 horas (os resultados podem variar com base no uso do Controle Intuitivo de Torque, que aumenta o torque, mas utiliza a vida \u00fatil da bateria).<br \/>\nSuper compacto e leve com um design ergon\u00f4mico para maior conforto.<br \/>\nAlavancas modulares vermelhas, pretas e brancas oferecem op\u00e7\u00f5es personaliz\u00e1veis de desempenho de clique ou conicidade flutuante.<\/p>\n<p>inclui:<\/p>\n<p>8 Protetores magn\u00e9ticos Dub #0 (1\/16&#8243;), #1 (1\/8&#8221;), #1,5 (3\/16&#8221;), #2 (1\/4&#8221;), #3 (3\/8&#8221;) &#8216;), #4 (1\/2&#8221;), #5 (5\/8&#8221;), #6 (3\/4&#8221;), suporte\/cabo de carregamento, 3 alavancas, 3 tampas intercambi\u00e1veis, manual de instru\u00e7\u00f5es,<\/p>\n<p><!--more--><\/p>\n<p><strong>English<\/strong><\/p>\n<p><strong>StyleCraft Instinct-X Professional Hair Clipper<\/strong><\/p>\n<p><strong>Other features:<\/strong><\/p>\n<div class=\"woocommerce-tabs wc-tabs-wrapper\">\n<div id=\"tab-description\" class=\"woocommerce-Tabs-panel woocommerce-Tabs-panel--description panel entry-content wc-tab\" role=\"tabpanel\" aria-labelledby=\"tab-title-description\">\n<p>Assembled with a fixed Black Diamond Fade blade for superior blending, fading and bulk removal and a Black Diamond shallow 2.0 cutting blade for smoothest, crunchiest cutting.<br \/>\nVector motor offers an unmatched 11,500 strokes per minute with unstoppable power, providing highly optimized bulk removal in one pass.<br \/>\nFully adjustable blade can be easily zero gapped for the closest cut and finish.<br \/>\nAdditional housings are included for 3 different color mods and transparent motor showcase options.<br \/>\nVector motor with Intuitive Torque Control (I.T.C.) detects resistance and adjusts torque in milliseconds. This dynamic torque response mows down bulk and thick hair effortlessly<br \/>\nLithium-ion battery delivers up to 4-hours of cordless run-time with a 2-hour recharge time (results may vary based on use of Intuitive Torque Control which increases torque but uses battery life.)<br \/>\nSuper compact and lightweight with an ergonomic design for the ultimate comfort grip.<br \/>\nRed, black, and white modular levers offer customizable click or floating taper performance options.<\/p>\n<p><strong>includes: <\/strong><\/p>\n<p>8 Dub magnetic guards #0 (1\/16\u201d), #1 (1\/8\u2019\u2019), #1.5 (3\/16\u2019\u2019), #2 (1\/4\u2018\u2019), #3 (3\/8\u2018\u2019), #4 (1\/2\u2018\u2019), #5 (5\/8\u2019\u2019), #6 (3\/4\u2018\u2019), charging stand\/cord, 3 levers, 3 interchangeable lids, instruction manual,<\/p>\n<\/div>\n<\/div>\n<section class=\"related products\"><\/section>","protected":false},"excerpt":{"rendered":"<p>A. Cutting head<br \/>\nB. ON\/OFF switch with LED<br \/>\nC. Power supply socket outlet<br \/>\nD. Mini-USB charging outlet (rear, not pictured)<br \/>\nE. USB charging cable<br \/>\nF. AC\/DC adapter with power cable G. Guided combs<br \/>\nH. Mini screwdriver<br \/>\nI. Charging base J. Brush<br \/>\nK. Lubrication oil<br \/>\nL. Lever to adjust the blade<\/p>","protected":false},"featured_media":7830,"comment_status":"open","ping_status":"closed","template":"","meta":[],"product_brand":[],"product_cat":[106,121],"product_tag":[],"class_list":{"0":"post-7241","1":"product","2":"type-product","3":"status-publish","4":"has-post-thumbnail","6":"product_cat-clipper","7":"product_cat-stylecraft","9":"first","10":"instock","11":"sale","12":"featured","13":"shipping-taxable","14":"purchasable","15":"product-type-simple"},"acf":[],"_links":{"self":[{"href":"https:\/\/hasamiartigos.com\/pt\/wp-json\/wp\/v2\/product\/7241","targetHints":{"allow":["GET"]}}],"collection":[{"href":"https:\/\/hasamiartigos.com\/pt\/wp-json\/wp\/v2\/product"}],"about":[{"href":"https:\/\/hasamiartigos.com\/pt\/wp-json\/wp\/v2\/types\/product"}],"replies":[{"embeddable":true,"href":"https:\/\/hasamiartigos.com\/pt\/wp-json\/wp\/v2\/comments?post=7241"}],"version-history":[{"count":4,"href":"https:\/\/hasamiartigos.com\/pt\/wp-json\/wp\/v2\/product\/7241\/revisions"}],"predecessor-version":[{"id":8308,"href":"https:\/\/hasamiartigos.com\/pt\/wp-json\/wp\/v2\/product\/7241\/revisions\/8308"}],"wp:featuredmedia":[{"embeddable":true,"href":"https:\/\/hasamiartigos.com\/pt\/wp-json\/wp\/v2\/media\/7830"}],"wp:attachment":[{"href":"https:\/\/hasamiartigos.com\/pt\/wp-json\/wp\/v2\/media?parent=7241"}],"wp:term":[{"taxonomy":"product_brand","embeddable":true,"href":"https:\/\/hasamiartigos.com\/pt\/wp-json\/wp\/v2\/product_brand?post=7241"},{"taxonomy":"product_cat","embeddable":true,"href":"https:\/\/hasamiartigos.com\/pt\/wp-json\/wp\/v2\/product_cat?post=7241"},{"taxonomy":"product_tag","embeddable":true,"href":"https:\/\/hasamiartigos.com\/pt\/wp-json\/wp\/v2\/product_tag?post=7241"}],"curies":[{"name":"wp","href":"https:\/\/api.w.org\/{rel}","templated":true}]}}