{"id":7243,"date":"2024-04-04T18:41:40","date_gmt":"2024-04-04T18:41:40","guid":{"rendered":"https:\/\/hasamiartigos.com\/?post_type=product&#038;p=7243"},"modified":"2025-11-11T04:45:35","modified_gmt":"2025-11-11T04:45:35","slug":"instinct-2","status":"publish","type":"product","link":"https:\/\/hasamiartigos.com\/pt\/produto\/instinct-2\/","title":{"rendered":"INSTINCT"},"content":{"rendered":"<p><strong>Portuguese<\/strong><\/p>\n<p><strong>Aparador de cabelo sem fio Instinct Professional Vector Motor<br \/>\nRecursos<\/strong><\/p>\n<p><strong>Outras caracter\u00edsticas:<\/strong><\/p>\n<p>PROFESSIONAL VECTOR MOTOR funciona a 11.500 golpes por minuto<br \/>\nO CONTROLE DE TORQUE INTUITIVO detecta a resist\u00eancia e ajusta a pot\u00eancia<br \/>\nL\u00e2mina fixa GOLD TITANIUM Faper com l\u00e2mina m\u00f3vel fina e profunda em Black Diamond Carbon<br \/>\nA BATERIA DE \u00cdONS DE L\u00cdTIO oferece 4 horas de dura\u00e7\u00e3o da bateria com 2 horas de recarga<br \/>\nCarregador MICRO-USB<br \/>\nZERO GAP BLADE totalmente ajust\u00e1vel para o corte e acabamento mais rente<\/p>\n<p><strong>Inclui:<\/strong><\/p>\n<p>Aparador de cabelo, l\u00e2mina Faper Gold Titanium, Black Diamond Carbon DLC Deep Slim Tooth Cutter, 8 protetores magn\u00e9ticos brancos (1\/16&#8243;, 1\/8&#8243;, 3\/16&#8243;, 1\/4&#8243;, 3\/8&#8243;, 1\/2&#8243;, 5\/8&#8243;, 3\/4&#8243;), tampa da l\u00e2mina, suporte el\u00e1stico, cabo Micro-USB, suporte e cabo de carregamento, kit de limpeza\/manuten\u00e7\u00e3o e chave de fenda, 4 parafusos extras como pe\u00e7as de reposi\u00e7\u00e3o<\/p>\n<p><!--more--><\/p>\n<p><strong>English<\/strong><\/p>\n<p><strong>Instinct Professional Vector Motor Cordless Hair Clipper<\/strong><\/p>\n<p><strong>Other features:<\/strong><br \/>\nDouble Black Diamond DLC Fade Blade stays cooler, rust-free, and sharper longer with a DLC shallow-tooth cutter blade<br \/>\nLithium-ion battery offers 120 minutes of cordless life with a 105-minute quick charge<br \/>\nFully adjustable zero clearance<br \/>\nCustomizable Modular Body Capabilities<br \/>\nErgonomic design<br \/>\nLow noise and low vibration<br \/>\nCustomizable click or freestyle lever control with 5 detent positions<br \/>\nDesigned and Engineered in the USA<\/p>\n<p><strong>Includes:<\/strong><br \/>\nHair Clipper, Faper Gold Titanium Blade, Black Diamond Carbon DLC Deep Slim Tooth Cutter, 8 White Magnetic Guards (1\/16&#8243;, 1\/8&#8243;, 3\/16&#8243;, 1\/4&#8243;, 3\/8 &#8220;, 1\/2&#8243;, 5\/8&#8243;, 3\/4&#8221;), blade cover, elastic holder, Micro-USB cable, holder and charging cable, cleaning\/maintenance kit and screwdriver, 4 extra screws as spare parts<\/p>","protected":false},"excerpt":{"rendered":"<p>A nova m\u00e1quina Clipper INSTINCT by Stlylecraft destaca-se pelo seu pequeno tamanho e grande pot\u00eancia<br \/>\nSeu inovador motor VECTOR \u00e9 intuitivo e atinge at\u00e9 11.500 rpm<br \/>\nL\u00e2mina totalmente ajust\u00e1vel Zero Gap para corte rente e acabamento<br \/>\nInclui base de carregamento e 8 pentes magn\u00e9ticos<\/p>","protected":false},"featured_media":7797,"comment_status":"open","ping_status":"closed","template":"","meta":[],"product_brand":[],"product_cat":[106,121],"product_tag":[],"class_list":{"0":"post-7243","1":"product","2":"type-product","3":"status-publish","4":"has-post-thumbnail","6":"product_cat-clipper","7":"product_cat-stylecraft","9":"first","10":"instock","11":"shipping-taxable","12":"purchasable","13":"product-type-simple"},"acf":[],"_links":{"self":[{"href":"https:\/\/hasamiartigos.com\/pt\/wp-json\/wp\/v2\/product\/7243","targetHints":{"allow":["GET"]}}],"collection":[{"href":"https:\/\/hasamiartigos.com\/pt\/wp-json\/wp\/v2\/product"}],"about":[{"href":"https:\/\/hasamiartigos.com\/pt\/wp-json\/wp\/v2\/types\/product"}],"replies":[{"embeddable":true,"href":"https:\/\/hasamiartigos.com\/pt\/wp-json\/wp\/v2\/comments?post=7243"}],"version-history":[{"count":3,"href":"https:\/\/hasamiartigos.com\/pt\/wp-json\/wp\/v2\/product\/7243\/revisions"}],"predecessor-version":[{"id":7828,"href":"https:\/\/hasamiartigos.com\/pt\/wp-json\/wp\/v2\/product\/7243\/revisions\/7828"}],"wp:featuredmedia":[{"embeddable":true,"href":"https:\/\/hasamiartigos.com\/pt\/wp-json\/wp\/v2\/media\/7797"}],"wp:attachment":[{"href":"https:\/\/hasamiartigos.com\/pt\/wp-json\/wp\/v2\/media?parent=7243"}],"wp:term":[{"taxonomy":"product_brand","embeddable":true,"href":"https:\/\/hasamiartigos.com\/pt\/wp-json\/wp\/v2\/product_brand?post=7243"},{"taxonomy":"product_cat","embeddable":true,"href":"https:\/\/hasamiartigos.com\/pt\/wp-json\/wp\/v2\/product_cat?post=7243"},{"taxonomy":"product_tag","embeddable":true,"href":"https:\/\/hasamiartigos.com\/pt\/wp-json\/wp\/v2\/product_tag?post=7243"}],"curies":[{"name":"wp","href":"https:\/\/api.w.org\/{rel}","templated":true}]}}