{"id":7245,"date":"2024-04-04T18:44:50","date_gmt":"2024-04-04T18:44:50","guid":{"rendered":"https:\/\/hasamiartigos.com\/?post_type=product&#038;p=7245"},"modified":"2025-11-11T04:46:39","modified_gmt":"2025-11-11T04:46:39","slug":"saber","status":"publish","type":"product","link":"https:\/\/hasamiartigos.com\/pt\/produto\/saber\/","title":{"rendered":"SABER"},"content":{"rendered":"<p><strong>Portuguese<\/strong><\/p>\n<p><strong>S|C Sabre Cortador de metal digital sem fio com motor sem escova<\/strong><\/p>\n<p><strong>Outras caracter\u00edsticas:<\/strong><\/p>\n<p>Motor digital sem escova de alto torque que funciona a 7.500 RPM<br \/>\nL\u00e2mina de desvanecimento fixa DLC de carbono com diamante negro duplo e cortador de dentes rasos<br \/>\nA bateria de \u00edons de l\u00edtio oferece 6 horas de autonomia sem fio e 2 horas de recarga r\u00e1pida para 3 horas de autonomia<br \/>\nL\u00e2mina totalmente ajust\u00e1vel pode facilmente ter folga zero<br \/>\nKits de suporte c\u00f4nico apertado ou el\u00e1stico para modifica\u00e7\u00f5es c\u00f4nicas longas ou curtas<br \/>\nBaixo ru\u00eddo e vibra\u00e7\u00e3o para conforto e estabilidade<br \/>\nCorpo totalmente met\u00e1lico para servi\u00e7os pesados \u200b\u200bcom op\u00e7\u00e3o de vitrine de motor modular transparente<br \/>\nAlavanca de clique personaliz\u00e1vel ou controle de conicidade estilo livre com 5 posi\u00e7\u00f5es de reten\u00e7\u00e3o<br \/>\n8 pentes magn\u00e9ticos pretos inclu\u00eddos para m\u00e1ximo desempenho<br \/>\nProjetado e projetado nos EUA<\/p>\n<p><strong>Inclui<\/strong>:<br \/>\nClipper, l\u00e2mina de fade DLC preta e dente raso, suporte c\u00f4nico, clique ou alavanca flutuante, 8 pentes magn\u00e9ticos (1\/16\u201d, 1\/8\u201d, 3\/16\u201d, 1\/4\u201d, 3\/8\u201d, 1\/2\u201d, 5\/8\u201d, 3\/4\u201d) suporte\/cabo de carregamento, kit de limpeza\/manuten\u00e7\u00e3o e chave de fenda<\/p>\n<p><!--more--><\/p>\n<p><strong>English<\/strong><\/p>\n<p>S|C Saber Cordless Digital Brushless Motor Metal Clipper<\/p>\n<p><strong>Other features:<\/strong><br \/>\nHigh-torque brushless digital motor that runs at 7,500 RPM<br \/>\nCarbon DLC fixed fading blade with double black diamond and shallow tooth cutter<br \/>\nLithium-ion battery offers 6 hours of cordless runtime and 2 hours of quick charging for 3 hours of runtime<br \/>\nFully adjustable blade can easily have zero backlash<br \/>\nTight or elastic taper support kits for long or short taper modifications<br \/>\nLow noise and vibration for comfort and stability<br \/>\nHeavy-duty all-metal body with clear modular motor showcase option<br \/>\nCustomizable click lever or freestyle taper control with 5 detent positions<br \/>\n8 black magnetic combs included for maximum performance<br \/>\nDesigned and engineered in the USA<\/p>\n<p><strong>Includes:<\/strong><br \/>\nClipper, black DLC fade blade and shallow tooth, tapered holder, click or floating lever, 8 magnetic combs (1\/16&#8243;, 1\/8&#8243;, 3\/16&#8243;, 1\/4&#8243;, 3\/8&#8243;, 1\/ 2\u201d, 5\/8\u201d, 3\/4\u201d) charging stand\/cable, cleaning\/maintenance kit and screwdriver<\/p>","protected":false},"excerpt":{"rendered":"<p>Portuguese S|C Sabre Cortador de metal digital sem fio com motor sem escova Outras caracter\u00edsticas: Motor digital sem escova de alto torque que funciona a 7.500 RPM L\u00e2mina de desvanecimento fixa DLC de carbono com diamante negro duplo e cortador de dentes rasos A bateria de \u00edons de l\u00edtio oferece 6 horas de autonomia sem [&hellip;]<\/p>","protected":false},"featured_media":7798,"comment_status":"open","ping_status":"closed","template":"","meta":[],"product_brand":[],"product_cat":[106,121],"product_tag":[],"class_list":{"0":"post-7245","1":"product","2":"type-product","3":"status-publish","4":"has-post-thumbnail","6":"product_cat-clipper","7":"product_cat-stylecraft","9":"first","10":"instock","11":"shipping-taxable","12":"purchasable","13":"product-type-simple"},"acf":[],"_links":{"self":[{"href":"https:\/\/hasamiartigos.com\/pt\/wp-json\/wp\/v2\/product\/7245","targetHints":{"allow":["GET"]}}],"collection":[{"href":"https:\/\/hasamiartigos.com\/pt\/wp-json\/wp\/v2\/product"}],"about":[{"href":"https:\/\/hasamiartigos.com\/pt\/wp-json\/wp\/v2\/types\/product"}],"replies":[{"embeddable":true,"href":"https:\/\/hasamiartigos.com\/pt\/wp-json\/wp\/v2\/comments?post=7245"}],"version-history":[{"count":3,"href":"https:\/\/hasamiartigos.com\/pt\/wp-json\/wp\/v2\/product\/7245\/revisions"}],"predecessor-version":[{"id":7826,"href":"https:\/\/hasamiartigos.com\/pt\/wp-json\/wp\/v2\/product\/7245\/revisions\/7826"}],"wp:featuredmedia":[{"embeddable":true,"href":"https:\/\/hasamiartigos.com\/pt\/wp-json\/wp\/v2\/media\/7798"}],"wp:attachment":[{"href":"https:\/\/hasamiartigos.com\/pt\/wp-json\/wp\/v2\/media?parent=7245"}],"wp:term":[{"taxonomy":"product_brand","embeddable":true,"href":"https:\/\/hasamiartigos.com\/pt\/wp-json\/wp\/v2\/product_brand?post=7245"},{"taxonomy":"product_cat","embeddable":true,"href":"https:\/\/hasamiartigos.com\/pt\/wp-json\/wp\/v2\/product_cat?post=7245"},{"taxonomy":"product_tag","embeddable":true,"href":"https:\/\/hasamiartigos.com\/pt\/wp-json\/wp\/v2\/product_tag?post=7245"}],"curies":[{"name":"wp","href":"https:\/\/api.w.org\/{rel}","templated":true}]}}