{"id":7247,"date":"2024-04-04T18:48:08","date_gmt":"2024-04-04T18:48:08","guid":{"rendered":"https:\/\/hasamiartigos.com\/?post_type=product&#038;p=7247"},"modified":"2025-11-11T04:47:04","modified_gmt":"2025-11-11T04:47:04","slug":"mythic","status":"publish","type":"product","link":"https:\/\/hasamiartigos.com\/pt\/produto\/mythic\/","title":{"rendered":"MYTHIC"},"content":{"rendered":"<p><strong>Portuguese<\/strong><\/p>\n<p><strong>M\u00e1quina de corte Mythic Stylecraft<\/strong><\/p>\n<p><strong>Caracteristicas:<\/strong><\/p>\n<p>O motor magn\u00e9tico do microchip de 9V funciona a 10.000 rpm com placa PCB atualizada<br \/>\nL\u00e2mina fixa DLC carbono diamante preto duplo com cortador de dente raso<br \/>\nA bateria de \u00edons de l\u00edtio oferece 180 minutos de vida sem fio com uma carga de 2 horas<br \/>\nA l\u00e2mina totalmente ajust\u00e1vel pode ser facilmente reduzida a zero<br \/>\nKits de suportes c\u00f4nicos apertados ou el\u00e1sticos para mods estreitos ou curtos<br \/>\nCorpo de metal completo para servi\u00e7o pesado com op\u00e7\u00e3o de vitrine de motor transparente modular<br \/>\nCone flutuante ou op\u00e7\u00f5es de alavanca de clique<br \/>\n8 escudos magn\u00e9ticos pretos inclu\u00eddos para desempenho m\u00e1ximo<br \/>\nFeito e projetado nos EUA.<\/p>\n<p><strong>Inclui: <\/strong><\/p>\n<p>Clipper, DLC Faper Blade, DLC Shallow Tooth Cutter, Taper Holder, Click ou Float Lever, 8 Pentes Magn\u00e9ticos (1\/16&#8243;, 1\/8&#8243;, 3\/16&#8243;, 1\/4&#8243;, 3\/8&#8243;, Suporte\/cabo de carga de 1\/2&#8243;, 5\/8&#8243;, 3\/4&#8243;), kit de limpeza\/manuten\u00e7\u00e3o e mini chave de fenda<\/p>\n<p><!--more--><\/p>\n<p><strong>English<\/strong><\/p>\n<p><strong>Mythic Stylecraft Cutting Machine<\/strong><\/p>\n<p><strong>Characteristics:<\/strong><\/p>\n<p>9V microchip magnetic motor runs at 10,000rpm with upgraded PCB board<br \/>\nDouble Black Diamond Carbon DLC Fixed Blade with Shallow Tooth Cutter<br \/>\nLithium-ion battery offers 180 minutes of cordless life on a 2-hour charge<br \/>\nFully adjustable blade can be easily reduced to zero<br \/>\nTight or springy tapered bracket kits for narrow or short mods<br \/>\nHeavy-duty full metal body with modular see-through motor showcase option<br \/>\nFloating cone or click lever options<br \/>\n8 black magnetic shields included for maximum performance<br \/>\nMade and designed in the USA.<\/p>\n<p><strong>Includes:<\/strong><\/p>\n<p>Clipper, DLC Faper Blade, DLC Shallow Tooth Cutter, Taper Holder, Click or Float Lever, 8 Magnetic Combs (1\/16&#8243;, 1\/8&#8243;, 3\/16&#8243;, 1\/4&#8243;, 3\/ 8&#8243;, 1\/2&#8243;, 5\/8&#8243;, 3\/4&#8243;) stand\/charging cable, cleaning\/maintenance kit and mini screwdriver<\/p>","protected":false},"excerpt":{"rendered":"<p>O aparador Stylecraft Mythic \u00e9 um aparador sem fio que se destaca por seu design e seu motor turboalimentado de longa dura\u00e7\u00e3o que funciona a 10.000 golpes por minuto.<br \/>\nA l\u00e2mina totalmente ajust\u00e1vel pode ser facilmente zerada para um corte e acabamento perfeitos<br \/>\nBateria de l\u00edtio: 180 minutos de carregamento<br \/>\nInclui 8 pentes magn\u00e9ticos<\/p>","protected":false},"featured_media":7799,"comment_status":"open","ping_status":"closed","template":"","meta":[],"product_brand":[],"product_cat":[106,121],"product_tag":[],"class_list":{"0":"post-7247","1":"product","2":"type-product","3":"status-publish","4":"has-post-thumbnail","6":"product_cat-clipper","7":"product_cat-stylecraft","9":"first","10":"instock","11":"shipping-taxable","12":"purchasable","13":"product-type-simple"},"acf":[],"_links":{"self":[{"href":"https:\/\/hasamiartigos.com\/pt\/wp-json\/wp\/v2\/product\/7247","targetHints":{"allow":["GET"]}}],"collection":[{"href":"https:\/\/hasamiartigos.com\/pt\/wp-json\/wp\/v2\/product"}],"about":[{"href":"https:\/\/hasamiartigos.com\/pt\/wp-json\/wp\/v2\/types\/product"}],"replies":[{"embeddable":true,"href":"https:\/\/hasamiartigos.com\/pt\/wp-json\/wp\/v2\/comments?post=7247"}],"version-history":[{"count":3,"href":"https:\/\/hasamiartigos.com\/pt\/wp-json\/wp\/v2\/product\/7247\/revisions"}],"predecessor-version":[{"id":7823,"href":"https:\/\/hasamiartigos.com\/pt\/wp-json\/wp\/v2\/product\/7247\/revisions\/7823"}],"wp:featuredmedia":[{"embeddable":true,"href":"https:\/\/hasamiartigos.com\/pt\/wp-json\/wp\/v2\/media\/7799"}],"wp:attachment":[{"href":"https:\/\/hasamiartigos.com\/pt\/wp-json\/wp\/v2\/media?parent=7247"}],"wp:term":[{"taxonomy":"product_brand","embeddable":true,"href":"https:\/\/hasamiartigos.com\/pt\/wp-json\/wp\/v2\/product_brand?post=7247"},{"taxonomy":"product_cat","embeddable":true,"href":"https:\/\/hasamiartigos.com\/pt\/wp-json\/wp\/v2\/product_cat?post=7247"},{"taxonomy":"product_tag","embeddable":true,"href":"https:\/\/hasamiartigos.com\/pt\/wp-json\/wp\/v2\/product_tag?post=7247"}],"curies":[{"name":"wp","href":"https:\/\/api.w.org\/{rel}","templated":true}]}}