{"id":7252,"date":"2024-04-04T18:54:08","date_gmt":"2024-04-04T18:54:08","guid":{"rendered":"https:\/\/hasamiartigos.com\/?post_type=product&#038;p=7252"},"modified":"2025-11-11T04:49:22","modified_gmt":"2025-11-11T04:49:22","slug":"ergo","status":"publish","type":"product","link":"https:\/\/hasamiartigos.com\/pt\/produto\/ergo\/","title":{"rendered":"ERGO"},"content":{"rendered":"<p><strong>Portuguese<\/strong><\/p>\n<p><strong>M\u00e1quina de corte Ergo Stylecraft<\/strong><\/p>\n<ul>\n<li><strong>Caracteristicas:<\/strong>\n<ul>\n<li>Design c\u00f4nico para cortar cabelo, especialmente para gradientes<\/li>\n<li>Apresentando um tempo de execu\u00e7\u00e3o sem fio de 2 horas com recarga r\u00e1pida de 1 hora<\/li>\n<li>Design ergon\u00f3mico para m\u00e1ximo conforto<\/li>\n<li>Motor magn\u00e9tico de alta velocidade de 10.000 rpm<\/li>\n<li>L\u00e2mina de DLC de carbono de diamante Black<\/li>\n<li>L\u00e2mina ajust\u00e1vel com folga zero<\/li>\n<li>3 kits de corpo personalizados intercambi\u00e1veis<\/li>\n<li>Bateria de \u00edon de l\u00edtio sem fio de 120 minutos<\/li>\n<li>Baixo ru\u00eddo e baixa vibra\u00e7\u00e3o<\/li>\n<li>Feito e projetado nos EUA.<\/li>\n<\/ul>\n<p><!--more--><\/li>\n<\/ul>\n<p><strong>English<\/strong><\/p>\n<p><strong>Ergo Stylecraft cutting machine<\/strong><\/p>\n<p><strong>Characteristics:<\/strong><\/p>\n<ul>\n<li>Tapered design for cutting hair, especially for gradients<\/li>\n<li>Featuring a 2 hour cordless run time with 1 hour quick recharge<\/li>\n<li>Ergonomic design for maximum comfort<\/li>\n<li>10,000 rpm high speed magnetic motor<\/li>\n<li>Black Diamond Carbon DLC Blade<\/li>\n<li>Zero Gap Adjustable Blade<\/li>\n<li>3 interchangeable custom body kits<\/li>\n<li>120 minute cordless lithium ion battery<\/li>\n<li>Low noise and low vibration<\/li>\n<li>Made and designed in the USA.<\/li>\n<\/ul>","protected":false},"excerpt":{"rendered":"<p>Portuguese M\u00e1quina de corte Ergo Stylecraft Caracteristicas: Design c\u00f4nico para cortar cabelo, especialmente para gradientes Apresentando um tempo de execu\u00e7\u00e3o sem fio de 2 horas com recarga r\u00e1pida de 1 hora Design ergon\u00f3mico para m\u00e1ximo conforto Motor magn\u00e9tico de alta velocidade de 10.000 rpm L\u00e2mina de DLC de carbono de diamante Black L\u00e2mina ajust\u00e1vel com [&hellip;]<\/p>","protected":false},"featured_media":7801,"comment_status":"open","ping_status":"closed","template":"","meta":[],"product_brand":[],"product_cat":[106,121],"product_tag":[],"class_list":{"0":"post-7252","1":"product","2":"type-product","3":"status-publish","4":"has-post-thumbnail","6":"product_cat-clipper","7":"product_cat-stylecraft","9":"first","10":"instock","11":"shipping-taxable","12":"purchasable","13":"product-type-simple"},"acf":[],"_links":{"self":[{"href":"https:\/\/hasamiartigos.com\/pt\/wp-json\/wp\/v2\/product\/7252","targetHints":{"allow":["GET"]}}],"collection":[{"href":"https:\/\/hasamiartigos.com\/pt\/wp-json\/wp\/v2\/product"}],"about":[{"href":"https:\/\/hasamiartigos.com\/pt\/wp-json\/wp\/v2\/types\/product"}],"replies":[{"embeddable":true,"href":"https:\/\/hasamiartigos.com\/pt\/wp-json\/wp\/v2\/comments?post=7252"}],"version-history":[{"count":3,"href":"https:\/\/hasamiartigos.com\/pt\/wp-json\/wp\/v2\/product\/7252\/revisions"}],"predecessor-version":[{"id":7820,"href":"https:\/\/hasamiartigos.com\/pt\/wp-json\/wp\/v2\/product\/7252\/revisions\/7820"}],"wp:featuredmedia":[{"embeddable":true,"href":"https:\/\/hasamiartigos.com\/pt\/wp-json\/wp\/v2\/media\/7801"}],"wp:attachment":[{"href":"https:\/\/hasamiartigos.com\/pt\/wp-json\/wp\/v2\/media?parent=7252"}],"wp:term":[{"taxonomy":"product_brand","embeddable":true,"href":"https:\/\/hasamiartigos.com\/pt\/wp-json\/wp\/v2\/product_brand?post=7252"},{"taxonomy":"product_cat","embeddable":true,"href":"https:\/\/hasamiartigos.com\/pt\/wp-json\/wp\/v2\/product_cat?post=7252"},{"taxonomy":"product_tag","embeddable":true,"href":"https:\/\/hasamiartigos.com\/pt\/wp-json\/wp\/v2\/product_tag?post=7252"}],"curies":[{"name":"wp","href":"https:\/\/api.w.org\/{rel}","templated":true}]}}