{"id":7255,"date":"2024-04-04T18:57:11","date_gmt":"2024-04-04T18:57:11","guid":{"rendered":"https:\/\/hasamiartigos.com\/?post_type=product&#038;p=7255"},"modified":"2025-11-11T04:47:44","modified_gmt":"2025-11-11T04:47:44","slug":"rebel","status":"publish","type":"product","link":"https:\/\/hasamiartigos.com\/pt\/produto\/rebel\/","title":{"rendered":"REBEL"},"content":{"rendered":"<p><strong>Portuguese<\/strong><\/p>\n<p><strong>M\u00e1quina de corte Rebel Stylecraft<\/strong><\/p>\n<p><strong>Outras caracter\u00edsticas:<\/strong><\/p>\n<ul>\n<li>Motor rotativo supertorque de 7.200 rpm<\/li>\n<li>L\u00e2mina de corte de dente profundo fina de carbono Black Diamond e l\u00e2mina fixa h\u00edbrida Black Carbon Faper<\/li>\n<li>A bateria de \u00edons de l\u00edtio oferece 3 horas de vida sem fio com uma carga r\u00e1pida de 1 hora<\/li>\n<li>A l\u00e2mina totalmente ajust\u00e1vel pode ser facilmente reduzida a zero<\/li>\n<li>Alavanca de clique personaliz\u00e1vel ou controle de cone de estilo livre com 5 posi\u00e7\u00f5es de reten\u00e7\u00e3o<\/li>\n<li>Suporte universal micro-USB recarreg\u00e1vel e de carregamento<\/li>\n<li>3 op\u00e7\u00f5es de shell adicionais com al\u00e7a para pendurar<\/li>\n<li>Kits de suportes c\u00f4nicos apertados ou el\u00e1sticos<\/li>\n<li>Conjunto de 8 protetores de dublagem magn\u00e9ticos pretos<\/li>\n<li>Feito e projetado nos EUA.<\/li>\n<\/ul>\n<p><strong>INCLUI:<\/strong><\/p>\n<p>Clipper, l\u00e2mina fixa DLC Faper preta, cortador de dente profundo Slim preto DLC, 8 protetores magn\u00e9ticos (1\/16&#8243;, 1\/8&#8243;, 3\/16&#8243;, 1\/4&#8243;, 3\/8&#8243;, 1\/2&#8243;) , 5\/8&#8243;, 3\/4&#8243;), tampa da l\u00e2mina, montagem el\u00e1stica, suporte de carregamento e cabo, kit de limpeza\/manuten\u00e7\u00e3o e chave de fenda<\/p>\n<p><!--more--><\/p>\n<p><strong>English<\/strong><\/p>\n<p><strong>Rebel Stylecraft cutting machine<\/strong><\/p>\n<p><strong>Characteristics<\/strong>:<\/p>\n<ul>\n<li>7,200 rpm super torque rotary motor<\/li>\n<li>Black Diamond Carbon Slim Deep Tooth Cutting Blade and Black Carbon Faper Hybrid Fixed Blade<\/li>\n<li>Lithium-ion battery offers 3 hours of cordless life with a 1-hour quick charge<\/li>\n<li>Fully adjustable blade can be easily reduced to zero<\/li>\n<li>Customizable click lever or freestyle taper control with 5 detent positions<\/li>\n<li>Universal micro-USB rechargeable and charging stand<\/li>\n<li>3 additional shell options with hanging loop<\/li>\n<li>Tight or Elastic Tapered Bracket Kits<\/li>\n<li>Set of 8 black magnetic dubbing protectors<\/li>\n<li>Made and designed in the USA.<\/li>\n<\/ul>\n<p><strong>INCLUDES:<\/strong><\/p>\n<p>Clipper, Black DLC Faper Fixed Blade, Black DLC Slim Deep Tooth Cutter, 8 Magnetic Guards (1\/16&#8243;, 1\/8&#8243;, 3\/16&#8243;, 1\/4&#8243;, 3\/8&#8243;, 1\/2 &#8220;, 5\/8&#8243;, 3\/4&#8221;), blade cover, elastic mount, charging stand and cable, cleaning\/maintenance kit and screwdriver<\/p>","protected":false},"excerpt":{"rendered":"<p>Portuguese M\u00e1quina de corte Rebel Stylecraft Outras caracter\u00edsticas: Motor rotativo supertorque de 7.200 rpm L\u00e2mina de corte de dente profundo fina de carbono Black Diamond e l\u00e2mina fixa h\u00edbrida Black Carbon Faper A bateria de \u00edons de l\u00edtio oferece 3 horas de vida sem fio com uma carga r\u00e1pida de 1 hora A l\u00e2mina totalmente [&hellip;]<\/p>","protected":false},"featured_media":7802,"comment_status":"open","ping_status":"closed","template":"","meta":[],"product_brand":[],"product_cat":[106,121],"product_tag":[],"class_list":{"0":"post-7255","1":"product","2":"type-product","3":"status-publish","4":"has-post-thumbnail","6":"product_cat-clipper","7":"product_cat-stylecraft","9":"first","10":"instock","11":"shipping-taxable","12":"purchasable","13":"product-type-simple"},"acf":[],"_links":{"self":[{"href":"https:\/\/hasamiartigos.com\/pt\/wp-json\/wp\/v2\/product\/7255","targetHints":{"allow":["GET"]}}],"collection":[{"href":"https:\/\/hasamiartigos.com\/pt\/wp-json\/wp\/v2\/product"}],"about":[{"href":"https:\/\/hasamiartigos.com\/pt\/wp-json\/wp\/v2\/types\/product"}],"replies":[{"embeddable":true,"href":"https:\/\/hasamiartigos.com\/pt\/wp-json\/wp\/v2\/comments?post=7255"}],"version-history":[{"count":2,"href":"https:\/\/hasamiartigos.com\/pt\/wp-json\/wp\/v2\/product\/7255\/revisions"}],"predecessor-version":[{"id":7817,"href":"https:\/\/hasamiartigos.com\/pt\/wp-json\/wp\/v2\/product\/7255\/revisions\/7817"}],"wp:featuredmedia":[{"embeddable":true,"href":"https:\/\/hasamiartigos.com\/pt\/wp-json\/wp\/v2\/media\/7802"}],"wp:attachment":[{"href":"https:\/\/hasamiartigos.com\/pt\/wp-json\/wp\/v2\/media?parent=7255"}],"wp:term":[{"taxonomy":"product_brand","embeddable":true,"href":"https:\/\/hasamiartigos.com\/pt\/wp-json\/wp\/v2\/product_brand?post=7255"},{"taxonomy":"product_cat","embeddable":true,"href":"https:\/\/hasamiartigos.com\/pt\/wp-json\/wp\/v2\/product_cat?post=7255"},{"taxonomy":"product_tag","embeddable":true,"href":"https:\/\/hasamiartigos.com\/pt\/wp-json\/wp\/v2\/product_tag?post=7255"}],"curies":[{"name":"wp","href":"https:\/\/api.w.org\/{rel}","templated":true}]}}