{"id":7257,"date":"2024-04-04T18:59:17","date_gmt":"2024-04-04T18:59:17","guid":{"rendered":"https:\/\/hasamiartigos.com\/?post_type=product&#038;p=7257"},"modified":"2025-11-11T04:58:08","modified_gmt":"2025-11-11T04:58:08","slug":"rogue","status":"publish","type":"product","link":"https:\/\/hasamiartigos.com\/pt\/produto\/rogue\/","title":{"rendered":"ROGUE"},"content":{"rendered":"<p><strong>Portuguese<\/strong><\/p>\n<p><strong>M\u00e1quina de corte Rogue Stylecraft<\/strong><\/p>\n<p><strong>Outras caracter\u00edsticas:<\/strong><\/p>\n<p>A l\u00e2mina de desbotamento DLC Double Black Diamond permanece mais fria, sem ferrugem e mais afiada por mais tempo com uma l\u00e2mina de corte DLC de dentes rasos<br \/>\nA bateria de \u00edons de l\u00edtio oferece 120 minutos de vida sem fio com uma carga r\u00e1pida de 105 minutos<br \/>\nFolga zero totalmente ajust\u00e1vel<br \/>\nCapacidades personaliz\u00e1veis do corpo modular<br \/>\nDesign ergon\u00f4mico<br \/>\nBaixo ru\u00eddo e baixa vibra\u00e7\u00e3o<br \/>\nClique personaliz\u00e1vel ou controle de alavanca de estilo livre com 5 posi\u00e7\u00f5es de reten\u00e7\u00e3o<br \/>\nProjetado e projetado nos EUA<\/p>\n<p><strong>Inclui:<\/strong><\/p>\n<ul>\n<li>aparador<\/li>\n<li>l\u00e2mina fade DLC<\/li>\n<li>cortador raso DLC<\/li>\n<li>5 pentes magn\u00e9ticos (1\/16&#8243;, 1\/8&#8243;, 1\/4&#8243;, 3\/8&#8243;, 1\/2&#8243;)<\/li>\n<li>cabo de carregamento<\/li>\n<li>kit de limpeza\/manuten\u00e7\u00e3o<br \/>\n<!--more--><\/li>\n<\/ul>\n<p><strong>English<\/strong><\/p>\n<p><strong>Stylecraft Rogue Cutting Machine<\/strong><\/p>\n<p><strong>Other features:<\/strong><br \/>\nDouble Black Diamond DLC Fade Blade stays cooler, rust-free, and sharper longer with a DLC shallow-tooth cutter blade<br \/>\nLithium-ion battery offers 120 minutes of cordless life with a 105-minute quick charge<br \/>\nFully adjustable zero clearance<br \/>\nCustomizable Modular Body Capabilities<br \/>\nErgonomic design<br \/>\nLow noise and low vibration<br \/>\nCustomizable click or freestyle lever control with 5 detent positions<br \/>\nDesigned and Engineered in the USA<\/p>\n<p><strong>Includes:<\/strong><\/p>\n<ul>\n<li>clipper<\/li>\n<li>DLC fade blade<\/li>\n<li>DLC shallow cutter<\/li>\n<li>5 magnetic combs (1\/16&#8243;, 1\/8&#8243;, 1\/4&#8243;, 3\/8&#8243;, 1\/2&#8243;)<\/li>\n<li>charging cable<\/li>\n<li>cleaning kit \/maintenance<\/li>\n<\/ul>","protected":false},"excerpt":{"rendered":"<p>Portuguese M\u00e1quina de corte Rogue Stylecraft Outras caracter\u00edsticas: A l\u00e2mina de desbotamento DLC Double Black Diamond permanece mais fria, sem ferrugem e mais afiada por mais tempo com uma l\u00e2mina de corte DLC de dentes rasos A bateria de \u00edons de l\u00edtio oferece 120 minutos de vida sem fio com uma carga r\u00e1pida de 105 [&hellip;]<\/p>","protected":false},"featured_media":7803,"comment_status":"open","ping_status":"closed","template":"","meta":[],"product_brand":[],"product_cat":[106,121],"product_tag":[],"class_list":{"0":"post-7257","1":"product","2":"type-product","3":"status-publish","4":"has-post-thumbnail","6":"product_cat-clipper","7":"product_cat-stylecraft","9":"first","10":"instock","11":"shipping-taxable","12":"purchasable","13":"product-type-simple"},"acf":[],"_links":{"self":[{"href":"https:\/\/hasamiartigos.com\/pt\/wp-json\/wp\/v2\/product\/7257","targetHints":{"allow":["GET"]}}],"collection":[{"href":"https:\/\/hasamiartigos.com\/pt\/wp-json\/wp\/v2\/product"}],"about":[{"href":"https:\/\/hasamiartigos.com\/pt\/wp-json\/wp\/v2\/types\/product"}],"replies":[{"embeddable":true,"href":"https:\/\/hasamiartigos.com\/pt\/wp-json\/wp\/v2\/comments?post=7257"}],"version-history":[{"count":3,"href":"https:\/\/hasamiartigos.com\/pt\/wp-json\/wp\/v2\/product\/7257\/revisions"}],"predecessor-version":[{"id":7794,"href":"https:\/\/hasamiartigos.com\/pt\/wp-json\/wp\/v2\/product\/7257\/revisions\/7794"}],"wp:featuredmedia":[{"embeddable":true,"href":"https:\/\/hasamiartigos.com\/pt\/wp-json\/wp\/v2\/media\/7803"}],"wp:attachment":[{"href":"https:\/\/hasamiartigos.com\/pt\/wp-json\/wp\/v2\/media?parent=7257"}],"wp:term":[{"taxonomy":"product_brand","embeddable":true,"href":"https:\/\/hasamiartigos.com\/pt\/wp-json\/wp\/v2\/product_brand?post=7257"},{"taxonomy":"product_cat","embeddable":true,"href":"https:\/\/hasamiartigos.com\/pt\/wp-json\/wp\/v2\/product_cat?post=7257"},{"taxonomy":"product_tag","embeddable":true,"href":"https:\/\/hasamiartigos.com\/pt\/wp-json\/wp\/v2\/product_tag?post=7257"}],"curies":[{"name":"wp","href":"https:\/\/api.w.org\/{rel}","templated":true}]}}