{"id":7342,"date":"2024-04-13T14:47:19","date_gmt":"2024-04-13T14:47:19","guid":{"rendered":"https:\/\/hasamiartigos.com\/?post_type=product&#038;p=7342"},"modified":"2024-06-05T07:59:18","modified_gmt":"2024-06-05T07:59:18","slug":"trimlim-15k-devourer","status":"publish","type":"product","link":"https:\/\/hasamiartigos.com\/pt\/produto\/trimlim-15k-devourer\/","title":{"rendered":"LIM DEVOURER 15K TRIMMER MACHINE"},"content":{"rendered":"<p><strong>Portuguese<\/strong><\/p>\n<p>A m\u00e1quina LIM HAIR TRIMLIM 15k DEVOURER \u00e9 a m\u00e1quina tecnologicamente mais avan\u00e7ada do mercado.<\/p>\n<p>O tipo de motor VECTORIAL sup\u00f5e uma evolu\u00e7\u00e3o do conhecido motor magn\u00e9tico com o sistema ATA de controlo electr\u00f3nico de PAR, de modo que quando aumenta a carga de corte aumenta a pot\u00eancia, aumentando a velocidade de corte entre 11.000 rpm e 15.000 r.p.m.<\/p>\n<p>As l\u00e2minas s\u00e3o de acabamento DIAMOND de m\u00e1xima dureza e precis\u00e3o de corte e s\u00e3o aptas para FADE ou TAPER.<\/p>\n<p>O tamanho \u00e9 muito compacto e o peso muito leve, sendo uma m\u00e1quina muito manuse\u00e1vel.<\/p>\n<p>O consumo de energia \u00e9 baixo, e com a sua bateria de l\u00edtio de \u00faltima gera\u00e7\u00e3o de grande capacidade pode trabalhar durante horas. Imensur\u00e1vel.<\/p>\n<p><strong>CARACTER\u00cdSTICAS:<\/strong><\/p>\n<ul>\n<li>Motor Magn\u00e9tico Vector<\/li>\n<li>Velocidade de corte: 11.000 &#8211; 15.000 rpm<\/li>\n<li>Par: ajuste autom\u00e1tico<\/li>\n<li>DLC Diamond<\/li>\n<li>Corte: &#8211; M\u00ednimo ajustado de f\u00e1brica a 0,1 mm.<\/li>\n<li>Possibilidade de ajuste a 0.0 mm.<\/li>\n<li>Faca para marcar contornos, tra\u00e7ar linhas e desenhos<\/li>\n<li>Uma l\u00e2mina concebida para vis\u00e3o 360<\/li>\n<li>M\u00e3o ergon\u00f3mica<\/li>\n<li>Peso: 177 gramas.<\/li>\n<li>Bateria: LI ION de 2000 mAh.<\/li>\n<li>Carregamento ultra-r\u00e1pido: 80% em 120 minutos<\/li>\n<li>Tempo de trabalho: 120 minutos com 100% de carga<\/li>\n<li>Base de carga<\/li>\n<li>Uso com ou sem cabo<\/li>\n<li>3 Combos Cal\u00e7a<\/li>\n<\/ul>\n<p><!--more--><\/p>\n<p><strong>English<\/strong><\/p>\n<p>The LIM HAIR TRIMLIM 15k DEVOURER machine is the most technologically advanced machine on the market.<\/p>\n<p>The VECTORIAL type of motor is an evolution of the well-known magnetic motor with the ATA electronic PAR control system, so that when the cutting load increases the power increases, increasing the cutting speed between 11,000 and 15,000 rpm r.p.m.<\/p>\n<p>The blades are DIAMOND finishing of maximum hardness and cutting precision and are suitable for FADE or TAPER.<\/p>\n<p>The size is very compact and the weight very light, being a very manageable machine.<br \/>\nEnergy consumption is low, and with its state-of-the-art high capacity lithium battery you can work for hours. It was unbeatable.<\/p>\n<p><strong style=\"font-family: var(--default-font-family);\">CHARACTERISTICS:<\/strong><\/p>\n<ul>\n<li>Magnetic motor vector<\/li>\n<li>Cutting speed: 11,000 to 15,000 rpm<\/li>\n<li>Par: automatically adjusted<\/li>\n<li>Blade by DLC Diamond<\/li>\n<li>Cut: &#8211; Minimum factory set to 0.1 mm.<\/li>\n<li>Possibility of adjustment to 0.0 mm.<\/li>\n<li>Blade for contouring, drawing lines and drawings<\/li>\n<li>Blade designed for 360 vision<\/li>\n<li>Ergonomic grip<\/li>\n<li>Weight: 177 grams.<\/li>\n<li>Battery is a 2000 mAh Li-ion.<\/li>\n<li>Ultra-fast charge: 80% in 120 minutes<\/li>\n<li>Working time: 120 minutes at 100% charge<\/li>\n<li>Use with or without cable<\/li>\n<li>3 combs<\/li>\n<\/ul>","protected":false},"excerpt":{"rendered":"<p>Portuguese A m\u00e1quina LIM HAIR TRIMLIM 15k DEVOURER \u00e9 a m\u00e1quina tecnologicamente mais avan\u00e7ada do mercado. O tipo de motor VECTORIAL sup\u00f5e uma evolu\u00e7\u00e3o do conhecido motor magn\u00e9tico com o sistema ATA de controlo electr\u00f3nico de PAR, de modo que quando aumenta a carga de corte aumenta a pot\u00eancia, aumentando a velocidade de corte entre [&hellip;]<\/p>","protected":false},"featured_media":7701,"comment_status":"open","ping_status":"closed","template":"","meta":[],"product_brand":[],"product_cat":[112,105],"product_tag":[],"class_list":{"0":"post-7342","1":"product","2":"type-product","3":"status-publish","4":"has-post-thumbnail","6":"product_cat-lim","7":"product_cat-maquina-de-acabamento-contorno","9":"first","10":"instock","11":"featured","12":"shipping-taxable","13":"purchasable","14":"product-type-simple"},"acf":[],"_links":{"self":[{"href":"https:\/\/hasamiartigos.com\/pt\/wp-json\/wp\/v2\/product\/7342","targetHints":{"allow":["GET"]}}],"collection":[{"href":"https:\/\/hasamiartigos.com\/pt\/wp-json\/wp\/v2\/product"}],"about":[{"href":"https:\/\/hasamiartigos.com\/pt\/wp-json\/wp\/v2\/types\/product"}],"replies":[{"embeddable":true,"href":"https:\/\/hasamiartigos.com\/pt\/wp-json\/wp\/v2\/comments?post=7342"}],"version-history":[{"count":5,"href":"https:\/\/hasamiartigos.com\/pt\/wp-json\/wp\/v2\/product\/7342\/revisions"}],"predecessor-version":[{"id":8167,"href":"https:\/\/hasamiartigos.com\/pt\/wp-json\/wp\/v2\/product\/7342\/revisions\/8167"}],"wp:featuredmedia":[{"embeddable":true,"href":"https:\/\/hasamiartigos.com\/pt\/wp-json\/wp\/v2\/media\/7701"}],"wp:attachment":[{"href":"https:\/\/hasamiartigos.com\/pt\/wp-json\/wp\/v2\/media?parent=7342"}],"wp:term":[{"taxonomy":"product_brand","embeddable":true,"href":"https:\/\/hasamiartigos.com\/pt\/wp-json\/wp\/v2\/product_brand?post=7342"},{"taxonomy":"product_cat","embeddable":true,"href":"https:\/\/hasamiartigos.com\/pt\/wp-json\/wp\/v2\/product_cat?post=7342"},{"taxonomy":"product_tag","embeddable":true,"href":"https:\/\/hasamiartigos.com\/pt\/wp-json\/wp\/v2\/product_tag?post=7342"}],"curies":[{"name":"wp","href":"https:\/\/api.w.org\/{rel}","templated":true}]}}