{"id":7344,"date":"2024-04-13T15:06:07","date_gmt":"2024-04-13T15:06:07","guid":{"rendered":"https:\/\/hasamiartigos.com\/?post_type=product&#038;p=7344"},"modified":"2025-11-10T10:18:46","modified_gmt":"2025-11-10T10:18:46","slug":"5-star-cordless-detailer","status":"publish","type":"product","link":"https:\/\/hasamiartigos.com\/pt\/produto\/5-star-cordless-detailer\/","title":{"rendered":"Wahl Detailer Cordless"},"content":{"rendered":"<p><strong>Portuguese<\/strong><\/p>\n<p>Wahl Detailer Cordless -A l\u00e2mina em T larga tem revestimentos de tit\u00e2nio e DLC para que as l\u00e2minas permane\u00e7am mais frias, sejam resistentes \u00e0 corros\u00e3o e sejam extremamente fortes<br \/>\nA l\u00e2mina ajust\u00e1vel em largura T pode ser zero-gapped para um corte extremamente Rente.<br \/>\nUsa um poderoso motor de corte de tamanho normal para cortar suavemente todos os tipos de cabelo<br \/>\nOpera por mais de 100 minutos e possui uma bateria de \u00edons de l\u00edtio com carregamento LED inteligente<br \/>\nVem com um suporte de carga elegante, ponderado e que economiza espa\u00e7o<br \/>\nVoltagem: Bivolt<br \/>\nItens Incluso:<br \/>\nM\u00e1quina de Acabamento Wahl Detailer Li Gold profissional de cabo\/sem fio<br \/>\n3 guias de corte T-Wide (1\/16\u2033, 1\/8\u2033, 3\/16\u2033)<br \/>\nSuporte de carga<br \/>\nFerramenta Pro-Set<br \/>\nEscova de limpeza<br \/>\nFonte de alimenta\u00e7\u00e3o<br \/>\n\u00d3leo<br \/>\nManual de Instru\u00e7\u00f5es<br \/>\nGuarda de L\u00e2mina Vermelha<\/p>\n<p><!--more--><\/p>\n<p><strong>English<\/strong><\/p>\n<p>Wahl Detailer Cordless -A l\u00e2mina em T larga tem revestimentos de tit\u00e2nio e DLC para que as l\u00e2minas permane\u00e7am mais frias, sejam resistentes \u00e0 corros\u00e3o e sejam extremamente fortes<br \/>\nA l\u00e2mina ajust\u00e1vel em largura T pode ser zero-gapped para um corte extremamente Rente.<br \/>\nUsa um poderoso motor de corte de tamanho normal para cortar suavemente todos os tipos de cabelo<br \/>\nOpera por mais de 100 minutos e possui uma bateria de \u00edons de l\u00edtio com carregamento LED inteligente<br \/>\nVem com um suporte de carga elegante, ponderado e que economiza espa\u00e7o<br \/>\nVoltagem: Bivolt<br \/>\nItens Incluso:<br \/>\nM\u00e1quina de Acabamento Wahl Detailer Li Gold profissional de cabo\/sem fio<br \/>\n3 guias de corte T-Wide (1\/16\u2033, 1\/8\u2033, 3\/16\u2033)<br \/>\nSuporte de carga<br \/>\nFerramenta Pro-Set<br \/>\nEscova de limpeza<br \/>\nFonte de alimenta\u00e7\u00e3o<br \/>\n\u00d3leo<br \/>\nManual de Instru\u00e7\u00f5es<br \/>\nGuarda de L\u00e2mina Vermelha<\/p>","protected":false},"excerpt":{"rendered":"<p>Portuguese Wahl Detailer Cordless -A l\u00e2mina em T larga tem revestimentos de tit\u00e2nio e DLC para que as l\u00e2minas permane\u00e7am mais frias, sejam resistentes \u00e0 corros\u00e3o e sejam extremamente fortes A l\u00e2mina ajust\u00e1vel em largura T pode ser zero-gapped para um corte extremamente Rente. Usa um poderoso motor de corte de tamanho normal para cortar [&hellip;]<\/p>","protected":false},"featured_media":7693,"comment_status":"open","ping_status":"closed","template":"","meta":[],"product_brand":[],"product_cat":[105,113],"product_tag":[],"class_list":{"0":"post-7344","1":"product","2":"type-product","3":"status-publish","4":"has-post-thumbnail","6":"product_cat-maquina-de-acabamento-contorno","7":"product_cat-wahl","9":"first","10":"instock","11":"featured","12":"shipping-taxable","13":"purchasable","14":"product-type-simple"},"acf":[],"_links":{"self":[{"href":"https:\/\/hasamiartigos.com\/pt\/wp-json\/wp\/v2\/product\/7344","targetHints":{"allow":["GET"]}}],"collection":[{"href":"https:\/\/hasamiartigos.com\/pt\/wp-json\/wp\/v2\/product"}],"about":[{"href":"https:\/\/hasamiartigos.com\/pt\/wp-json\/wp\/v2\/types\/product"}],"replies":[{"embeddable":true,"href":"https:\/\/hasamiartigos.com\/pt\/wp-json\/wp\/v2\/comments?post=7344"}],"version-history":[{"count":3,"href":"https:\/\/hasamiartigos.com\/pt\/wp-json\/wp\/v2\/product\/7344\/revisions"}],"predecessor-version":[{"id":7761,"href":"https:\/\/hasamiartigos.com\/pt\/wp-json\/wp\/v2\/product\/7344\/revisions\/7761"}],"wp:featuredmedia":[{"embeddable":true,"href":"https:\/\/hasamiartigos.com\/pt\/wp-json\/wp\/v2\/media\/7693"}],"wp:attachment":[{"href":"https:\/\/hasamiartigos.com\/pt\/wp-json\/wp\/v2\/media?parent=7344"}],"wp:term":[{"taxonomy":"product_brand","embeddable":true,"href":"https:\/\/hasamiartigos.com\/pt\/wp-json\/wp\/v2\/product_brand?post=7344"},{"taxonomy":"product_cat","embeddable":true,"href":"https:\/\/hasamiartigos.com\/pt\/wp-json\/wp\/v2\/product_cat?post=7344"},{"taxonomy":"product_tag","embeddable":true,"href":"https:\/\/hasamiartigos.com\/pt\/wp-json\/wp\/v2\/product_tag?post=7344"}],"curies":[{"name":"wp","href":"https:\/\/api.w.org\/{rel}","templated":true}]}}