{"id":7356,"date":"2024-04-13T15:07:01","date_gmt":"2024-04-13T15:07:01","guid":{"rendered":"https:\/\/hasamiartigos.com\/?post_type=product&#038;p=7356"},"modified":"2025-10-29T04:43:36","modified_gmt":"2025-10-29T04:43:36","slug":"5-star-cordless-magic-clip","status":"publish","type":"product","link":"https:\/\/hasamiartigos.com\/pt\/produto\/5-star-cordless-magic-clip\/","title":{"rendered":"Wahl Magic Clip Sem Fios Profissional M\u00e1quina Corte"},"content":{"rendered":"<p><strong>Portuguese<\/strong><\/p>\n<ul>\n<li>M\u00e1quina sem fios<\/li>\n<li>Modelo 8148<\/li>\n<li>90 minutos em uso assim continuo.<\/li>\n<li>Cortes precisos, l\u00e2minas diferenciadas e ultrarrente, a Magic Clip alcan\u00e7a o corte zero<\/li>\n<li>M\u00e1quina de corte com motor V5000 de alta performance<\/li>\n<li>Possui assim alavanca de regulagem de altura e oito pentes de incluindo o pente 1\/2<\/li>\n<li>Produto assim ergon\u00f3mico em a\u00e7o inoxid\u00e1vel\u203a<\/li>\n<li>M\u00e1quina da linha ent\u00e3o 5 Stars, Best seller nos EUA<\/li>\n<\/ul>\n<p>Com os \u201cdentes de corte\u201d assim envolvidos no cabelo, cria ent\u00e3o uma textura \u00fanica enquanto faz o corte.<\/p>\n<p><!--more--><\/p>\n<p><strong>English<\/strong><\/p>\n<ul>\n<li>Cordless machine<\/li>\n<li>Model 8148<\/li>\n<li>90 minutes of use so I continue.<\/li>\n<li>Precise cuts, differentiated and ultra-thin blades, the Magic Clip achieves zero cutting<\/li>\n<li>Cutting machine with high performance V5000 engine<\/li>\n<li>It has a height adjustment lever and eight combs, including a 1\/2 comb.<\/li>\n<li>This ergonomic product in stainless steel<\/li>\n<li>So 5 Stars line machine, Best seller in the USA<\/li>\n<\/ul>\n<p>With the \u201ccutting teeth\u201d wrapped around the hair, it then creates a unique texture while cutting.<\/p>","protected":false},"excerpt":{"rendered":"<p>Portuguese M\u00e1quina sem fios Modelo 8148 90 minutos em uso assim continuo. Cortes precisos, l\u00e2minas diferenciadas e ultrarrente, a Magic Clip alcan\u00e7a o corte zero M\u00e1quina de corte com motor V5000 de alta performance Possui assim alavanca de regulagem de altura e oito pentes de incluindo o pente 1\/2 Produto assim ergon\u00f3mico em a\u00e7o inoxid\u00e1vel\u203a [&hellip;]<\/p>","protected":false},"featured_media":7694,"comment_status":"open","ping_status":"closed","template":"","meta":[],"product_brand":[],"product_cat":[106,113],"product_tag":[],"class_list":{"0":"post-7356","1":"product","2":"type-product","3":"status-publish","4":"has-post-thumbnail","6":"product_cat-clipper","7":"product_cat-wahl","9":"first","10":"instock","11":"shipping-taxable","12":"purchasable","13":"product-type-simple"},"acf":[],"_links":{"self":[{"href":"https:\/\/hasamiartigos.com\/pt\/wp-json\/wp\/v2\/product\/7356","targetHints":{"allow":["GET"]}}],"collection":[{"href":"https:\/\/hasamiartigos.com\/pt\/wp-json\/wp\/v2\/product"}],"about":[{"href":"https:\/\/hasamiartigos.com\/pt\/wp-json\/wp\/v2\/types\/product"}],"replies":[{"embeddable":true,"href":"https:\/\/hasamiartigos.com\/pt\/wp-json\/wp\/v2\/comments?post=7356"}],"version-history":[{"count":3,"href":"https:\/\/hasamiartigos.com\/pt\/wp-json\/wp\/v2\/product\/7356\/revisions"}],"predecessor-version":[{"id":7759,"href":"https:\/\/hasamiartigos.com\/pt\/wp-json\/wp\/v2\/product\/7356\/revisions\/7759"}],"wp:featuredmedia":[{"embeddable":true,"href":"https:\/\/hasamiartigos.com\/pt\/wp-json\/wp\/v2\/media\/7694"}],"wp:attachment":[{"href":"https:\/\/hasamiartigos.com\/pt\/wp-json\/wp\/v2\/media?parent=7356"}],"wp:term":[{"taxonomy":"product_brand","embeddable":true,"href":"https:\/\/hasamiartigos.com\/pt\/wp-json\/wp\/v2\/product_brand?post=7356"},{"taxonomy":"product_cat","embeddable":true,"href":"https:\/\/hasamiartigos.com\/pt\/wp-json\/wp\/v2\/product_cat?post=7356"},{"taxonomy":"product_tag","embeddable":true,"href":"https:\/\/hasamiartigos.com\/pt\/wp-json\/wp\/v2\/product_tag?post=7356"}],"curies":[{"name":"wp","href":"https:\/\/api.w.org\/{rel}","templated":true}]}}