{"id":7358,"date":"2024-04-13T15:09:06","date_gmt":"2024-04-13T15:09:06","guid":{"rendered":"https:\/\/hasamiartigos.com\/?post_type=product&#038;p=7358"},"modified":"2025-11-10T10:18:53","modified_gmt":"2025-11-10T10:18:53","slug":"5-star-cordless-senior","status":"publish","type":"product","link":"https:\/\/hasamiartigos.com\/pt\/produto\/5-star-cordless-senior\/","title":{"rendered":"Wahl Senior Maquina de Corte Sem Fio"},"content":{"rendered":"<p><strong>Portuguese<\/strong><\/p>\n<p>Wahl Senior Maquina de Corte Sem Fio.Para uso profissional,.<\/p>\n<p>L\u00e2mina com escova para limpeza,frasco de \u00f3leo lubrificante.<br \/>\nCarregador com 3 Pentes Premium \u00bd (1 \u00bd mm.) 1 (3 mm.) 1 \u00bd (4 \u00bd mm.)<\/p>\n<p><strong>Caracter\u00edsticas:<\/strong><\/p>\n<ul>\n<li>Caixa de metal assim com maior resist\u00eancia e e tamb\u00e9m com resfriamento.<\/li>\n<li>Bateria de alta durabilidade assim com mais efici\u00eancia, sem efeito de mem\u00f3ria.<\/li>\n<li>70 minutos de trabalho cont\u00ednuo e apenas 120 minutos para uma carga completa.<\/li>\n<li>Motor rotativo DC de 6.500 RPM.\u2022 Tens\u00e3o de 100 a 240 V.<\/li>\n<li>Largura de corte 48 mm.\u2022 Comprimento do cabo 2,40 m.<\/li>\n<li>Peso 365 g.\u2022 Comprimento de corte: 0,8 a 2,5 mm.<\/li>\n<li>L\u00e2minas FADE, de alta precis\u00e3o cromada com alavanca c\u00f4nica.<\/li>\n<\/ul>\n<p><!--more--><\/p>\n<p><strong>English<\/strong><\/p>\n<p>Wahl Senior Cordless Cutting Machine. For professional use.<\/p>\n<p>Blade with cleaning brush, bottle of lubricating oil.<br \/>\nMagazine with 3 Premium Combs \u00bd (1 \u00bd mm.) 1 (3 mm.) 1 \u00bd (4 \u00bd mm.)<\/p>\n<p><strong>Characteristics:<\/strong><\/p>\n<ul>\n<li>Metal case with greater resistance and also with cooling.<\/li>\n<li>High durability battery so more efficient, without memory effect.<\/li>\n<li>70 minutes of continuous work and only 120 minutes for a full charge.<\/li>\n<li>6,500 RPM DC rotary motor. | Voltage from 100 to 240 V.<\/li>\n<li>Cutting width 48 mm. | Cable length 2.40 m.<\/li>\n<li>Weight 365 g. | Cutting length: 0.8 to 2.5 mm.<\/li>\n<li>FADE blades, high precision chrome plated with conical lever.<\/li>\n<\/ul>","protected":false},"excerpt":{"rendered":"<p>Portuguese Wahl Senior Maquina de Corte Sem Fio.Para uso profissional,. L\u00e2mina com escova para limpeza,frasco de \u00f3leo lubrificante. Carregador com 3 Pentes Premium \u00bd (1 \u00bd mm.) 1 (3 mm.) 1 \u00bd (4 \u00bd mm.) Caracter\u00edsticas: Caixa de metal assim com maior resist\u00eancia e e tamb\u00e9m com resfriamento. Bateria de alta durabilidade assim com mais [&hellip;]<\/p>","protected":false},"featured_media":7695,"comment_status":"open","ping_status":"closed","template":"","meta":[],"product_brand":[],"product_cat":[106,113],"product_tag":[],"class_list":{"0":"post-7358","1":"product","2":"type-product","3":"status-publish","4":"has-post-thumbnail","6":"product_cat-clipper","7":"product_cat-wahl","9":"first","10":"instock","11":"featured","12":"shipping-taxable","13":"purchasable","14":"product-type-simple"},"acf":[],"_links":{"self":[{"href":"https:\/\/hasamiartigos.com\/pt\/wp-json\/wp\/v2\/product\/7358","targetHints":{"allow":["GET"]}}],"collection":[{"href":"https:\/\/hasamiartigos.com\/pt\/wp-json\/wp\/v2\/product"}],"about":[{"href":"https:\/\/hasamiartigos.com\/pt\/wp-json\/wp\/v2\/types\/product"}],"replies":[{"embeddable":true,"href":"https:\/\/hasamiartigos.com\/pt\/wp-json\/wp\/v2\/comments?post=7358"}],"version-history":[{"count":3,"href":"https:\/\/hasamiartigos.com\/pt\/wp-json\/wp\/v2\/product\/7358\/revisions"}],"predecessor-version":[{"id":7757,"href":"https:\/\/hasamiartigos.com\/pt\/wp-json\/wp\/v2\/product\/7358\/revisions\/7757"}],"wp:featuredmedia":[{"embeddable":true,"href":"https:\/\/hasamiartigos.com\/pt\/wp-json\/wp\/v2\/media\/7695"}],"wp:attachment":[{"href":"https:\/\/hasamiartigos.com\/pt\/wp-json\/wp\/v2\/media?parent=7358"}],"wp:term":[{"taxonomy":"product_brand","embeddable":true,"href":"https:\/\/hasamiartigos.com\/pt\/wp-json\/wp\/v2\/product_brand?post=7358"},{"taxonomy":"product_cat","embeddable":true,"href":"https:\/\/hasamiartigos.com\/pt\/wp-json\/wp\/v2\/product_cat?post=7358"},{"taxonomy":"product_tag","embeddable":true,"href":"https:\/\/hasamiartigos.com\/pt\/wp-json\/wp\/v2\/product_tag?post=7358"}],"curies":[{"name":"wp","href":"https:\/\/api.w.org\/{rel}","templated":true}]}}