{"id":7360,"date":"2024-04-13T15:12:39","date_gmt":"2024-04-13T15:12:39","guid":{"rendered":"https:\/\/hasamiartigos.com\/?post_type=product&#038;p=7360"},"modified":"2025-11-10T10:18:57","modified_gmt":"2025-11-10T10:18:57","slug":"5-star-legend-cliper","status":"publish","type":"product","link":"https:\/\/hasamiartigos.com\/pt\/produto\/5-star-legend-cliper\/","title":{"rendered":"Wahl Legend Cordless Clipper Sem Fios"},"content":{"rendered":"<p><strong>Portuguese<\/strong><\/p>\n<p>Wahl Legend Cordless Clipper Sem Fios baseia-se no incr\u00edvel desempenho da vers\u00e3o principal para proporcionar um corte soberbo sem amarras. \u00c9 a mais recente adi\u00e7\u00e3o \u00e0 s\u00e9rie 5 estrelas da Wahl que atende \u00e0s necessidades do barbeiro mais exigente.<\/p>\n<p>Como a vers\u00e3o de rede, a Legend Cordless \u00e9 constru\u00edda em torno de um motor dur\u00e1vel e potente. Isso \u00e9 alimentado por uma bateria de \u00edon de l\u00edtio de alto desempenho, oferecendo 100 minutos de tempo de execu\u00e7\u00e3o e precisando de apenas 60 minutos para recarregar.<\/p>\n<p>As l\u00e2minas da Legend Cordless usa a tecnologia \u201cCrunch Blade\u201d da Wahl, combinada com a famosa l\u00e2mina de cunha da Legend, para oferecer \u00e2ngulos de corte exclusivos para um corte mais brusco e um corte uniforme e misturado. O \u00e2ngulo mais raso das l\u00e2minas e as ranhuras de corte mais longas proporcionam maior precis\u00e3o, enquanto o alcance c\u00f4nico especialmente projetado da Cordless Legend oferece um desvanecimento de amplo alcance mais curto, mais preciso e estendido.<\/p>\n<p>Vem com um conjunto de 10 pentes de corte Wahl Premium (#1\u20138, #\u00bd e #1\u00bd) que s\u00e3o feitos com material de engenharia para serem 70% mais fortes que os pentes Wahl padr\u00e3o. Suas abas de metal com tecnologia Secure-fit\u00ae garantem que os pentes tenham um aperto super forte na l\u00e2mina, evitando que eles se soltem enquanto voc\u00ea trabalha.<\/p>\n<p>Na caixa, voc\u00ea encontrar\u00e1 um pente de topo plano, protetor de l\u00e2mina, escova de limpeza e \u00f3leo.<\/p>\n<p><!--more--><\/p>\n<p><strong>English<\/strong><\/p>\n<p>Wahl Legend Cordless Clipper builds on the incredible performance of the flagship version to deliver superb trimming without strings attached. It&#8217;s the latest addition to Wahl&#8217;s 5-Star series that meets the needs of the most discerning barber.<\/p>\n<p>Like the hammock version, the Legend Cordless is built around a durable and powerful motor. This is powered by a high-performance lithium-ion battery, offering 100 minutes of runtime and needing just 60 minutes to recharge.<\/p>\n<p>The Legend Cordless blades use Wahl&#8217;s \u201cCrunch Blade\u201d technology, combined with Legend&#8217;s famous wedge blade, to offer unique cutting angles for blunter cutting and an even, blended cut. The blades&#8217; shallower angle and longer cutting grooves provide greater precision, while the Cordless Legend&#8217;s specially designed tapered reach offers a shorter, more accurate, and extended wide-range fade.<\/p>\n<p>Comes with a set of 10 Wahl Premium Cutting Combs (#1\u20138, #\u00bd and #1\u00bd) that are engineered to be 70% stronger than standard Wahl combs. Its metal tabs with Secure-fit\u00ae technology ensure the combs have a super strong grip on the blade, preventing them from coming loose while you work.<\/p>\n<p>In the box, you will find a flat-top comb, blade guard, cleaning brush, and oil.<\/p>","protected":false},"excerpt":{"rendered":"<p>Portuguese Wahl Legend Cordless Clipper Sem Fios baseia-se no incr\u00edvel desempenho da vers\u00e3o principal para proporcionar um corte soberbo sem amarras. \u00c9 a mais recente adi\u00e7\u00e3o \u00e0 s\u00e9rie 5 estrelas da Wahl que atende \u00e0s necessidades do barbeiro mais exigente. Como a vers\u00e3o de rede, a Legend Cordless \u00e9 constru\u00edda em torno de um motor [&hellip;]<\/p>","protected":false},"featured_media":7696,"comment_status":"open","ping_status":"closed","template":"","meta":[],"product_brand":[],"product_cat":[106,113],"product_tag":[],"class_list":{"0":"post-7360","1":"product","2":"type-product","3":"status-publish","4":"has-post-thumbnail","6":"product_cat-clipper","7":"product_cat-wahl","9":"first","10":"instock","11":"featured","12":"shipping-taxable","13":"purchasable","14":"product-type-simple"},"acf":[],"_links":{"self":[{"href":"https:\/\/hasamiartigos.com\/pt\/wp-json\/wp\/v2\/product\/7360","targetHints":{"allow":["GET"]}}],"collection":[{"href":"https:\/\/hasamiartigos.com\/pt\/wp-json\/wp\/v2\/product"}],"about":[{"href":"https:\/\/hasamiartigos.com\/pt\/wp-json\/wp\/v2\/types\/product"}],"replies":[{"embeddable":true,"href":"https:\/\/hasamiartigos.com\/pt\/wp-json\/wp\/v2\/comments?post=7360"}],"version-history":[{"count":3,"href":"https:\/\/hasamiartigos.com\/pt\/wp-json\/wp\/v2\/product\/7360\/revisions"}],"predecessor-version":[{"id":7755,"href":"https:\/\/hasamiartigos.com\/pt\/wp-json\/wp\/v2\/product\/7360\/revisions\/7755"}],"wp:featuredmedia":[{"embeddable":true,"href":"https:\/\/hasamiartigos.com\/pt\/wp-json\/wp\/v2\/media\/7696"}],"wp:attachment":[{"href":"https:\/\/hasamiartigos.com\/pt\/wp-json\/wp\/v2\/media?parent=7360"}],"wp:term":[{"taxonomy":"product_brand","embeddable":true,"href":"https:\/\/hasamiartigos.com\/pt\/wp-json\/wp\/v2\/product_brand?post=7360"},{"taxonomy":"product_cat","embeddable":true,"href":"https:\/\/hasamiartigos.com\/pt\/wp-json\/wp\/v2\/product_cat?post=7360"},{"taxonomy":"product_tag","embeddable":true,"href":"https:\/\/hasamiartigos.com\/pt\/wp-json\/wp\/v2\/product_tag?post=7360"}],"curies":[{"name":"wp","href":"https:\/\/api.w.org\/{rel}","templated":true}]}}