{"id":7362,"date":"2024-04-13T15:16:25","date_gmt":"2024-04-13T15:16:25","guid":{"rendered":"https:\/\/hasamiartigos.com\/?post_type=product&#038;p=7362"},"modified":"2025-11-10T10:19:00","modified_gmt":"2025-11-10T10:19:00","slug":"5-star-vanish-shaver","status":"publish","type":"product","link":"https:\/\/hasamiartigos.com\/pt\/produto\/5-star-vanish-shaver\/","title":{"rendered":"Wahl Vanish Shaver sem Fios"},"content":{"rendered":"<p><strong>Portuguese<\/strong><\/p>\n<p><strong>Wahl Vanish Shaver sem Fios<\/strong><\/p>\n<ol>\n<li>Wahl Vanish Shaver sem Fios-Um sistema de suspens\u00e3o inovador permite que as barras de corte se movam de forma independente, abra\u00e7ando cada pesco\u00e7o e contorno facial para fazer desaparecer at\u00e9 o \u00faltimo fio de cabelo.<\/li>\n<li>Wahl Vanish Shaver sem Fios apresenta novas barras de l\u00e2minas pop-out independentes. Economize tempo e dinheiro em manuten\u00e7\u00e3o, substituindo l\u00e2minas individuais em vez de cabe\u00e7as de corte completas.<\/li>\n<li>Com um tempo de execu\u00e7\u00e3o de mais de 100 com uma \u00fanica carga, o 5 Star Vanish \u2013 alimentado por uma bateria de \u00edon de l\u00edtio premium \u2013 far\u00e1 com que a maioria dos barbeiros passe um dia t\u00edpico sem recarga.<\/li>\n<li>Nada estraga mais o fluxo de trabalho do que o n\u00edvel de carga desconhecido. Equipamos o 5 Star Vanish com um medidor de combust\u00edvel grande, brilhante e de f\u00e1cil leitura bem na frente, para que voc\u00ea possa se concentrar no acabamento.<\/li>\n<li>Para os profissionais em tr\u00e2nsito, nossa op\u00e7\u00e3o Travel Lock impede que o 5 Star Vanish ligue acidentalmente e drene a energia. Pegar um avi\u00e3o? Sem problemas. A bateria est\u00e1 em conformidade com todos os regulamentos de viagem.<\/li>\n<li>Ergonomicamente projetado para uso durante todo o dia, o 5 Star Vanish tamb\u00e9m possui al\u00e7as para os dedos para ajudar a manter voc\u00ea no controle total nos detalhes finais.<\/li>\n<\/ol>\n<p><!--more--><\/p>\n<p><strong>English<\/strong><\/p>\n<ol>\n<li>Wahl Vanish Shaver Cordless &#8211; An innovative suspension system allows the shaving bars to move independently, hugging every neck and facial contour to make every last hair disappear.<\/li>\n<li>Wahl Vanish Cordless Shaver features new freestanding pop-out blade bars. Save time and money on maintenance by replacing individual blades instead of entire shaving heads.<\/li>\n<li>With a runtime of over 100 on a single charge, the 5 Star Vanish \u2013 powered by a premium lithium-ion battery \u2013 will get most barbers through a typical day without a recharge.<\/li>\n<li>Nothing ruins your workflow more than an unknown load level. We equipped the 5 Star Vanish with a big, bright, easy-to-read fuel gauge right up front so you can focus on the finish.<\/li>\n<li>For professionals on the go, our Travel Lock option prevents the 5 Star Vanish from accidentally turning on and draining power. Take an airplane? No problem. The battery complies with all travel regulations.<\/li>\n<li>Ergonomically designed for all-day use, the 5 Star Vanish also features finger grips to help keep you in full control of the final details.<\/li>\n<\/ol>","protected":false},"excerpt":{"rendered":"<p>Portuguese Wahl Vanish Shaver sem Fios Wahl Vanish Shaver sem Fios-Um sistema de suspens\u00e3o inovador permite que as barras de corte se movam de forma independente, abra\u00e7ando cada pesco\u00e7o e contorno facial para fazer desaparecer at\u00e9 o \u00faltimo fio de cabelo. Wahl Vanish Shaver sem Fios apresenta novas barras de l\u00e2minas pop-out independentes. Economize tempo [&hellip;]<\/p>","protected":false},"featured_media":7697,"comment_status":"open","ping_status":"closed","template":"","meta":[],"product_brand":[],"product_cat":[107,113],"product_tag":[],"class_list":{"0":"post-7362","1":"product","2":"type-product","3":"status-publish","4":"has-post-thumbnail","6":"product_cat-shavers","7":"product_cat-wahl","9":"first","10":"instock","11":"featured","12":"shipping-taxable","13":"purchasable","14":"product-type-simple"},"acf":[],"_links":{"self":[{"href":"https:\/\/hasamiartigos.com\/pt\/wp-json\/wp\/v2\/product\/7362","targetHints":{"allow":["GET"]}}],"collection":[{"href":"https:\/\/hasamiartigos.com\/pt\/wp-json\/wp\/v2\/product"}],"about":[{"href":"https:\/\/hasamiartigos.com\/pt\/wp-json\/wp\/v2\/types\/product"}],"replies":[{"embeddable":true,"href":"https:\/\/hasamiartigos.com\/pt\/wp-json\/wp\/v2\/comments?post=7362"}],"version-history":[{"count":3,"href":"https:\/\/hasamiartigos.com\/pt\/wp-json\/wp\/v2\/product\/7362\/revisions"}],"predecessor-version":[{"id":7753,"href":"https:\/\/hasamiartigos.com\/pt\/wp-json\/wp\/v2\/product\/7362\/revisions\/7753"}],"wp:featuredmedia":[{"embeddable":true,"href":"https:\/\/hasamiartigos.com\/pt\/wp-json\/wp\/v2\/media\/7697"}],"wp:attachment":[{"href":"https:\/\/hasamiartigos.com\/pt\/wp-json\/wp\/v2\/media?parent=7362"}],"wp:term":[{"taxonomy":"product_brand","embeddable":true,"href":"https:\/\/hasamiartigos.com\/pt\/wp-json\/wp\/v2\/product_brand?post=7362"},{"taxonomy":"product_cat","embeddable":true,"href":"https:\/\/hasamiartigos.com\/pt\/wp-json\/wp\/v2\/product_cat?post=7362"},{"taxonomy":"product_tag","embeddable":true,"href":"https:\/\/hasamiartigos.com\/pt\/wp-json\/wp\/v2\/product_tag?post=7362"}],"curies":[{"name":"wp","href":"https:\/\/api.w.org\/{rel}","templated":true}]}}