{"id":7366,"date":"2024-04-13T15:27:24","date_gmt":"2024-04-13T15:27:24","guid":{"rendered":"https:\/\/hasamiartigos.com\/?post_type=product&#038;p=7366"},"modified":"2024-06-06T06:42:03","modified_gmt":"2024-06-06T06:42:03","slug":"cliipper-fresh-fade-2020c-golden","status":"publish","type":"product","link":"https:\/\/hasamiartigos.com\/pt\/produto\/cliipper-fresh-fade-2020c-golden\/","title":{"rendered":"JRL CLIIPPER FRESH FADE 2020C GOLDEN"},"content":{"rendered":"<p><strong>Portuguese<\/strong><\/p>\n<p><strong>JRL Maquina de Corte Cordless FF2020C<\/strong><\/p>\n<ul class=\"a-unordered-list a-vertical a-spacing-mini\">\n<li><span class=\"a-list-item\">Tecnologia Fresh-Fade.<\/span><\/li>\n<li><span class=\"a-list-item\">Dura\u00e7\u00e3o da bateria: 4 horas.<\/span><\/li>\n<li><span class=\"a-list-item\">Fun\u00e7\u00e3o avan\u00e7ada de bloqueio de alavanca para um ajuste est\u00e1vel.<\/span><\/li>\n<li><span class=\"a-list-item\">L\u00e2minas de tit\u00e2nio.<\/span><\/li>\n<li><span class=\"a-list-item\">7,200 rpm (rota\u00e7\u00f5es por minuto).<\/span><\/li>\n<li><span class=\"a-list-item\">Motor silencioso.<\/span><\/li>\n<\/ul>\n<p><!--more--><\/p>\n<p><strong>English<\/strong><\/p>\n<p><strong>JRL Cordless Cutting Machine FF2020C<\/strong><\/p>\n<ul>\n<li>Fresh-Fade Technology.<\/li>\n<li>Battery life: 4 hours.<\/li>\n<li>Advanced lever lock function for stable adjustment.<\/li>\n<li>Titanium blades.<\/li>\n<li>7,200 rpm (revolutions per minute).<\/li>\n<li>Silent engine.<\/li>\n<\/ul>","protected":false},"excerpt":{"rendered":"<p>Portuguese JRL Maquina de Corte Cordless FF2020C Tecnologia Fresh-Fade. Dura\u00e7\u00e3o da bateria: 4 horas. Fun\u00e7\u00e3o avan\u00e7ada de bloqueio de alavanca para um ajuste est\u00e1vel. L\u00e2minas de tit\u00e2nio. 7,200 rpm (rota\u00e7\u00f5es por minuto). Motor silencioso.<\/p>","protected":false},"featured_media":7689,"comment_status":"open","ping_status":"closed","template":"","meta":[],"product_brand":[],"product_cat":[111,106],"product_tag":[],"class_list":{"0":"post-7366","1":"product","2":"type-product","3":"status-publish","4":"has-post-thumbnail","6":"product_cat-jrl","7":"product_cat-clipper","9":"first","10":"instock","11":"featured","12":"shipping-taxable","13":"purchasable","14":"product-type-simple"},"acf":[],"_links":{"self":[{"href":"https:\/\/hasamiartigos.com\/pt\/wp-json\/wp\/v2\/product\/7366","targetHints":{"allow":["GET"]}}],"collection":[{"href":"https:\/\/hasamiartigos.com\/pt\/wp-json\/wp\/v2\/product"}],"about":[{"href":"https:\/\/hasamiartigos.com\/pt\/wp-json\/wp\/v2\/types\/product"}],"replies":[{"embeddable":true,"href":"https:\/\/hasamiartigos.com\/pt\/wp-json\/wp\/v2\/comments?post=7366"}],"version-history":[{"count":3,"href":"https:\/\/hasamiartigos.com\/pt\/wp-json\/wp\/v2\/product\/7366\/revisions"}],"predecessor-version":[{"id":7776,"href":"https:\/\/hasamiartigos.com\/pt\/wp-json\/wp\/v2\/product\/7366\/revisions\/7776"}],"wp:featuredmedia":[{"embeddable":true,"href":"https:\/\/hasamiartigos.com\/pt\/wp-json\/wp\/v2\/media\/7689"}],"wp:attachment":[{"href":"https:\/\/hasamiartigos.com\/pt\/wp-json\/wp\/v2\/media?parent=7366"}],"wp:term":[{"taxonomy":"product_brand","embeddable":true,"href":"https:\/\/hasamiartigos.com\/pt\/wp-json\/wp\/v2\/product_brand?post=7366"},{"taxonomy":"product_cat","embeddable":true,"href":"https:\/\/hasamiartigos.com\/pt\/wp-json\/wp\/v2\/product_cat?post=7366"},{"taxonomy":"product_tag","embeddable":true,"href":"https:\/\/hasamiartigos.com\/pt\/wp-json\/wp\/v2\/product_tag?post=7366"}],"curies":[{"name":"wp","href":"https:\/\/api.w.org\/{rel}","templated":true}]}}