{"id":7375,"date":"2024-04-13T15:47:24","date_gmt":"2024-04-13T15:47:24","guid":{"rendered":"https:\/\/hasamiartigos.com\/?post_type=product&#038;p=7375"},"modified":"2024-06-05T07:58:42","modified_gmt":"2024-06-05T07:58:42","slug":"hair-clipper-onyx","status":"publish","type":"product","link":"https:\/\/hasamiartigos.com\/pt\/produto\/hair-clipper-onyx\/","title":{"rendered":"JRL HAIR CLIPPER ONYX 2020C-B Cutting Machine"},"content":{"rendered":"<p><strong>Portuguese<\/strong><\/p>\n<p><strong>M\u00e1quina de corte JRL ONYX FF 2020C-B<\/strong><\/p>\n<p>A M\u00e1quina de Corte JRL ONYX FF 2020C-B \u00e9 a escolha dos profissionais. Este Clipper, com tecnologia \u201cReset IQ Charge\u201d que prolonga a vida \u00fatil da bateria, l\u00e2minas de alta precis\u00e3o e diversos recursos inovadores, esta m\u00e1quina oferece cortes precisos e duradouros. Seu motor silencioso, display LED e baixo n\u00edvel de ru\u00eddo tornam o trabalho confort\u00e1vel e eficiente.<\/p>\n<p><strong>Dados t\u00e9cnicos:<\/strong><br \/>\nVelocidade de rota\u00e7\u00e3o: 6.000 &#8211; 7.500 rpm.<br \/>\nTempo de uso: 300 minutos.<br \/>\nBateria: 3,6V, 3500mAh<br \/>\nBarulho:<br \/>\nPot\u00eancia: 11W<br \/>\nPeso: 282g.<br \/>\nTempo de carregamento: 3h de carga r\u00e1pida, 5h de carga de redefini\u00e7\u00e3o de QI.<br \/>\nEntrada do adaptador: 100 &#8211; 240 V ~. Sa\u00edda: CC 5V, 2A.<br \/>\nTipo de motor: rotativo.<br \/>\nFrequ\u00eancia: 50\/60 Hz.<br \/>\nTecnologia Cool Blade. Mant\u00e9m a l\u00e2mina fria ao toque.<br \/>\nTecnologia Smart-Clip. Ele detecta a resist\u00eancia da l\u00e2mina e acelera a velocidade do motor ao detectar cabelos mais grossos.<\/p>\n<p>&nbsp;<\/p>\n<p><!--more--><\/p>\n<p><strong>English<\/strong><\/p>\n<p><strong>JRL ONYX FF 2020C-B cutting machine<\/strong><\/p>\n<p>The JRL ONYX FF 2020C-B Cutting Machine is the choice of professionals. This Clipper, with &#8220;Reset IQ Charge&#8221; technology that extends battery life, high-precision blades, and various innovative features, this machine offers precise and long-lasting cuts. Its silent motor, LED display and low noise level make work comfortable and efficient.<\/p>\n<p><strong>Technical data:<\/strong><br \/>\nRotation Speed: 6000 &#8211; 7500 rpm.<br \/>\nUse time: 300 min.<br \/>\nBattery: 3.6V, 3500mAh<br \/>\nNoise:<br \/>\nPower: 11W<br \/>\nWeight: 282g.<br \/>\nCharging time: 3h fast charge, 5h IQ reset charge.<br \/>\nAdapter input: 100 &#8211; 240 V ~. Output: DC 5V, 2A.<br \/>\nMotor type: rotary.<br \/>\nFrequency: 50\/60 Hz.<br \/>\nCool Blade Technology. Keeps the blade cool to the touch.<br \/>\nSmart-Clip technology. It senses blade resistance and speeds up the motor speed when it detects thicker hair.<\/p>\n<p>&nbsp;<\/p>","protected":false},"excerpt":{"rendered":"<p>Portuguese M\u00e1quina de corte JRL ONYX FF 2020C-B A M\u00e1quina de Corte JRL ONYX FF 2020C-B \u00e9 a escolha dos profissionais. Este Clipper, com tecnologia \u201cReset IQ Charge\u201d que prolonga a vida \u00fatil da bateria, l\u00e2minas de alta precis\u00e3o e diversos recursos inovadores, esta m\u00e1quina oferece cortes precisos e duradouros. Seu motor silencioso, display LED [&hellip;]<\/p>","protected":false},"featured_media":7685,"comment_status":"open","ping_status":"closed","template":"","meta":[],"product_brand":[],"product_cat":[111,106],"product_tag":[],"class_list":{"0":"post-7375","1":"product","2":"type-product","3":"status-publish","4":"has-post-thumbnail","6":"product_cat-jrl","7":"product_cat-clipper","9":"first","10":"instock","11":"featured","12":"shipping-taxable","13":"purchasable","14":"product-type-simple"},"acf":[],"_links":{"self":[{"href":"https:\/\/hasamiartigos.com\/pt\/wp-json\/wp\/v2\/product\/7375","targetHints":{"allow":["GET"]}}],"collection":[{"href":"https:\/\/hasamiartigos.com\/pt\/wp-json\/wp\/v2\/product"}],"about":[{"href":"https:\/\/hasamiartigos.com\/pt\/wp-json\/wp\/v2\/types\/product"}],"replies":[{"embeddable":true,"href":"https:\/\/hasamiartigos.com\/pt\/wp-json\/wp\/v2\/comments?post=7375"}],"version-history":[{"count":6,"href":"https:\/\/hasamiartigos.com\/pt\/wp-json\/wp\/v2\/product\/7375\/revisions"}],"predecessor-version":[{"id":7769,"href":"https:\/\/hasamiartigos.com\/pt\/wp-json\/wp\/v2\/product\/7375\/revisions\/7769"}],"wp:featuredmedia":[{"embeddable":true,"href":"https:\/\/hasamiartigos.com\/pt\/wp-json\/wp\/v2\/media\/7685"}],"wp:attachment":[{"href":"https:\/\/hasamiartigos.com\/pt\/wp-json\/wp\/v2\/media?parent=7375"}],"wp:term":[{"taxonomy":"product_brand","embeddable":true,"href":"https:\/\/hasamiartigos.com\/pt\/wp-json\/wp\/v2\/product_brand?post=7375"},{"taxonomy":"product_cat","embeddable":true,"href":"https:\/\/hasamiartigos.com\/pt\/wp-json\/wp\/v2\/product_cat?post=7375"},{"taxonomy":"product_tag","embeddable":true,"href":"https:\/\/hasamiartigos.com\/pt\/wp-json\/wp\/v2\/product_tag?post=7375"}],"curies":[{"name":"wp","href":"https:\/\/api.w.org\/{rel}","templated":true}]}}