{"id":7703,"date":"2024-05-03T17:29:47","date_gmt":"2024-05-03T17:29:47","guid":{"rendered":"https:\/\/hasamiartigos.com\/?post_type=product&#038;p=7703"},"modified":"2024-08-24T19:06:00","modified_gmt":"2024-08-24T19:06:00","slug":"combo-kit-2020-gold-collection","status":"publish","type":"product","link":"https:\/\/hasamiartigos.com\/pt\/produto\/combo-kit-2020-gold-collection\/","title":{"rendered":"JRL Cordless FF 2020 Gold Collection"},"content":{"rendered":"<p><strong>Portuguese<\/strong><\/p>\n<p><strong>JRL KIT Maquina de Corte e Contornos Cordless FF 2020 Gold Collection<\/strong><\/p>\n<p>Inclu\u00eddo um de cada:<\/p>\n<ul>\n<li>1 cortador Gold 2020C<\/li>\n<li>1 aparador Gold 2020T com l\u00e2mina EZ-GAP<\/li>\n<li>1 base de carregamento<\/li>\n<li>1 chave de fenda<\/li>\n<li>1 escova<\/li>\n<li>1 \u00f3leo lubrificante<\/li>\n<li>1 protetor de l\u00e2mina<\/li>\n<li>1 conjunto de protetores de pente<\/li>\n<\/ul>\n<p><!--more--><\/p>\n<p><strong>English<\/strong><\/p>\n<p><strong>JRL Cordless FF 2020 Gold Collection<\/strong><\/p>\n<p><span style=\"font-family: var(--default-font-family);\">Included one of each:<\/span><\/p>\n<ul>\n<li>1 Gold 2020C clipper<\/li>\n<li>1 Gold 2020T trimmer with EZ-GAP blade<\/li>\n<li>charging base<\/li>\n<li>1 screwdriver<\/li>\n<li>1 brush<\/li>\n<li>1 lubricating oil<\/li>\n<li>1 blade protector<\/li>\n<li>1 set of comb protectors<\/li>\n<\/ul>","protected":false},"excerpt":{"rendered":"<p>Portuguese JRL KIT Maquina de Corte e Contornos Cordless FF 2020 Gold Collection Inclu\u00eddo um de cada: 1 cortador Gold 2020C 1 aparador Gold 2020T com l\u00e2mina EZ-GAP 1 base de carregamento 1 chave de fenda 1 escova 1 \u00f3leo lubrificante 1 protetor de l\u00e2mina 1 conjunto de protetores de pente<\/p>","protected":false},"featured_media":7688,"comment_status":"open","ping_status":"closed","template":"","meta":[],"product_brand":[],"product_cat":[111],"product_tag":[],"class_list":{"0":"post-7703","1":"product","2":"type-product","3":"status-publish","4":"has-post-thumbnail","6":"product_cat-jrl","8":"first","9":"instock","10":"featured","11":"shipping-taxable","12":"purchasable","13":"product-type-simple"},"acf":[],"_links":{"self":[{"href":"https:\/\/hasamiartigos.com\/pt\/wp-json\/wp\/v2\/product\/7703","targetHints":{"allow":["GET"]}}],"collection":[{"href":"https:\/\/hasamiartigos.com\/pt\/wp-json\/wp\/v2\/product"}],"about":[{"href":"https:\/\/hasamiartigos.com\/pt\/wp-json\/wp\/v2\/types\/product"}],"replies":[{"embeddable":true,"href":"https:\/\/hasamiartigos.com\/pt\/wp-json\/wp\/v2\/comments?post=7703"}],"version-history":[{"count":2,"href":"https:\/\/hasamiartigos.com\/pt\/wp-json\/wp\/v2\/product\/7703\/revisions"}],"predecessor-version":[{"id":7763,"href":"https:\/\/hasamiartigos.com\/pt\/wp-json\/wp\/v2\/product\/7703\/revisions\/7763"}],"wp:featuredmedia":[{"embeddable":true,"href":"https:\/\/hasamiartigos.com\/pt\/wp-json\/wp\/v2\/media\/7688"}],"wp:attachment":[{"href":"https:\/\/hasamiartigos.com\/pt\/wp-json\/wp\/v2\/media?parent=7703"}],"wp:term":[{"taxonomy":"product_brand","embeddable":true,"href":"https:\/\/hasamiartigos.com\/pt\/wp-json\/wp\/v2\/product_brand?post=7703"},{"taxonomy":"product_cat","embeddable":true,"href":"https:\/\/hasamiartigos.com\/pt\/wp-json\/wp\/v2\/product_cat?post=7703"},{"taxonomy":"product_tag","embeddable":true,"href":"https:\/\/hasamiartigos.com\/pt\/wp-json\/wp\/v2\/product_tag?post=7703"}],"curies":[{"name":"wp","href":"https:\/\/api.w.org\/{rel}","templated":true}]}}