{"id":7965,"date":"2024-05-21T18:58:16","date_gmt":"2024-05-21T18:58:16","guid":{"rendered":"https:\/\/hasamiartigos.com\/?post_type=product&#038;p=7965"},"modified":"2024-06-21T07:30:14","modified_gmt":"2024-06-21T07:30:14","slug":"bird-scissors-incredible-eyebrow-aesthetics-beauty","status":"publish","type":"product","link":"https:\/\/hasamiartigos.com\/pt\/produto\/bird-scissors-incredible-eyebrow-aesthetics-beauty\/","title":{"rendered":"Tesoura P\u00e1ssaro Para Sobrancelha Incr\u00edvel Est\u00e9tica E Beleza"},"content":{"rendered":"","protected":false},"excerpt":{"rendered":"","protected":false},"featured_media":8022,"comment_status":"open","ping_status":"closed","template":"","meta":[],"product_brand":[],"product_cat":[122,127],"product_tag":[],"class_list":{"0":"post-7965","1":"product","2":"type-product","3":"status-publish","4":"has-post-thumbnail","6":"product_cat-aesthetics","7":"product_cat-hasami-artigos","9":"first","10":"instock","11":"featured","12":"shipping-taxable","13":"purchasable","14":"product-type-simple"},"acf":[],"_links":{"self":[{"href":"https:\/\/hasamiartigos.com\/pt\/wp-json\/wp\/v2\/product\/7965","targetHints":{"allow":["GET"]}}],"collection":[{"href":"https:\/\/hasamiartigos.com\/pt\/wp-json\/wp\/v2\/product"}],"about":[{"href":"https:\/\/hasamiartigos.com\/pt\/wp-json\/wp\/v2\/types\/product"}],"replies":[{"embeddable":true,"href":"https:\/\/hasamiartigos.com\/pt\/wp-json\/wp\/v2\/comments?post=7965"}],"version-history":[{"count":3,"href":"https:\/\/hasamiartigos.com\/pt\/wp-json\/wp\/v2\/product\/7965\/revisions"}],"predecessor-version":[{"id":8023,"href":"https:\/\/hasamiartigos.com\/pt\/wp-json\/wp\/v2\/product\/7965\/revisions\/8023"}],"wp:featuredmedia":[{"embeddable":true,"href":"https:\/\/hasamiartigos.com\/pt\/wp-json\/wp\/v2\/media\/8022"}],"wp:attachment":[{"href":"https:\/\/hasamiartigos.com\/pt\/wp-json\/wp\/v2\/media?parent=7965"}],"wp:term":[{"taxonomy":"product_brand","embeddable":true,"href":"https:\/\/hasamiartigos.com\/pt\/wp-json\/wp\/v2\/product_brand?post=7965"},{"taxonomy":"product_cat","embeddable":true,"href":"https:\/\/hasamiartigos.com\/pt\/wp-json\/wp\/v2\/product_cat?post=7965"},{"taxonomy":"product_tag","embeddable":true,"href":"https:\/\/hasamiartigos.com\/pt\/wp-json\/wp\/v2\/product_tag?post=7965"}],"curies":[{"name":"wp","href":"https:\/\/api.w.org\/{rel}","templated":true}]}}