{"id":8107,"date":"2024-06-01T10:50:07","date_gmt":"2024-06-01T10:50:07","guid":{"rendered":"https:\/\/hasamiartigos.com\/?post_type=product&#038;p=8107"},"modified":"2024-09-27T21:07:16","modified_gmt":"2024-09-27T21:07:16","slug":"ossion-premium-barber-line-talc-250gr","status":"publish","type":"product","link":"https:\/\/hasamiartigos.com\/pt\/produto\/ossion-premium-barber-line-talc-250gr\/","title":{"rendered":"Ossion Premium Barber Line Talc (250gr)"},"content":{"rendered":"<p><strong style=\"font-size: 1rem; font-family: var(--default-font-family);\">Portuguese<\/strong><\/p>\n<p><strong>Talco Ossion Premium Barber Line (250gr)<\/strong><\/p>\n<div id=\"shopify-section-product-template\" class=\"shopify-section\">\n<div id=\"ProductSection-product-template\" class=\"product-template__container page-width\" data-section-id=\"product-template\" data-section-type=\"product\" data-enable-history-state=\"true\" data-ajax-enabled=\"true\">\n<div class=\"grid product-single product-single--medium-media\">\n<div class=\"grid__item medium-up--one-half\">\n<div class=\"product-single__description rte\">\n<div class=\"emerce-ph-tab\">\n<div class=\"tab-content\">\n<div id=\"description\" class=\"tab-pane active\" role=\"tabpanel\" aria-labelledby=\"description-tab\">\n<div class=\"pivoo-wwo-additonal-content\">\n<p>Fino e com aroma agrad\u00e1vel.<br \/>\nA cria\u00e7\u00e3o mais sutil e delicada de Ossion.<\/p>\n<p>Para uso profissional e di\u00e1rio aplicar suavemente no pesco\u00e7o.<\/p>\n<p><strong>Modo de usar: Agite suavemente antes de espalhar na pele, use na pele como um agente calmante e refrescante, para manter a pele livre de umidade.<\/strong><\/p>\n<ul>\n<li>Tratado com luz UV.<\/li>\n<li>Fragr\u00e2ncia agrad\u00e1vel.<\/li>\n<\/ul>\n<p><strong>English<\/strong><\/p>\n<p><strong>Ossion Premium Barber Line Talc (250gr)<\/strong><\/p>\n<p>Fine with a pleasant aroma.<br \/>\nOssion&#8217;s most subtle and delicate\u00a0creation.<\/p>\n<p>For professional and daily use apply to the neck gently.<\/p>\n<p><strong>How to use: Shake gently before spreading on the skin, use it on the skin as a soothing and refreshing\u00a0 agent, to keep the skin free of moisture<\/strong><\/p>\n<ul>\n<li>UV Light treated.<\/li>\n<li>Pleasant fragance.<\/li>\n<\/ul>\n<\/div>\n<\/div>\n<\/div>\n<\/div>\n<section class=\"pivoo-related-products related products\"><\/section>\n<\/div>\n<\/div>\n<\/div>\n<\/div>\n<\/div>\n<p>&nbsp;<\/p>","protected":false},"excerpt":{"rendered":"<p>Portuguese Talco Ossion Premium Barber Line (250gr) Fino e com aroma agrad\u00e1vel. A cria\u00e7\u00e3o mais sutil e delicada de Ossion. Para uso profissional e di\u00e1rio aplicar suavemente no pesco\u00e7o. Modo de usar: Agite suavemente antes de espalhar na pele, use na pele como um agente calmante e refrescante, para manter a pele livre de umidade. [&hellip;]<\/p>","protected":false},"featured_media":8108,"comment_status":"open","ping_status":"closed","template":"","meta":[],"product_brand":[],"product_cat":[123,129,128],"product_tag":[],"class_list":{"0":"post-8107","1":"product","2":"type-product","3":"status-publish","4":"has-post-thumbnail","6":"product_cat-barber","7":"product_cat-ossion","8":"product_cat-shaving-gel-wax","10":"first","11":"instock","12":"featured","13":"shipping-taxable","14":"purchasable","15":"product-type-simple"},"acf":[],"_links":{"self":[{"href":"https:\/\/hasamiartigos.com\/pt\/wp-json\/wp\/v2\/product\/8107","targetHints":{"allow":["GET"]}}],"collection":[{"href":"https:\/\/hasamiartigos.com\/pt\/wp-json\/wp\/v2\/product"}],"about":[{"href":"https:\/\/hasamiartigos.com\/pt\/wp-json\/wp\/v2\/types\/product"}],"replies":[{"embeddable":true,"href":"https:\/\/hasamiartigos.com\/pt\/wp-json\/wp\/v2\/comments?post=8107"}],"version-history":[{"count":4,"href":"https:\/\/hasamiartigos.com\/pt\/wp-json\/wp\/v2\/product\/8107\/revisions"}],"predecessor-version":[{"id":8125,"href":"https:\/\/hasamiartigos.com\/pt\/wp-json\/wp\/v2\/product\/8107\/revisions\/8125"}],"wp:featuredmedia":[{"embeddable":true,"href":"https:\/\/hasamiartigos.com\/pt\/wp-json\/wp\/v2\/media\/8108"}],"wp:attachment":[{"href":"https:\/\/hasamiartigos.com\/pt\/wp-json\/wp\/v2\/media?parent=8107"}],"wp:term":[{"taxonomy":"product_brand","embeddable":true,"href":"https:\/\/hasamiartigos.com\/pt\/wp-json\/wp\/v2\/product_brand?post=8107"},{"taxonomy":"product_cat","embeddable":true,"href":"https:\/\/hasamiartigos.com\/pt\/wp-json\/wp\/v2\/product_cat?post=8107"},{"taxonomy":"product_tag","embeddable":true,"href":"https:\/\/hasamiartigos.com\/pt\/wp-json\/wp\/v2\/product_tag?post=8107"}],"curies":[{"name":"wp","href":"https:\/\/api.w.org\/{rel}","templated":true}]}}