{"id":8121,"date":"2024-06-01T10:58:34","date_gmt":"2024-06-01T10:58:34","guid":{"rendered":"https:\/\/hasamiartigos.com\/?post_type=product&#038;p=8121"},"modified":"2024-07-24T05:41:58","modified_gmt":"2024-07-24T05:41:58","slug":"facial-scrub-apricot-400ml","status":"publish","type":"product","link":"https:\/\/hasamiartigos.com\/pt\/produto\/facial-scrub-apricot-400ml\/","title":{"rendered":"Facial Scrub Apricot &#8211; 400ml"},"content":{"rendered":"<p><main id=\"MainContent\" class=\"main-content js-focus-hidden\" tabindex=\"-1\" role=\"main\"><\/p>\n<div id=\"shopify-section-product-template\" class=\"shopify-section\">\n<div id=\"ProductSection-product-template\" class=\"product-template__container page-width\" data-section-id=\"product-template\" data-section-type=\"product\" data-enable-history-state=\"true\" data-ajax-enabled=\"true\">\n<div class=\"grid product-single product-single--medium-media\">\n<div class=\"grid__item medium-up--one-half\">\n<div class=\"product-single__description rte\">\n<div class=\"emerce-ph-tab\">\n<div class=\"tab-content\">\n<div id=\"description\" class=\"tab-pane active\" role=\"tabpanel\" aria-labelledby=\"description-tab\">\n<div class=\"pivoo-wwo-additonal-content\">\n<p><strong>Portuguese<\/strong><\/p>\n<p><strong>Esfoliante Facial Damasco &#8211; 400ml<\/strong><\/p>\n<p>Frescura \u00fanica.<\/p>\n<p>Experimente na sua pele a sensa\u00e7\u00e3o \u00fanica que s\u00f3 a nossa m\u00e1scara esfoliante pode proporcionar. Feito \u00e0 base de \u00e1gua e tamb\u00e9m com \u00f3leo de am\u00eandoa amarga, al\u00e9m de conter sementes de damasco 100% naturais para remover c\u00e9lulas mortas.<\/p>\n<p><strong>Utilize uma por\u00e7\u00e3o na palma da m\u00e3o e aplique massageando.<\/strong><\/p>\n<ul>\n<li>Fragr\u00e2ncia de damasco.<\/li>\n<li>Semente 100% natural<\/li>\n<\/ul>\n<p><strong>English<\/strong><\/p>\n<p><strong>Facial Scrub Apricot &#8211; 400ml<\/strong><\/p>\n<p>Unique freshness.<\/p>\n<p>Experience the unique Sensation on your skin that only our exfoliating mask can provide. Made with water based as well as bitter almond oil, plus it has 100% natural damascus seeds to remove dead cells.<\/p>\n<p><strong>Use a portion in the palm of your hand and apply massaging.<\/strong><\/p>\n<ul>\n<li>Apricot fragance.<\/li>\n<li>100% Natural seed<\/li>\n<\/ul>\n<\/div>\n<\/div>\n<\/div>\n<\/div>\n<section class=\"pivoo-related-products related products\"><\/section>\n<\/div>\n<\/div>\n<\/div>\n<\/div>\n<\/div>\n<p><\/main><\/p>","protected":false},"excerpt":{"rendered":"<p>Portuguese Esfoliante Facial Damasco &#8211; 400ml Frescura \u00fanica. Experimente na sua pele a sensa\u00e7\u00e3o \u00fanica que s\u00f3 a nossa m\u00e1scara esfoliante pode proporcionar. Feito \u00e0 base de \u00e1gua e tamb\u00e9m com \u00f3leo de am\u00eandoa amarga, al\u00e9m de conter sementes de damasco 100% naturais para remover c\u00e9lulas mortas. Utilize uma por\u00e7\u00e3o na palma da m\u00e3o e [&hellip;]<\/p>","protected":false},"featured_media":8110,"comment_status":"open","ping_status":"closed","template":"","meta":[],"product_brand":[],"product_cat":[123,129,128],"product_tag":[],"class_list":{"0":"post-8121","1":"product","2":"type-product","3":"status-publish","4":"has-post-thumbnail","6":"product_cat-barber","7":"product_cat-ossion","8":"product_cat-shaving-gel-wax","10":"first","11":"instock","12":"featured","13":"shipping-taxable","14":"purchasable","15":"product-type-simple"},"acf":[],"_links":{"self":[{"href":"https:\/\/hasamiartigos.com\/pt\/wp-json\/wp\/v2\/product\/8121","targetHints":{"allow":["GET"]}}],"collection":[{"href":"https:\/\/hasamiartigos.com\/pt\/wp-json\/wp\/v2\/product"}],"about":[{"href":"https:\/\/hasamiartigos.com\/pt\/wp-json\/wp\/v2\/types\/product"}],"replies":[{"embeddable":true,"href":"https:\/\/hasamiartigos.com\/pt\/wp-json\/wp\/v2\/comments?post=8121"}],"version-history":[{"count":1,"href":"https:\/\/hasamiartigos.com\/pt\/wp-json\/wp\/v2\/product\/8121\/revisions"}],"predecessor-version":[{"id":8122,"href":"https:\/\/hasamiartigos.com\/pt\/wp-json\/wp\/v2\/product\/8121\/revisions\/8122"}],"wp:featuredmedia":[{"embeddable":true,"href":"https:\/\/hasamiartigos.com\/pt\/wp-json\/wp\/v2\/media\/8110"}],"wp:attachment":[{"href":"https:\/\/hasamiartigos.com\/pt\/wp-json\/wp\/v2\/media?parent=8121"}],"wp:term":[{"taxonomy":"product_brand","embeddable":true,"href":"https:\/\/hasamiartigos.com\/pt\/wp-json\/wp\/v2\/product_brand?post=8121"},{"taxonomy":"product_cat","embeddable":true,"href":"https:\/\/hasamiartigos.com\/pt\/wp-json\/wp\/v2\/product_cat?post=8121"},{"taxonomy":"product_tag","embeddable":true,"href":"https:\/\/hasamiartigos.com\/pt\/wp-json\/wp\/v2\/product_tag?post=8121"}],"curies":[{"name":"wp","href":"https:\/\/api.w.org\/{rel}","templated":true}]}}