{"id":8139,"date":"2024-06-01T11:29:00","date_gmt":"2024-06-01T11:29:00","guid":{"rendered":"https:\/\/hasamiartigos.com\/?post_type=product&#038;p=8139"},"modified":"2024-09-27T21:00:20","modified_gmt":"2024-09-27T21:00:20","slug":"hair-styling-wax-ultra-hold-150-ml","status":"publish","type":"product","link":"https:\/\/hasamiartigos.com\/pt\/produto\/hair-styling-wax-ultra-hold-150-ml\/","title":{"rendered":"Hair Styling Wax Ultra Hold &#8211; 150 ml"},"content":{"rendered":"<p><strong>Portuguese<\/strong><\/p>\n<p><strong>Cera para Modelar Cabelo Ultra Hold &#8211; 150 ml<\/strong><\/p>\n<p>Morfose Ossion Hair Wax Ultra Hold confere ao cabelo um efeito brilhante e forte. Ajuda a engrossar, estruturar e aumentar a plenitude do cabelo e proporciona uma ultra fixa\u00e7\u00e3o forte, male\u00e1vel e com acabamento duro. Este produto funciona particularmente bem em cabelos curtos ou cacheados curtos. O produto \u00e9 sol\u00favel em \u00e1gua, o que significa que \u00e9 f\u00e1cil de lavar. Tamb\u00e9m deixa os cabelos com aroma e brilho agrad\u00e1veis, o que contribui para o efeito est\u00e9tico geral.<\/p>\n<p><strong>Morfose Ossion Ultra Hold possui v\u00e1rios recursos principais:<\/strong><\/p>\n<p><strong>Fixa\u00e7\u00e3o forte:<\/strong> A cera proporciona uma fixa\u00e7\u00e3o forte ao cabelo, para que o penteado dure o tempo que voc\u00ea precisar.<br \/>\n<strong>Acabamento brilhante:<\/strong> A cera confere ao cabelo um acabamento brilhante, real\u00e7ando a beleza natural do cabelo.<br \/>\n<strong>Aroma agrad\u00e1vel:<\/strong> O produto \u00e9 perfumado, o que significa que possui um aroma agrad\u00e1vel que voc\u00ea pode desfrutar enquanto modela o cabelo.<br \/>\n<strong>Sem res\u00edduos:<\/strong> A cera foi projetada para n\u00e3o deixar res\u00edduos nos cabelos, mantendo-os limpos e saud\u00e1veis.<br \/>\nPara usar o Morfose Ossion Styling Wax Ultra Hold, aplique uniformemente nos cabelos secos e modele e penteie como de costume. Ajuste a quantidade se necess\u00e1rio e lave bem os cabelos para retirar a cera quando desejar.<\/p>\n<p>&nbsp;<\/p>\n<p><strong>English<\/strong><\/p>\n<p><strong>Hair Styling Wax Ultra Hold &#8211; 150 ml<\/strong><\/p>\n<p>Morfose Ossion Hair Wax Ultra Hold gives your hair a shiny and strong effect. It helps thicken, structure and increase the fullness of your hair and provides a strong, malleable ultra hold with a hard finish. This product works particularly well on short hair or short curly hair. The product is water soluble, which means it is easy to wash out. It also leaves your hair with a pleasant scent and shine, which contributes to the overall aesthetic effect.<\/p>\n<p><strong>Morfose Ossion Ultra Hold has several key features:<\/strong><\/p>\n<p><strong>Strong hold :<\/strong> The wax provides a strong hold on your hair, so your hairstyle will last as long as you need it.<br \/>\n<strong>Shiny finish :<\/strong> The wax gives your hair a shiny finish, enhancing the natural beauty of your hair.<br \/>\n<strong>Nice scent :<\/strong> The product is perfumed, which means it has a pleasant scent that you can enjoy while styling your hair.<br \/>\n<strong>No residue :<\/strong> The wax is designed to leave no residue on your hair, keeping your hair clean and healthy.<br \/>\nTo use the Morfose Ossion Styling Wax Ultra Hold, apply evenly to dry hair and shape and style as usual. Adjust the amount if necessary and wash your hair thoroughly to remove the wax when desired.<\/p>\n<p>&nbsp;<\/p>","protected":false},"excerpt":{"rendered":"<p>Portuguese Cera para Modelar Cabelo Ultra Hold &#8211; 150 ml Morfose Ossion Hair Wax Ultra Hold confere ao cabelo um efeito brilhante e forte. Ajuda a engrossar, estruturar e aumentar a plenitude do cabelo e proporciona uma ultra fixa\u00e7\u00e3o forte, male\u00e1vel e com acabamento duro. Este produto funciona particularmente bem em cabelos curtos ou cacheados [&hellip;]<\/p>","protected":false},"featured_media":8115,"comment_status":"open","ping_status":"closed","template":"","meta":[],"product_brand":[],"product_cat":[123,129,128],"product_tag":[],"class_list":{"0":"post-8139","1":"product","2":"type-product","3":"status-publish","4":"has-post-thumbnail","6":"product_cat-barber","7":"product_cat-ossion","8":"product_cat-shaving-gel-wax","10":"first","11":"instock","12":"featured","13":"shipping-taxable","14":"purchasable","15":"product-type-simple"},"acf":[],"_links":{"self":[{"href":"https:\/\/hasamiartigos.com\/pt\/wp-json\/wp\/v2\/product\/8139","targetHints":{"allow":["GET"]}}],"collection":[{"href":"https:\/\/hasamiartigos.com\/pt\/wp-json\/wp\/v2\/product"}],"about":[{"href":"https:\/\/hasamiartigos.com\/pt\/wp-json\/wp\/v2\/types\/product"}],"replies":[{"embeddable":true,"href":"https:\/\/hasamiartigos.com\/pt\/wp-json\/wp\/v2\/comments?post=8139"}],"version-history":[{"count":1,"href":"https:\/\/hasamiartigos.com\/pt\/wp-json\/wp\/v2\/product\/8139\/revisions"}],"predecessor-version":[{"id":8140,"href":"https:\/\/hasamiartigos.com\/pt\/wp-json\/wp\/v2\/product\/8139\/revisions\/8140"}],"wp:featuredmedia":[{"embeddable":true,"href":"https:\/\/hasamiartigos.com\/pt\/wp-json\/wp\/v2\/media\/8115"}],"wp:attachment":[{"href":"https:\/\/hasamiartigos.com\/pt\/wp-json\/wp\/v2\/media?parent=8139"}],"wp:term":[{"taxonomy":"product_brand","embeddable":true,"href":"https:\/\/hasamiartigos.com\/pt\/wp-json\/wp\/v2\/product_brand?post=8139"},{"taxonomy":"product_cat","embeddable":true,"href":"https:\/\/hasamiartigos.com\/pt\/wp-json\/wp\/v2\/product_cat?post=8139"},{"taxonomy":"product_tag","embeddable":true,"href":"https:\/\/hasamiartigos.com\/pt\/wp-json\/wp\/v2\/product_tag?post=8139"}],"curies":[{"name":"wp","href":"https:\/\/api.w.org\/{rel}","templated":true}]}}