{"id":8141,"date":"2024-06-01T11:32:05","date_gmt":"2024-06-01T11:32:05","guid":{"rendered":"https:\/\/hasamiartigos.com\/?post_type=product&#038;p=8141"},"modified":"2024-06-05T08:02:47","modified_gmt":"2024-06-05T08:02:47","slug":"spray-cologne-impact-300-ml","status":"publish","type":"product","link":"https:\/\/hasamiartigos.com\/pt\/produto\/spray-cologne-impact-300-ml\/","title":{"rendered":"Spray Cologne Impact &#8211; 300 ml"},"content":{"rendered":"<p><strong>Portuguese<\/strong><\/p>\n<p><strong>Col\u00f4nia Spray Impacto &#8211; 300 ml<\/strong><\/p>\n<p>Perfeito para usar em barbearias para dar aquele toque final extra! Devido ao alto teor de perfume, este produto de cabeleireiro dura muito tempo. O alto teor de \u00e1lcool desinfeta e acalma a pele ap\u00f3s o barbear \u00famido.<\/p>\n<p>Gra\u00e7as aos ingredientes tamb\u00e9m pode ser usado como perfume para barba ou como spray corporal.<\/p>\n<p>&nbsp;<\/p>\n<p><strong>English<\/strong><\/p>\n<p><strong>Cologne Spray Impact &#8211; 300 ml<\/strong><\/p>\n<p>Perfect for use at Barbershops for that extra finishing touch! Due to the high perfume content, this hairdressing product lasts for a very long time. The high alcohol disinfects and soothes your skin after a wet shave.<\/p>\n<p>Thanks to the ingredients it can also be used as a beard perfume or as a body spray.<\/p>\n<p>&nbsp;<\/p>","protected":false},"excerpt":{"rendered":"<p>Portuguese Col\u00f4nia Spray Impacto &#8211; 300 ml Perfeito para usar em barbearias para dar aquele toque final extra! Devido ao alto teor de perfume, este produto de cabeleireiro dura muito tempo. O alto teor de \u00e1lcool desinfeta e acalma a pele ap\u00f3s o barbear \u00famido. Gra\u00e7as aos ingredientes tamb\u00e9m pode ser usado como perfume para [&hellip;]<\/p>","protected":false},"featured_media":8112,"comment_status":"open","ping_status":"closed","template":"","meta":[],"product_brand":[],"product_cat":[123,129],"product_tag":[],"class_list":{"0":"post-8141","1":"product","2":"type-product","3":"status-publish","4":"has-post-thumbnail","6":"product_cat-barber","7":"product_cat-ossion","9":"first","10":"instock","11":"featured","12":"shipping-taxable","13":"purchasable","14":"product-type-simple"},"acf":[],"_links":{"self":[{"href":"https:\/\/hasamiartigos.com\/pt\/wp-json\/wp\/v2\/product\/8141","targetHints":{"allow":["GET"]}}],"collection":[{"href":"https:\/\/hasamiartigos.com\/pt\/wp-json\/wp\/v2\/product"}],"about":[{"href":"https:\/\/hasamiartigos.com\/pt\/wp-json\/wp\/v2\/types\/product"}],"replies":[{"embeddable":true,"href":"https:\/\/hasamiartigos.com\/pt\/wp-json\/wp\/v2\/comments?post=8141"}],"version-history":[{"count":2,"href":"https:\/\/hasamiartigos.com\/pt\/wp-json\/wp\/v2\/product\/8141\/revisions"}],"predecessor-version":[{"id":8143,"href":"https:\/\/hasamiartigos.com\/pt\/wp-json\/wp\/v2\/product\/8141\/revisions\/8143"}],"wp:featuredmedia":[{"embeddable":true,"href":"https:\/\/hasamiartigos.com\/pt\/wp-json\/wp\/v2\/media\/8112"}],"wp:attachment":[{"href":"https:\/\/hasamiartigos.com\/pt\/wp-json\/wp\/v2\/media?parent=8141"}],"wp:term":[{"taxonomy":"product_brand","embeddable":true,"href":"https:\/\/hasamiartigos.com\/pt\/wp-json\/wp\/v2\/product_brand?post=8141"},{"taxonomy":"product_cat","embeddable":true,"href":"https:\/\/hasamiartigos.com\/pt\/wp-json\/wp\/v2\/product_cat?post=8141"},{"taxonomy":"product_tag","embeddable":true,"href":"https:\/\/hasamiartigos.com\/pt\/wp-json\/wp\/v2\/product_tag?post=8141"}],"curies":[{"name":"wp","href":"https:\/\/api.w.org\/{rel}","templated":true}]}}