{"id":8232,"date":"2024-08-26T06:33:13","date_gmt":"2024-08-26T06:33:13","guid":{"rendered":"https:\/\/hasamiartigos.com\/?post_type=product&#038;p=8232"},"modified":"2024-08-26T06:33:13","modified_gmt":"2024-08-26T06:33:13","slug":"aftershave-fresh-400ml-level-3","status":"publish","type":"product","link":"https:\/\/hasamiartigos.com\/pt\/produto\/aftershave-fresh-400ml-level-3\/","title":{"rendered":"AFTERSHAVE FRESH 400ML LEVEL 3"},"content":{"rendered":"<p><strong>Portuguese<\/strong><\/p>\n<p><strong>P\u00d3S-Barba FRESCO 400ML N\u00cdVEL 3<\/strong><\/p>\n<p>Eleve a sua rotina p\u00f3s-barbear com a nossa Col\u00f3nia P\u00f3s-Barbear L3VEL3, concebida para acalmar, refrescar e hidratar a sua pele. A sua f\u00f3rmula exclusiva proporciona um acabamento confort\u00e1vel sem irrita\u00e7\u00f5es, deixando a pele revitalizada e suave. Adequada para todos os tipos de pele, esta lo\u00e7\u00e3o p\u00f3s-barba vem numa variedade de aromas para combinar com o seu estilo pessoal, garantindo uma fragr\u00e2ncia fresca, atraente e duradoura. Perfeito para o uso di\u00e1rio, \u00e9 o toque final essencial para uma experi\u00eancia de cuidado impec\u00e1vel.<\/p>\n<p><strong>Notas principais:<\/strong><br \/>\nAqua: Toranja, Lim\u00e3o, Hortel\u00e3, Pimenta Rosa<br \/>\nVibrante: Notas Verdes, Toranja, Especiarias, Bergamota, Lavanda, Petitgrain<br \/>\nFresco: Bergamota da Cal\u00e1bria, Pimenta<br \/>\nMeia-noite: Lim\u00e3o, Hortel\u00e3-Pimenta, Verbena da \u00cdndia<br \/>\nRosa: Maracuj\u00e1, P\u00eassego, Framboesa<br \/>\nRoyale: Toranja, Gengibre, Ambrox, Citrinos<br \/>\nGeada: Noz-moscada, Baunilha, Bagas de Zimbro, Madeiras de \u00c2mbar<\/p>\n<p>&nbsp;<\/p>\n<p><strong>English<\/strong><\/p>\n<p><strong>AFTERSHAVE FRESH 400ML LEVEL 3<\/strong><\/p>\n<p>Elevate your post-shave routine with our L3VEL3 After Shave Cologne, designed to soothe, refresh, and hydrate your skin. Its unique formula provides a comfortable finish without irritation, leaving your skin feeling revitalized and smooth. Suitable for all skin types, this aftershave comes in a variety of scents to match your personal style, ensuring a fresh and appealing fragrance that lasts. Perfect for daily use, it&#8217;s the essential final touch for a flawless grooming experience.<\/p>\n<p><strong>Top Notes:<\/strong><br \/>\nAqua: Grapefruit, Lemon, Mint, Pink Pepper<br \/>\nVibrant: Green Notes, Grapefruit, Spices, Bergamot, Lavender, Petitgrain<br \/>\nFresh: Calabrian Bergamot, Pepper<br \/>\nMidnight: Lemon, Peppermint, Verbena from India<br \/>\nRose: Passionfruit, Peach, Raspberry<br \/>\nRoyale: Grapefruit, Ginger, Ambrox, Citrus<br \/>\nFrost: Nutmeg, Vanilla, Juniper Berries, Amber Woods<\/p>\n<p>&nbsp;<\/p>","protected":false},"excerpt":{"rendered":"<p>Portuguese P\u00d3S-Barba FRESCO 400ML N\u00cdVEL 3 Eleve a sua rotina p\u00f3s-barbear com a nossa Col\u00f3nia P\u00f3s-Barbear L3VEL3, concebida para acalmar, refrescar e hidratar a sua pele. A sua f\u00f3rmula exclusiva proporciona um acabamento confort\u00e1vel sem irrita\u00e7\u00f5es, deixando a pele revitalizada e suave. Adequada para todos os tipos de pele, esta lo\u00e7\u00e3o p\u00f3s-barba vem numa variedade [&hellip;]<\/p>","protected":false},"featured_media":8221,"comment_status":"open","ping_status":"closed","template":"","meta":[],"product_brand":[],"product_cat":[130],"product_tag":[],"class_list":{"0":"post-8232","1":"product","2":"type-product","3":"status-publish","4":"has-post-thumbnail","6":"product_cat-l3vel3","8":"first","9":"instock","10":"shipping-taxable","11":"purchasable","12":"product-type-simple"},"acf":[],"_links":{"self":[{"href":"https:\/\/hasamiartigos.com\/pt\/wp-json\/wp\/v2\/product\/8232","targetHints":{"allow":["GET"]}}],"collection":[{"href":"https:\/\/hasamiartigos.com\/pt\/wp-json\/wp\/v2\/product"}],"about":[{"href":"https:\/\/hasamiartigos.com\/pt\/wp-json\/wp\/v2\/types\/product"}],"replies":[{"embeddable":true,"href":"https:\/\/hasamiartigos.com\/pt\/wp-json\/wp\/v2\/comments?post=8232"}],"version-history":[{"count":1,"href":"https:\/\/hasamiartigos.com\/pt\/wp-json\/wp\/v2\/product\/8232\/revisions"}],"predecessor-version":[{"id":8233,"href":"https:\/\/hasamiartigos.com\/pt\/wp-json\/wp\/v2\/product\/8232\/revisions\/8233"}],"wp:featuredmedia":[{"embeddable":true,"href":"https:\/\/hasamiartigos.com\/pt\/wp-json\/wp\/v2\/media\/8221"}],"wp:attachment":[{"href":"https:\/\/hasamiartigos.com\/pt\/wp-json\/wp\/v2\/media?parent=8232"}],"wp:term":[{"taxonomy":"product_brand","embeddable":true,"href":"https:\/\/hasamiartigos.com\/pt\/wp-json\/wp\/v2\/product_brand?post=8232"},{"taxonomy":"product_cat","embeddable":true,"href":"https:\/\/hasamiartigos.com\/pt\/wp-json\/wp\/v2\/product_cat?post=8232"},{"taxonomy":"product_tag","embeddable":true,"href":"https:\/\/hasamiartigos.com\/pt\/wp-json\/wp\/v2\/product_tag?post=8232"}],"curies":[{"name":"wp","href":"https:\/\/api.w.org\/{rel}","templated":true}]}}