{"id":8236,"date":"2024-08-26T06:42:31","date_gmt":"2024-08-26T06:42:31","guid":{"rendered":"https:\/\/hasamiartigos.com\/?post_type=product&#038;p=8236"},"modified":"2024-08-26T06:42:32","modified_gmt":"2024-08-26T06:42:32","slug":"matte-finish-paste-firm-hold-150g-paste-level-3","status":"publish","type":"product","link":"https:\/\/hasamiartigos.com\/pt\/produto\/matte-finish-paste-firm-hold-150g-paste-level-3\/","title":{"rendered":"MATTE FINISH PASTE FIRM HOLD 150G PASTE LEVEL 3"},"content":{"rendered":"<p><strong>Portuguese<\/strong><\/p>\n<p><strong>PASTA DE ACABAMENTO MATE FIRME FIXA\u00c7\u00c3O 150G PASTA N\u00cdVEL 3<\/strong><\/p>\n<p>A pasta Matte Finish Level3 &#8211; Matte Finish proporciona uma fixa\u00e7\u00e3o n\u00e3o pegajosa e funcional &#8211; durante todo o dia. A textura mate dar-lhe-\u00e1 todo o potencial de estilo, fixa\u00e7\u00e3o e volume que deseja, sem o acabamento brilhante artificial. Os ingredientes de queratina ajudam a reduzir o frisado, melhoram a resist\u00eancia do cabelo e ajudam a reparar o cabelo danificado.<\/p>\n<ul>\n<li><strong>Melhora o volume e a for\u00e7a<\/strong><\/li>\n<li><strong>Fixa\u00e7\u00e3o firme e gerenci\u00e1vel de longa dura\u00e7\u00e3o<\/strong><\/li>\n<li><strong>Infundido com Queratina<\/strong><\/li>\n<li><strong>Protege contra os danos no cabelo<\/strong><\/li>\n<li><strong>Ajuda a reduzir o risco de frizz<\/strong><\/li>\n<li><strong>Sem viscosidade, sem f\u00f3rmula residual<\/strong><\/li>\n<li><strong>Remodele e penteie ao longo do dia<\/strong><\/li>\n<\/ul>\n<p><strong>Tamanho:<\/strong> 150ml.<\/p>\n<p><strong>English<\/strong><\/p>\n<p><strong>MATTE FINISH PASTE FIRM HOLD 150G PASTE LEVEL 3<\/strong><\/p>\n<p>The Matte Finish Level3\u00a0Paste &#8211; Matte Finish provides a non-sticky, workable hold &#8211; all day long. The matte texture will give you all the styling potential, hold, and volume you want without the unnatural shiny finish. The Keratin ingredients help reduce frizz, improves hair strength, and helps to repair damaged hair.<\/p>\n<ul>\n<li><strong>Improves volume and strength<\/strong><\/li>\n<li><strong>Long-lasting manageable firm hold\u00a0<\/strong><\/li>\n<li><strong>Infused with Keratin<\/strong><\/li>\n<li><strong>Protects against hair damage<\/strong><\/li>\n<li><strong>Helps reduce the risk of frizz<\/strong><\/li>\n<li><strong>No stickiness, no residue formula<\/strong><\/li>\n<li><strong>Reshape and comb throughout the day<\/strong><\/li>\n<\/ul>\n<p><strong>Size:\u00a0<\/strong>150 ml.<\/p>\n<p>&nbsp;<\/p>","protected":false},"excerpt":{"rendered":"<p>Portuguese PASTA DE ACABAMENTO MATE FIRME FIXA\u00c7\u00c3O 150G PASTA N\u00cdVEL 3 A pasta Matte Finish Level3 &#8211; Matte Finish proporciona uma fixa\u00e7\u00e3o n\u00e3o pegajosa e funcional &#8211; durante todo o dia. A textura mate dar-lhe-\u00e1 todo o potencial de estilo, fixa\u00e7\u00e3o e volume que deseja, sem o acabamento brilhante artificial. Os ingredientes de queratina ajudam [&hellip;]<\/p>","protected":false},"featured_media":8217,"comment_status":"open","ping_status":"closed","template":"","meta":[],"product_brand":[],"product_cat":[130],"product_tag":[],"class_list":{"0":"post-8236","1":"product","2":"type-product","3":"status-publish","4":"has-post-thumbnail","6":"product_cat-l3vel3","8":"first","9":"instock","10":"shipping-taxable","11":"purchasable","12":"product-type-simple"},"acf":[],"_links":{"self":[{"href":"https:\/\/hasamiartigos.com\/pt\/wp-json\/wp\/v2\/product\/8236","targetHints":{"allow":["GET"]}}],"collection":[{"href":"https:\/\/hasamiartigos.com\/pt\/wp-json\/wp\/v2\/product"}],"about":[{"href":"https:\/\/hasamiartigos.com\/pt\/wp-json\/wp\/v2\/types\/product"}],"replies":[{"embeddable":true,"href":"https:\/\/hasamiartigos.com\/pt\/wp-json\/wp\/v2\/comments?post=8236"}],"version-history":[{"count":1,"href":"https:\/\/hasamiartigos.com\/pt\/wp-json\/wp\/v2\/product\/8236\/revisions"}],"predecessor-version":[{"id":8237,"href":"https:\/\/hasamiartigos.com\/pt\/wp-json\/wp\/v2\/product\/8236\/revisions\/8237"}],"wp:featuredmedia":[{"embeddable":true,"href":"https:\/\/hasamiartigos.com\/pt\/wp-json\/wp\/v2\/media\/8217"}],"wp:attachment":[{"href":"https:\/\/hasamiartigos.com\/pt\/wp-json\/wp\/v2\/media?parent=8236"}],"wp:term":[{"taxonomy":"product_brand","embeddable":true,"href":"https:\/\/hasamiartigos.com\/pt\/wp-json\/wp\/v2\/product_brand?post=8236"},{"taxonomy":"product_cat","embeddable":true,"href":"https:\/\/hasamiartigos.com\/pt\/wp-json\/wp\/v2\/product_cat?post=8236"},{"taxonomy":"product_tag","embeddable":true,"href":"https:\/\/hasamiartigos.com\/pt\/wp-json\/wp\/v2\/product_tag?post=8236"}],"curies":[{"name":"wp","href":"https:\/\/api.w.org\/{rel}","templated":true}]}}