{"id":8240,"date":"2024-08-26T06:57:32","date_gmt":"2024-08-26T06:57:32","guid":{"rendered":"https:\/\/hasamiartigos.com\/?post_type=product&#038;p=8240"},"modified":"2024-08-26T06:57:32","modified_gmt":"2024-08-26T06:57:32","slug":"matte-finish-paste-firm-hold-150-g-matte-putty-level-3","status":"publish","type":"product","link":"https:\/\/hasamiartigos.com\/pt\/produto\/matte-finish-paste-firm-hold-150-g-matte-putty-level-3\/","title":{"rendered":"MATTE FINISH PASTE FIRM HOLD 150 G MATTE PUTTY LEVEL 3"},"content":{"rendered":"<p><strong>Portuguese<\/strong><\/p>\n<p><strong>PASTA DE ACABAMENTO MATE FIRME FIXA\u00c7\u00c3O 150G MASSA MATE N\u00cdVEL 3<\/strong><\/p>\n<p>Torne-o mate com uma fixa\u00e7\u00e3o \u00e9pica e fios nutridos com a nossa pasta de cabelo com infus\u00e3o de queratina.<\/p>\n<p>Talvez n\u00e3o precise de produtos para o cabelo que aumentem o brilho, porque j\u00e1 brilha como um diamante. Mas volume, textura e fixa\u00e7\u00e3o seriam incr\u00edveis, certo? E talvez um ingrediente que cuide do seu cabelo ao mesmo tempo que real\u00e7a o seu estilo, numa f\u00f3rmula que tem um toque natural e um cheiro fant\u00e1stico? Est\u00e1 na hora de seguir o caminho mate para um cabelo bonito, com uma pasta de styling que responde a todas as suas preces. Esta pasta oferece uma textura mate moderna, estilo amplificado e fixa\u00e7\u00e3o durante todo o dia, bem como uma dose de queratina para proteger cada madeixa. Com consist\u00eancia de qualidade e aroma mm-mmm, funciona para todos os tipos de cabelo, em casa ou na barbearia.<\/p>\n<p><strong>Principais recursos<\/strong><\/p>\n<ul>\n<li><strong>Cria textura mate com fixa\u00e7\u00e3o firme durante todo o dia e volume de n\u00edvel superior<\/strong><\/li>\n<li><strong>F\u00f3rmula vi\u00e1vel e n\u00e3o pegajosa, n\u00e3o deixa res\u00edduos e tem um cheiro sublime<\/strong><\/li>\n<li><strong>\u00c0 base de \u00e1gua para que seja facilmente lavado para evitar a acumula\u00e7\u00e3o de produto<\/strong><\/li>\n<li><strong>Um produto de styling vers\u00e1til para todos os tipos, comprimentos e cortes de cabelo<\/strong><\/li>\n<\/ul>\n<p><strong>Por que \u00e9 uma viragem de jogo:\u00a0<\/strong>A nossa pasta para modelar o cabelo \u00e9 a prova de que mate n\u00e3o significa liso. A pasta levanta e segura o cabelo ao mesmo tempo que acrescenta uma defini\u00e7\u00e3o despenteada e um acabamento mate aos penteados curtos e longos. O cabelo fica mais forte com um aumento de queratina da f\u00f3rmula especial que combate o frisado e repara os danos. Pode remodelar o seu penteado e lavar o produto facilmente para manter o cabelo com um aspeto saud\u00e1vel e limpo. Esta pasta \u00e9 obrigat\u00f3ria para o estilo DIY e para dar aos clientes da sua barbearia os looks mais recentes.<\/p>\n<p>Esta \u00e9 uma pasta de cabelo para homens e mulheres que sabem que o cabelo exuberante come\u00e7a por dentro. A f\u00f3rmula \u00e9 enriquecida com queratina para ajudar a fortalecer e reparar o cabelo fraco, danificado e super processado. Os fios ficam mais suaves e saud\u00e1veis, sem frizz ou quebra. Na verdade, a \u00fanica coisa que vai quebrar ser\u00e1 a internet quando partilhar o seu novo estilo. Proporcionando um acabamento mate palp\u00e1vel, esta pasta promove uma alternativa moderna aos cabelos hiperbrilhantes.<\/p>\n<p>V\u00e1 em grande ou v\u00e1 para casa, dizem, e n\u00f3s ouvimos. A nossa pasta de styling aumenta seriamente o volume e mant\u00e9m o cabelo por mais tempo, sem pegajosidade ou res\u00edduos. A f\u00f3rmula \u00e9 vi\u00e1vel, pelo que pode remodelar e pentear o cabelo ao longo do dia. Ei, sabemos que gosta de mudar o seu estilo com a mesma frequ\u00eancia que a sua fotografia de perfil. E para sua informa\u00e7\u00e3o, este material agita qualquer tipo ou comprimento de cabelo &#8211; do fino ao grosso, do curto ao longo e do limpo ao desarrumado.<\/p>\n<p>Para marcar a caixa final, pode utilizar isto como uma pasta de textura para o cabelo para definir quase qualquer estilo. Cortes inferiores com topos grossos, fades altos com ondas, topos planos e encaracolados\u2026 todos ficar\u00e3o lindos com uma bela textura mate. Com a sua f\u00f3rmula vers\u00e1til, nutritiva e que real\u00e7a o estilo, esta pasta \u00e9 realmente o presente que continua a ser oferecido.<\/p>\n<p><strong>Tamanho: 150ml.<\/strong><\/p>\n<p><strong>Como usar: <\/strong><\/p>\n<ul>\n<li><strong>Coloque uma pequena quantidade de pasta nas palmas das m\u00e3os<\/strong><\/li>\n<li><strong>Esfregue as m\u00e3os em movimentos circulares para tornar a pasta vi\u00e1vel<\/strong><\/li>\n<li><strong>Aplique uniformemente em todo o cabelo para criar o penteado desejado<\/strong><\/li>\n<\/ul>\n<p><strong>Dicas de estilo:<\/strong> A nossa pasta de cabelo \u00e9 uma verdadeira multitarefa. \u00c9 \u00f3timo para preparar e domar o cabelo para entran\u00e7ar e pentear. Ajuda a controlar os cabelos ondulados se pretende um look mais elegante. No cabelo molhado, proporciona uma fixa\u00e7\u00e3o super forte para penteados como partes penteadas para tr\u00e1s e penteados laterais. No cabelo seco, cria textura para aquele look bonito e despenteado.<\/p>\n<p><strong>Ingredientes:<\/strong> AQUA (\u00c1GUA, EAU), CETREATH 30, CAULIM, POLYSORBAYE 80, \u00d3LEO DE R\u00cdCINO HIDROGENADO PEG-40, GLICERINA, PROPILENO GLICOL, MIRISTATO DE ISOPROPILO, S\u00cdLICA, PERFUM (FRAGR\u00c2NCIA), PVP, ESTEARATO DE GLICERILA, ESTEARATO DE PEG -100, QUARTEZ , EDTA DISS\u00d3DICO, \u00c1LCOOL BENZ\u00cdLICO, \u00c9TER METIL PPG-2, 2-BROMO-2-NITROPROPANO-1,3-DIOL, BUTILCARBAMATO DE IODOPROPINILA, HEXILCINAMAL, LIMONENO.<\/p>\n<p>&nbsp;<\/p>\n<p><strong>English<\/strong><\/p>\n<p><strong>MATTE FINISH PASTE FIRM HOLD 150G MATTE PUTTY LEVEL 3<\/strong><\/p>\n<p><strong>Make it matte with epic hold and nourished strands from our keratin-infused hair paste.<\/strong><\/p>\n<p>Maybe you don\u2019t need gloss-boosting hair products \u2018cos you already shine bright like a diamond. But volume, texture, and hold would be awesome, right? And perhaps an ingredient that cares for your hair while enhancing your style, in a formula that feels natural and smells fantastic? It\u2019s time to take the matte route to beautiful hair, with a styling paste that answers all your prayers. This paste gives you trendy matte texture, amplified style, and all-day hold plus a shot of keratin to protect every strand. With a quality consistency and an mm-mmm scent, it works for all hair types, at home or in your barber shop.<\/p>\n<p>Key Features:<\/p>\n<ul>\n<li><strong>Creates matte texture with all-day firm hold and next-level volume<\/strong><\/li>\n<li><strong>Workable, non-sticky formula leaves no residue and smells sublime<\/strong><\/li>\n<li><strong>Water-based so it washes out easily to prevent product build-up<\/strong><\/li>\n<li><strong>A versatile styling product for all hair types, lengths, and cuts<\/strong><\/li>\n<\/ul>\n<p><strong>Why It\u2019s a Game-Changer:\u00a0<\/strong>Our hair styling paste is proof that matte doesn\u2019t mean flat. The paste lifts and holds hair while adding tousled definition and a matte finish to short and long styles. Hair gets stronger with a keratin boost from the special formula that fights frizz and repairs damage. You can reshape your style and wash the product out easily to keep hair looking healthy and clean. This paste is a must for DIY styling and for giving your barber shop clients the latest looks.<\/p>\n<p>This is hair paste for men and women who know lush locks start from within. The formula is enriched with keratin to help strengthen and repair weak, damaged, and overprocessed hair. Strands look smoother and healthier, with no frizz or breakage. In fact, the only thing breaking will be the internet when you share your new style. Delivering a touchable matte finish, this paste promotes a modern alternative to hyper-glossy hair.<\/p>\n<p>Go big or go home they say, and we listen. Our sculpting paste seriously pumps up the volume and holds hair for longer without stickiness or residue. The formula is workable though, so you can reshape and comb your hair throughout the day. Hey, we know you like to switch your style as often as your profile picture. And FYI, this stuff whips up any hair type or length &#8211; from fine to thick, short to long, and neat to messy.<\/p>\n<p>To check the final box, you can use this as a texture hair paste to define most any style. Undercuts with thick tops, high fades with waves, curly flat tops\u2026 they\u2019ll all look fine-as-heck with a nice matte texture going on. With its versatile, nourishing, style-enhancing formula, this paste really is the gift that keeps on giving.<\/p>\n<p><strong>Size: 150ml.<\/strong><\/p>\n<p><strong>How to Use<\/strong><\/p>\n<ul>\n<li><strong>Scoop a small amount of paste into your palms<\/strong><\/li>\n<li><strong>Rub your hands in a circular motion to make the paste workable<\/strong><\/li>\n<li><strong>Apply evenly throughout the hair to create your desired style<\/strong><\/li>\n<\/ul>\n<p><strong>Styling Tips: <\/strong>Our hair paste is a true multitasker. It\u2019s great for prepping and taming the hair for braiding and upstyling. It helps to control wavy hair if you\u2019re after a sleeker look. On wet hair, it gives super-strong hold for styles such as slicked-back parts and side sweeps. On dry hair, it creates texture for that nice, mussed-up look.<\/p>\n<p><strong>Ingredients:<\/strong> AQUA (WATER,EAU), CETREATH 30, KAOLIN, POLYSORBAYE 80, PEG-40 HYDROGENATED CASTOR OIL, GLYCERINE, PROPYLENE GLYCOL, ISOPROPYL MYRISTATE, SILLICA, PERFUM (FRAGRANCE), PVP, GLYCERYL STEARATE, PEG-100 STEARATE, QUARTEZ, DISODIUM EDTA, BENZYL ALCOHOL, PPG-2 METHYL ETHER, 2-BROMO-2-NITROPROPANE-1,3-DIOL, IODOPROPYNYL BUTYLCARBAMATE, HEXYL CINNAMAL, LIMONENE.<\/p>","protected":false},"excerpt":{"rendered":"<p>Portuguese PASTA DE ACABAMENTO MATE FIRME FIXA\u00c7\u00c3O 150G MASSA MATE N\u00cdVEL 3 Torne-o mate com uma fixa\u00e7\u00e3o \u00e9pica e fios nutridos com a nossa pasta de cabelo com infus\u00e3o de queratina. Talvez n\u00e3o precise de produtos para o cabelo que aumentem o brilho, porque j\u00e1 brilha como um diamante. Mas volume, textura e fixa\u00e7\u00e3o seriam [&hellip;]<\/p>","protected":false},"featured_media":8215,"comment_status":"open","ping_status":"closed","template":"","meta":[],"product_brand":[],"product_cat":[130],"product_tag":[],"class_list":{"0":"post-8240","1":"product","2":"type-product","3":"status-publish","4":"has-post-thumbnail","6":"product_cat-l3vel3","8":"first","9":"instock","10":"shipping-taxable","11":"purchasable","12":"product-type-simple"},"acf":[],"_links":{"self":[{"href":"https:\/\/hasamiartigos.com\/pt\/wp-json\/wp\/v2\/product\/8240","targetHints":{"allow":["GET"]}}],"collection":[{"href":"https:\/\/hasamiartigos.com\/pt\/wp-json\/wp\/v2\/product"}],"about":[{"href":"https:\/\/hasamiartigos.com\/pt\/wp-json\/wp\/v2\/types\/product"}],"replies":[{"embeddable":true,"href":"https:\/\/hasamiartigos.com\/pt\/wp-json\/wp\/v2\/comments?post=8240"}],"version-history":[{"count":1,"href":"https:\/\/hasamiartigos.com\/pt\/wp-json\/wp\/v2\/product\/8240\/revisions"}],"predecessor-version":[{"id":8241,"href":"https:\/\/hasamiartigos.com\/pt\/wp-json\/wp\/v2\/product\/8240\/revisions\/8241"}],"wp:featuredmedia":[{"embeddable":true,"href":"https:\/\/hasamiartigos.com\/pt\/wp-json\/wp\/v2\/media\/8215"}],"wp:attachment":[{"href":"https:\/\/hasamiartigos.com\/pt\/wp-json\/wp\/v2\/media?parent=8240"}],"wp:term":[{"taxonomy":"product_brand","embeddable":true,"href":"https:\/\/hasamiartigos.com\/pt\/wp-json\/wp\/v2\/product_brand?post=8240"},{"taxonomy":"product_cat","embeddable":true,"href":"https:\/\/hasamiartigos.com\/pt\/wp-json\/wp\/v2\/product_cat?post=8240"},{"taxonomy":"product_tag","embeddable":true,"href":"https:\/\/hasamiartigos.com\/pt\/wp-json\/wp\/v2\/product_tag?post=8240"}],"curies":[{"name":"wp","href":"https:\/\/api.w.org\/{rel}","templated":true}]}}