{"id":8248,"date":"2024-08-26T07:18:40","date_gmt":"2024-08-26T07:18:40","guid":{"rendered":"https:\/\/hasamiartigos.com\/?post_type=product&#038;p=8248"},"modified":"2025-10-29T04:43:59","modified_gmt":"2025-10-29T04:43:59","slug":"secador-jrl-forte-pro-brushless-black","status":"publish","type":"product","link":"https:\/\/hasamiartigos.com\/pt\/produto\/secador-jrl-forte-pro-brushless-black\/","title":{"rendered":"SECADOR JRL FORTE PRO BRUSHLESS BLACK"},"content":{"rendered":"<p><strong>Portuguese<\/strong><\/p>\n<p><strong>SECADOR JRL FORTE PRO BRUSHLESS PRETO<\/strong><\/p>\n<p>Secador i\u00f3nico profissional com motor DC ultraleve, potente e eficiente. Com uma vida \u00fatil de 1000 a 1300 h. Fun\u00e7\u00e3o de limpeza autom\u00e1tica. Filtro lav\u00e1vel para melhorar a prote\u00e7\u00e3o do motor. O gerador de i\u00f5es avan\u00e7ado integrado ajuda a reduzir o tempo de secagem e o frisado. Inclui 1 difusor e bicos de 2 tamanhos diferentes.<\/p>\n<ul>\n<li><strong>Pot\u00eancia: 1.900 \u2013 2.200 W.<\/strong><\/li>\n<li><strong>Peso: 320g.<\/strong><\/li>\n<li><strong>Cabo: 3,5 m.<\/strong><\/li>\n<li><strong>Ru\u00eddo: 78 dB.<\/strong><\/li>\n<li><strong>Temperatura: 70 \u2013 90 \u2013 125 \u00baC.<\/strong><\/li>\n<li><strong>Motor CC 100.000 rpm.<\/strong><\/li>\n<li><strong>Velocidade do ar: 21,5 m\/s \u2013 26 m\/s \u2013 31,6 m\/s.<\/strong><\/li>\n<li><strong>Tens\u00e3o: 220 \u2013 240 V.<\/strong><\/li>\n<li><strong>Frequ\u00eancia: 50 \u2013 60 Hz.<\/strong><\/li>\n<li><strong>3 velocidades, 3 temperaturas.<\/strong><\/li>\n<li><strong>Pulsador de ar frio.<\/strong><\/li>\n<li><strong>Fun\u00e7\u00e3o de limpeza autom\u00e1tica e filtro lav\u00e1vel<\/strong><\/li>\n<li><strong>fun\u00e7\u00e3o de mem\u00f3ria<\/strong><\/li>\n<li><strong>Medidas: An: 19,6 X Al: 17 cm.<\/strong><\/li>\n<\/ul>\n<p>&nbsp;<\/p>\n<p><strong>English<\/strong><\/p>\n<p><strong>SECADOR JRL FORTE PRO BRUSHLESS BLACK<\/strong><\/p>\n<p>Professional ionic dryer with ultra-light, powerful and efficient DC motor. With a useful life of 1000 to 1300 h. Automatic cleaning function. Washable filter to improve engine protection. The integrated advanced ion generator helps reduce drying time and frizz. Includes 1 diffuser and nozzles of 2 different sizes.<\/p>\n<ul>\n<li><strong>Power: 1,900 \u2013 2,200 W.<\/strong><\/li>\n<li><strong>Weight: 320 g.<\/strong><\/li>\n<li><strong>Cable: 3.5 m.<\/strong><\/li>\n<li><strong>Noise: 78 dB.<\/strong><\/li>\n<li><strong>Temperature: 70 \u2013 90 \u2013 125 \u00baC.<\/strong><\/li>\n<li><strong>DC motor 100,000 rpm.<\/strong><\/li>\n<li><strong>Air speed: 21.5 m\/s \u2013 26 m\/s \u2013 31.6 m\/s.<\/strong><\/li>\n<li><strong>Voltage: 220 \u2013 240 V.<\/strong><\/li>\n<li><strong>Frequency: 50 \u2013 60 Hz.<\/strong><\/li>\n<li><strong>3 Speeds, 3 temperatures.<\/strong><\/li>\n<li><strong>Cold air pulser.<\/strong><\/li>\n<li><strong>Automatic cleaning function and washable filter<\/strong><\/li>\n<li><strong>Memory function<\/strong><\/li>\n<li><strong>Measurements: An: 19.6 X Al: 17 cm.<\/strong><\/li>\n<\/ul>\n<p>&nbsp;<\/p>","protected":false},"excerpt":{"rendered":"<p>Portuguese SECADOR JRL FORTE PRO BRUSHLESS PRETO Secador i\u00f3nico profissional com motor DC ultraleve, potente e eficiente. Com uma vida \u00fatil de 1000 a 1300 h. Fun\u00e7\u00e3o de limpeza autom\u00e1tica. Filtro lav\u00e1vel para melhorar a prote\u00e7\u00e3o do motor. O gerador de i\u00f5es avan\u00e7ado integrado ajuda a reduzir o tempo de secagem e o frisado. Inclui [&hellip;]<\/p>","protected":false},"featured_media":8213,"comment_status":"open","ping_status":"closed","template":"","meta":[],"product_brand":[],"product_cat":[125,111],"product_tag":[],"class_list":{"0":"post-8248","1":"product","2":"type-product","3":"status-publish","4":"has-post-thumbnail","6":"product_cat-hairdresser","7":"product_cat-jrl","9":"first","10":"instock","11":"sale","12":"shipping-taxable","13":"purchasable","14":"product-type-simple"},"acf":[],"_links":{"self":[{"href":"https:\/\/hasamiartigos.com\/pt\/wp-json\/wp\/v2\/product\/8248","targetHints":{"allow":["GET"]}}],"collection":[{"href":"https:\/\/hasamiartigos.com\/pt\/wp-json\/wp\/v2\/product"}],"about":[{"href":"https:\/\/hasamiartigos.com\/pt\/wp-json\/wp\/v2\/types\/product"}],"replies":[{"embeddable":true,"href":"https:\/\/hasamiartigos.com\/pt\/wp-json\/wp\/v2\/comments?post=8248"}],"version-history":[{"count":1,"href":"https:\/\/hasamiartigos.com\/pt\/wp-json\/wp\/v2\/product\/8248\/revisions"}],"predecessor-version":[{"id":8249,"href":"https:\/\/hasamiartigos.com\/pt\/wp-json\/wp\/v2\/product\/8248\/revisions\/8249"}],"wp:featuredmedia":[{"embeddable":true,"href":"https:\/\/hasamiartigos.com\/pt\/wp-json\/wp\/v2\/media\/8213"}],"wp:attachment":[{"href":"https:\/\/hasamiartigos.com\/pt\/wp-json\/wp\/v2\/media?parent=8248"}],"wp:term":[{"taxonomy":"product_brand","embeddable":true,"href":"https:\/\/hasamiartigos.com\/pt\/wp-json\/wp\/v2\/product_brand?post=8248"},{"taxonomy":"product_cat","embeddable":true,"href":"https:\/\/hasamiartigos.com\/pt\/wp-json\/wp\/v2\/product_cat?post=8248"},{"taxonomy":"product_tag","embeddable":true,"href":"https:\/\/hasamiartigos.com\/pt\/wp-json\/wp\/v2\/product_tag?post=8248"}],"curies":[{"name":"wp","href":"https:\/\/api.w.org\/{rel}","templated":true}]}}