{"id":8317,"date":"2024-11-15T05:39:51","date_gmt":"2024-11-15T05:39:51","guid":{"rendered":"https:\/\/hasamiartigos.com\/?post_type=product&#038;p=8317"},"modified":"2025-10-29T04:43:53","modified_gmt":"2025-10-29T04:43:53","slug":"milly-blade-razor-holder-black-pink-white-level-3","status":"publish","type":"product","link":"https:\/\/hasamiartigos.com\/pt\/produto\/milly-blade-razor-holder-black-pink-white-level-3\/","title":{"rendered":"MILLY BLADE RAZOR HOLDER BLACK, PINK &#038; WHITE &#8211; LEVEL 3"},"content":{"rendered":"<p><strong>Portuguese<\/strong><\/p>\n<p><strong>PORTA DE BARBEAR MILLY BLADE PRETO, ROSA E BRANCO &#8211; N\u00cdVEL 3<\/strong><\/p>\n<p>Inspirado no The Arod The Barber, o suporte para m\u00e1quina de barbear Milly Clutch Level 3 foi concebido para proporcionar ao barbeiro profissional um novo n\u00edvel de precis\u00e3o, funcionalidade e controlo.<br \/>\nO robusto mecanismo de suporte da l\u00e2mina com mola \u00e9 f\u00e1cil de montar e desmontar para uma limpeza r\u00e1pida.<br \/>\nExcelente ader\u00eancia e controlo com ponta arredondada para maior conforto.<br \/>\nL\u00e2mina parcialmente exposta para f\u00e1cil visibilidade.<br \/>\nCorpo s\u00f3lido e espesso em a\u00e7o inoxid\u00e1vel.<br \/>\nMaterial do cabo em resina de alta qualidade.<br \/>\nExcelente ader\u00eancia e controlo.<br \/>\nFormato de ponta arredondada para maior conforto do cliente.<br \/>\nEste produto inclui 1 porta-l\u00e2mina Milly Clutch.<br \/>\nEsta navalha aceita l\u00e2minas de dois gumes. As l\u00e2minas n\u00e3o est\u00e3o inclu\u00eddas.<\/p>\n<p><strong>Dimens\u00f5es:\u00a0<\/strong>dobrado com 6,2 polegadas de comprimento. 9 polegadas de comprimento totalmente estendido.<\/p>\n<p><!--more--><\/p>\n<p><strong>English<\/strong><\/p>\n<p><strong>MILLY BLADE RAZOR HOLDER BLACK, PINK &amp; WHITE &#8211; LEVEL 3<\/strong><\/p>\n<p>Ispirato da The Arod The Barber , il supporto per rasoio Milly Clutch Level 3 \u00e8 progettato per fornire al barbiere professionista un nuovo livello di precisione, funzionalit\u00e0 e controllo.<br \/>\nIl robusto meccanismo di supporto della lama a molla \u00e8 facile da montare e smontare per una pulizia rapida.<br \/>\nEccellente presa e controllo con punta arrotondata per un comfort extra.<br \/>\nLama parzialmente esposta per una facile visibilit\u00e0.<br \/>\nCorpo in acciaio inossidabile solido e spesso.<br \/>\nMateriale manico in resina di alta qualit\u00e0.<br \/>\nOttima presa e controllo.<br \/>\nPunta di forma arrotondata per il comfort del cliente .<br \/>\nQuesto prodotto include 1 supporto per rasoio Milly Clutch.<br \/>\nQuesto rasoio accetta lamette a doppia lama. Le lame non sono incluse.<\/p>\n<p><strong>Dimensioni:<\/strong>\u00a0piegato lungo 6,2 pollici. 9 pollici di lunghezza completamente esteso.<\/p>\n<p>&nbsp;<\/p>","protected":false},"excerpt":{"rendered":"<p>Portuguese PORTA DE BARBEAR MILLY BLADE PRETO, ROSA E BRANCO &#8211; N\u00cdVEL 3 Inspirado no The Arod The Barber, o suporte para m\u00e1quina de barbear Milly Clutch Level 3 foi concebido para proporcionar ao barbeiro profissional um novo n\u00edvel de precis\u00e3o, funcionalidade e controlo. O robusto mecanismo de suporte da l\u00e2mina com mola \u00e9 f\u00e1cil [&hellip;]<\/p>","protected":false},"featured_media":8318,"comment_status":"open","ping_status":"closed","template":"","meta":[],"product_brand":[],"product_cat":[123,130],"product_tag":[],"class_list":{"0":"post-8317","1":"product","2":"type-product","3":"status-publish","4":"has-post-thumbnail","6":"product_cat-barber","7":"product_cat-l3vel3","9":"first","10":"instock","11":"featured","12":"shipping-taxable","13":"purchasable","14":"product-type-variable"},"acf":[],"_links":{"self":[{"href":"https:\/\/hasamiartigos.com\/pt\/wp-json\/wp\/v2\/product\/8317","targetHints":{"allow":["GET"]}}],"collection":[{"href":"https:\/\/hasamiartigos.com\/pt\/wp-json\/wp\/v2\/product"}],"about":[{"href":"https:\/\/hasamiartigos.com\/pt\/wp-json\/wp\/v2\/types\/product"}],"replies":[{"embeddable":true,"href":"https:\/\/hasamiartigos.com\/pt\/wp-json\/wp\/v2\/comments?post=8317"}],"version-history":[{"count":2,"href":"https:\/\/hasamiartigos.com\/pt\/wp-json\/wp\/v2\/product\/8317\/revisions"}],"predecessor-version":[{"id":8324,"href":"https:\/\/hasamiartigos.com\/pt\/wp-json\/wp\/v2\/product\/8317\/revisions\/8324"}],"wp:featuredmedia":[{"embeddable":true,"href":"https:\/\/hasamiartigos.com\/pt\/wp-json\/wp\/v2\/media\/8318"}],"wp:attachment":[{"href":"https:\/\/hasamiartigos.com\/pt\/wp-json\/wp\/v2\/media?parent=8317"}],"wp:term":[{"taxonomy":"product_brand","embeddable":true,"href":"https:\/\/hasamiartigos.com\/pt\/wp-json\/wp\/v2\/product_brand?post=8317"},{"taxonomy":"product_cat","embeddable":true,"href":"https:\/\/hasamiartigos.com\/pt\/wp-json\/wp\/v2\/product_cat?post=8317"},{"taxonomy":"product_tag","embeddable":true,"href":"https:\/\/hasamiartigos.com\/pt\/wp-json\/wp\/v2\/product_tag?post=8317"}],"curies":[{"name":"wp","href":"https:\/\/api.w.org\/{rel}","templated":true}]}}