{"id":8336,"date":"2024-11-15T06:09:38","date_gmt":"2024-11-15T06:09:38","guid":{"rendered":"https:\/\/hasamiartigos.com\/?post_type=product&#038;p=8336"},"modified":"2025-10-29T04:43:36","modified_gmt":"2025-10-29T04:43:36","slug":"tinte-temporal-instantaneo-cabello-y-barba-color-negro-125ml-level3","status":"publish","type":"product","link":"https:\/\/hasamiartigos.com\/pt\/produto\/tinte-temporal-instantaneo-cabello-y-barba-color-negro-125ml-level3\/","title":{"rendered":"TINTE TEMPORAL INSTANTANEO CABELLO Y BARBA, COLOR NEGRO, 125ML LEVEL3"},"content":{"rendered":"<p><strong>Portuguese<\/strong><\/p>\n<p><strong>TINTE TEMPORAL INSTANT\u00c2NEO CABELLO Y BARBA, COR NEGRO, 125ML LEVEL3<\/strong><\/p>\n<p>A tinta preta est\u00e1 pronta a ser aplicada e oferece resultados r\u00e1pidos, seja para cobrir cabelos brancos ou intensificar uma tinta desbotada. Ideal para o cabelo e pelos faciais, mant\u00e9m-se fresco at\u00e9 48 horas.<br \/>\n&gt; Cobre os cabelos grisalhos, brancos e mosqueados; retoca as ra\u00edzes e intensifica a cor<br \/>\n&gt; Proporciona resultados naturais, deixando o cabelo e a barba mais preenchidos.<br \/>\n&gt; Combina facilmente com o cabelo existente e tamb\u00e9m acrescenta defini\u00e7\u00e3o aos cortes de cabelo desbotados.<br \/>\n&gt; N\u00e3o \u00e9 necess\u00e1ria mistura, a cor est\u00e1 pronta a ser aplicada e demora apenas alguns minutos a desenvolver-se.<br \/>\n&gt; A f\u00f3rmula n\u00e3o cont\u00e9m ingredientes qu\u00edmicos agressivos que possam irritar o couro cabeludo.<\/p>\n<p><strong>&#8211; COMO UTILIZAR &#8211;<\/strong><br \/>\n&#8211; Aplique a cor diretamente no cabelo.<br \/>\n&#8211; O tempo de aplica\u00e7\u00e3o ir\u00e1 variar consoante a profundidade de cor necess\u00e1ria.<br \/>\n&#8211; Aguarde 5 minutos para que a cor mais clara se deposite.<br \/>\n&#8211; Aguarde at\u00e9 20 minutos para obter o resultado m\u00e1ximo da cor.<br \/>\n&#8211; Enxague bem a tinta quando o tempo terminar.<br \/>\n&#8211; N\u00e3o utilize champ\u00f4 durante pelo menos 24 horas para manter a cor fresca e uniforme.<\/p>\n<p><strong>Ingredientes:<\/strong> AQUA (\u00c1GUA, EAU), PROPILENO GLICOL, ISOPENTILDIOL, HIDROXIETILCELULOSE, CI 15510, PARFUM (FRAGR\u00c2NCIA), CLORETO DE CETRIM\u00d3NIO, \u00c1CIDO C\u00cdTRICO, BENZOATO DE S\u00d3DIO, CI 60730, SORBATO DE POT\u00c1SSIO, CI 17200, LINALOOL, LIMONENO, COUMARINA , SALICILATO , CITRONELOL, GERANIOL.<\/p>\n<p><!--more--><\/p>\n<p><strong>English<\/strong><\/p>\n<p><strong>TINTE TEMPORAL INSTANTANEO CABELLO Y BARBA, COLOR NEGRO, 125ML LEVEL3<\/strong><\/p>\n<p>The black dye is ready to apply and delivers fast results, whether you want to cover grey hair or intensify a faded dye. Ideal for hair and facial hair, it stays looking fresh for up to 48 hours.<br \/>\n&gt; Covers grey, white, and mottled hair; touches up roots and intensifies color<br \/>\n&gt; Delivers natural-looking results, making hair and beard appear fuller.<br \/>\n&gt; Blends easily with existing hair and also adds definition to faded haircuts.<br \/>\n&gt; No mixing required, color is ready to apply and takes just minutes to develop.<br \/>\n&gt; Formula contains no harsh chemical ingredients that can irritate the scalp.<\/p>\n<p><strong>&#8211; HOW TO USE &#8211;<\/strong><br \/>\n&#8211; Apply color directly to hair.<br \/>\n&#8211; Application time will vary depending on the depth of color required.<br \/>\n&#8211; Wait 5 minutes for the lighter color to deposit.<br \/>\n&#8211; Wait up to 20 minutes for maximum color payoff.<br \/>\n&#8211; Rinse the dye thoroughly when time is up.<br \/>\n&#8211; Do not shampoo for at least 24 hours to keep the color fresh and even.<\/p>\n<p><strong>Ingredients:<\/strong> AQUA (WATER, EAU), PROPYLENE GLYCOL, ISOPENTYLDIOL, HYDROXYETHYLCELLULOSE, CI 15510, PARFUM (FRAGRANCE), CETRIMONIUM CHLORIDE, CITRIC ACID, SODIUM BENZOATE, CI 60730, POTASSIUM SORBATE, CI 17200, LINALOOL, LIMONENE, COUMARIN, BENZYL SALICYLATE, CITRONELLOL, GERANIOL.<\/p>","protected":false},"excerpt":{"rendered":"<p>Portuguese TINTE TEMPORAL INSTANT\u00c2NEO CABELLO Y BARBA, COR NEGRO, 125ML LEVEL3 A tinta preta est\u00e1 pronta a ser aplicada e oferece resultados r\u00e1pidos, seja para cobrir cabelos brancos ou intensificar uma tinta desbotada. Ideal para o cabelo e pelos faciais, mant\u00e9m-se fresco at\u00e9 48 horas. &gt; Cobre os cabelos grisalhos, brancos e mosqueados; retoca as [&hellip;]<\/p>","protected":false},"featured_media":8337,"comment_status":"open","ping_status":"closed","template":"","meta":[],"product_brand":[],"product_cat":[123,130],"product_tag":[],"class_list":{"0":"post-8336","1":"product","2":"type-product","3":"status-publish","4":"has-post-thumbnail","6":"product_cat-barber","7":"product_cat-l3vel3","9":"first","10":"instock","11":"featured","12":"shipping-taxable","13":"purchasable","14":"product-type-simple"},"acf":[],"_links":{"self":[{"href":"https:\/\/hasamiartigos.com\/pt\/wp-json\/wp\/v2\/product\/8336","targetHints":{"allow":["GET"]}}],"collection":[{"href":"https:\/\/hasamiartigos.com\/pt\/wp-json\/wp\/v2\/product"}],"about":[{"href":"https:\/\/hasamiartigos.com\/pt\/wp-json\/wp\/v2\/types\/product"}],"replies":[{"embeddable":true,"href":"https:\/\/hasamiartigos.com\/pt\/wp-json\/wp\/v2\/comments?post=8336"}],"version-history":[{"count":1,"href":"https:\/\/hasamiartigos.com\/pt\/wp-json\/wp\/v2\/product\/8336\/revisions"}],"predecessor-version":[{"id":8338,"href":"https:\/\/hasamiartigos.com\/pt\/wp-json\/wp\/v2\/product\/8336\/revisions\/8338"}],"wp:featuredmedia":[{"embeddable":true,"href":"https:\/\/hasamiartigos.com\/pt\/wp-json\/wp\/v2\/media\/8337"}],"wp:attachment":[{"href":"https:\/\/hasamiartigos.com\/pt\/wp-json\/wp\/v2\/media?parent=8336"}],"wp:term":[{"taxonomy":"product_brand","embeddable":true,"href":"https:\/\/hasamiartigos.com\/pt\/wp-json\/wp\/v2\/product_brand?post=8336"},{"taxonomy":"product_cat","embeddable":true,"href":"https:\/\/hasamiartigos.com\/pt\/wp-json\/wp\/v2\/product_cat?post=8336"},{"taxonomy":"product_tag","embeddable":true,"href":"https:\/\/hasamiartigos.com\/pt\/wp-json\/wp\/v2\/product_tag?post=8336"}],"curies":[{"name":"wp","href":"https:\/\/api.w.org\/{rel}","templated":true}]}}