{"id":8354,"date":"2024-12-28T14:34:05","date_gmt":"2024-12-28T14:34:05","guid":{"rendered":"https:\/\/hasamiartigos.com\/?post_type=product&#038;p=8354"},"modified":"2026-02-06T04:41:19","modified_gmt":"2026-02-06T04:41:19","slug":"jrl-fresh-fade-2020t-b-professional-hair-trimmer-black-onyx","status":"publish","type":"product","link":"https:\/\/hasamiartigos.com\/pt\/produto\/jrl-fresh-fade-2020t-b-professional-hair-trimmer-black-onyx\/","title":{"rendered":"JRL Fresh Fade 2020T-B Professional Hair Trimmer Black Onyx.\u00a0"},"content":{"rendered":"<p style=\"text-align: left;\"><strong>Portuguese<\/strong><\/p>\n<p><strong>Aparador de cabelo profissional JRL Fresh Fade 2020T-B Black Onyx.<\/strong><\/p>\n<p>M\u00e1quina de corte profissional, com avan\u00e7ado sistema Smart-Clip patenteado, deteta a resist\u00eancia da l\u00e2mina e aumenta a velocidade do motor para que n\u00e3o fique presa ou solavanco. A sua l\u00e2mina EZ-GAP patenteada garante um corte limpo, perfeito e sem interrup\u00e7\u00f5es. L\u00e2mina em forma de T de 360\u00b0 para cortes precisos. Como alinhar, perfilar e fazer a barba a seco.<\/p>\n<p>&#8211; Velocidade de rota\u00e7\u00e3o: 8.200 rpm.<br \/>\n&#8211; Tempo de utiliza\u00e7\u00e3o: 210 min.<br \/>\n&#8211; Pot\u00eancia: 10 W.<br \/>\nTempo de carregamento: carga r\u00e1pida de 1,5 h.<br \/>\n&#8211; Adaptador: Entrada: 100 \u2013 240 V ~. \u2212 Motor rotativo de longa dura\u00e7\u00e3o 1000 h.<br \/>\n&#8211; Frequ\u00eancia: 50\/60Hz.<br \/>\n&#8211; Tecnologia Smart Clip. Deteta a resist\u00eancia da l\u00e2mina e acelera a velocidade do motor ao detetar pelos mais grossos.<br \/>\nA l\u00e2mina EZ GAP patenteada garante sempre um corte limpo e perfeito.<br \/>\n&#8211; LED indicador de carga.<br \/>\n&#8211; Inclui 5 pentes: 1,5 \u00b7 3 \u00b7 6 \u00b7 8 \u00b7 10 mm.<br \/>\n&#8211; N\u00edvel de corte ajust\u00e1vel: 0 &#8211; 0,5 mm.<\/p>\n<p style=\"text-align: left;\"><!--more--><\/p>\n<p style=\"text-align: left;\"><strong>English<\/strong><\/p>\n<p><strong>JRL Fresh Fade 2020T-B Professional Hair Trimmer Black Onyx.\u00a0<\/strong><\/p>\n<p>Professional cutting machine, with an advanced patented Smart-Clip system, detects the resistance of the blade and increases the speed of the motor so that it does not get stuck or jerk. Its patented EZ-GAP blade guarantees a clean, flawless cut without interruptions. 360\u00b0 T-shaped blade for precision cuts. How to line, profile and dry shave.<\/p>\n<p>&#8211; Rotation speed: 8,200 rpm.<br \/>\n&#8211; Use time: 210 min.<br \/>\n&#8211; Power: 10 W.<br \/>\n&#8211; Charging time: 1.5 h fast charge.<br \/>\n&#8211; Adapter: Input: 100 \u2013 240 V ~. \u2212 Long life rotary motor 1000 h.<br \/>\n&#8211; Frequency: 50\/60 Hz.<br \/>\n&#8211; Smart-Clip technology. It senses blade resistance and speeds up the motor speed when it detects thicker hair.<br \/>\n&#8211; Patented EZ-GAP blade ensures a clean, flawless cut every time.<br \/>\n&#8211; LED charging indicator.<br \/>\n&#8211; Includes 5 combs: 1.5 \u00b7 3 \u00b7 6 \u00b7 8 \u00b7 10 mm.<br \/>\n&#8211; Adjustable cutting level: 0 &#8211; 0.5 mm.<\/p>","protected":false},"excerpt":{"rendered":"<p>Portuguese Aparador de cabelo profissional JRL Fresh Fade 2020T-B Black Onyx. M\u00e1quina de corte profissional, com avan\u00e7ado sistema Smart-Clip patenteado, deteta a resist\u00eancia da l\u00e2mina e aumenta a velocidade do motor para que n\u00e3o fique presa ou solavanco. A sua l\u00e2mina EZ-GAP patenteada garante um corte limpo, perfeito e sem interrup\u00e7\u00f5es. L\u00e2mina em forma de [&hellip;]<\/p>","protected":false},"featured_media":8355,"comment_status":"open","ping_status":"closed","template":"","meta":[],"product_brand":[],"product_cat":[111],"product_tag":[],"class_list":{"0":"post-8354","1":"product","2":"type-product","3":"status-publish","4":"has-post-thumbnail","6":"product_cat-jrl","8":"first","9":"instock","10":"shipping-taxable","11":"purchasable","12":"product-type-simple"},"acf":[],"_links":{"self":[{"href":"https:\/\/hasamiartigos.com\/pt\/wp-json\/wp\/v2\/product\/8354","targetHints":{"allow":["GET"]}}],"collection":[{"href":"https:\/\/hasamiartigos.com\/pt\/wp-json\/wp\/v2\/product"}],"about":[{"href":"https:\/\/hasamiartigos.com\/pt\/wp-json\/wp\/v2\/types\/product"}],"replies":[{"embeddable":true,"href":"https:\/\/hasamiartigos.com\/pt\/wp-json\/wp\/v2\/comments?post=8354"}],"version-history":[{"count":1,"href":"https:\/\/hasamiartigos.com\/pt\/wp-json\/wp\/v2\/product\/8354\/revisions"}],"predecessor-version":[{"id":8356,"href":"https:\/\/hasamiartigos.com\/pt\/wp-json\/wp\/v2\/product\/8354\/revisions\/8356"}],"wp:featuredmedia":[{"embeddable":true,"href":"https:\/\/hasamiartigos.com\/pt\/wp-json\/wp\/v2\/media\/8355"}],"wp:attachment":[{"href":"https:\/\/hasamiartigos.com\/pt\/wp-json\/wp\/v2\/media?parent=8354"}],"wp:term":[{"taxonomy":"product_brand","embeddable":true,"href":"https:\/\/hasamiartigos.com\/pt\/wp-json\/wp\/v2\/product_brand?post=8354"},{"taxonomy":"product_cat","embeddable":true,"href":"https:\/\/hasamiartigos.com\/pt\/wp-json\/wp\/v2\/product_cat?post=8354"},{"taxonomy":"product_tag","embeddable":true,"href":"https:\/\/hasamiartigos.com\/pt\/wp-json\/wp\/v2\/product_tag?post=8354"}],"curies":[{"name":"wp","href":"https:\/\/api.w.org\/{rel}","templated":true}]}}