{"id":8360,"date":"2024-12-28T14:42:09","date_gmt":"2024-12-28T14:42:09","guid":{"rendered":"https:\/\/hasamiartigos.com\/?post_type=product&#038;p=8360"},"modified":"2025-08-02T21:10:30","modified_gmt":"2025-08-02T21:10:30","slug":"jrl-ghost-clipper-trimmer-foil-shaver","status":"publish","type":"product","link":"https:\/\/hasamiartigos.com\/pt\/produto\/jrl-ghost-clipper-trimmer-foil-shaver\/","title":{"rendered":"JRL Ghost Clipper, Trimmer &#038; Foil Shaver"},"content":{"rendered":"<p style=\"text-align: left;\"><strong>Portuguese<\/strong><\/p>\n<p><strong>Cortador, aparador e m\u00e1quina de barbear JRL Ghost<\/strong><\/p>\n<p>Tecnologia Reset IQ Charge:\u00a0prolonga a vida \u00fatil da bateria com um carregamento consistente de 100%, mesmo ap\u00f3s uma utiliza\u00e7\u00e3o prolongada. O carregamento normal demora 3 horas, o carregamento do Reset IQ demora 5 horas.<\/p>\n<p>Tecnologia Smart-Clip: ajusta automaticamente a velocidade do motor para evitar o arrastamento ou o bloqueio, garantindo um corte suave e uniforme.<\/p>\n<p>Pot\u00eancia constante:\u00a0as velocidades duplas (6.000 e 7.500 RPM) mant\u00eam um desempenho consistente.<\/p>\n<p>L\u00e2mina de precis\u00e3o Onyx Fade:\u00a0Ideal para obter um desvanecimento fresco, comprimento m\u00e1ximo de 3,5 mm.<\/p>\n<p>Motor silencioso:\u00a0opera silenciosamente para um ambiente de trabalho confort\u00e1vel.<\/p>\n<p>Bateria de longa dura\u00e7\u00e3o:\u00a03 horas de carga proporcionam 5 horas de autonomia.<\/p>\n<p>Fun\u00e7\u00e3o de bloqueio da alavanca:\u00a05 ajustes de n\u00edvel constante com controlo vari\u00e1vel infinito.<\/p>\n<p>Tecnologia Cool Blade:\u00a0O material especial mant\u00e9m a l\u00e2mina mais fria do que a maioria dos cortadores.<\/p>\n<p>Visor LED:\u00a0mostra o tempo restante da bateria e a defini\u00e7\u00e3o de velocidade atual.<\/p>\n<p>Acess\u00f3rios: Chave de fendas, escova, \u00f3leo lubrificante, protetor de l\u00e2mina, 10 protetores de pente (\u00bd#, 1#, 1-1\/2#, 2#, 3#, 4#, 5#, 6#, 7# , 8#) , Ficha do Reino Unido, doca de carregamento Reset IQ.<\/p>\n<p>&nbsp;<\/p>\n<p>Aparador Fantasma Onyx<\/p>\n<p>L\u00e2mina Onyx EZ-GAP M: Garante zero folgas limpas e perfeitas.<\/p>\n<p>Tecnologia Smart-Clip:\u00a0Evita arrastar ou bloquear, ajustando a velocidade do motor.<\/p>\n<p>Bateria de longa dura\u00e7\u00e3o: 3,5 horas de autonomia.<\/p>\n<p>Motor potente:\u00a08.200 RPM, dura at\u00e9 1.000 horas.<\/p>\n<p>L\u00e2mina em T ultra afiada:\u00a0360\u02da exposta para um revestimento preciso, design e barbear a seco.<\/p>\n<p>Acess\u00f3rios:\u00a0base de carregamento.<\/p>\n<p>&nbsp;<\/p>\n<p>M\u00e1quina de barbear Onyx Ghost Foil<\/p>\n<p>Tecnologia de levita\u00e7\u00e3o magn\u00e9tica:\u00a0suspende as l\u00e2minas sem suporte f\u00edsico para um barbear suave e uniforme.<\/p>\n<p>Folha ultrafina:\u00a0amiga da pele para um corte super rente sem aplicar press\u00e3o.<\/p>\n<p>Folha dur\u00e1vel:\u00a0de longa dura\u00e7\u00e3o e super dur\u00e1vel.<\/p>\n<p>Motor de alta pot\u00eancia:\u00a08.000 RPM para um desempenho eficiente.<\/p>\n<p>Autonomia da bateria:\u00a02 horas de carga proporcionam 3 horas de autonomia; Display LED mostra o estado da bateria.<\/p>\n<p>Baixo ru\u00eddo:\u00a0Funcionamento silencioso devido ao sistema de l\u00e2minas de levita\u00e7\u00e3o magn\u00e9tica.<\/p>\n<p>Utiliza\u00e7\u00e3o vers\u00e1til:\u00a0pode ser utilizado sem fios ou com cabo.<\/p>\n<p style=\"text-align: left;\"><!--more--><\/p>\n<p style=\"text-align: left;\"><strong>English<\/strong><\/p>\n<p><strong>JRL Ghost Clipper, Trimmer &amp; Foil Shaver<\/strong><\/p>\n<p>Reset IQ Charge Technology:\u00a0Extends battery life with consistent 100% charging, even after extended use. Regular charging takes 3 hours, Reset IQ charging takes 5 hours.<\/p>\n<p>Smart-Clip Technology:\u00a0Automatically adjusts motor speed to prevent dragging or stalling, ensuring a smooth, even cut.<\/p>\n<p>Constant Power:\u00a0Dual speeds (6,000 &amp; 7,500 RPM) maintain consistent performance.<\/p>\n<p>Onyx Fade Precision Blade:\u00a0Ideal for achieving a fresh fade, max length 3.5mm.<\/p>\n<p>Quiet Motor:\u00a0Operates quietly for a comfortable work environment.<\/p>\n<p>Long Battery Life:\u00a03-hour charge provides 5 hours of run time.<\/p>\n<p>Lever Locking Feature:\u00a05 steady level adjustments with infinite variable control.<\/p>\n<p>Cool Blade Technology:\u00a0Special material keeps the blade cooler than most clippers.<\/p>\n<p>LED Display:\u00a0Shows remaining battery time and current speed setting.<\/p>\n<p>Accessories:\u00a0Screwdriver, brush, lubricant oil, blade protector, 10 comb guards (\u00bd#, 1#, 1-1\/2#, 2#, 3#, 4#, 5#, 6#, 7#, 8#), UK plug, Reset IQ charging dock.<\/p>\n<p>&nbsp;<\/p>\n<p>Onyx Ghost Trimmer<\/p>\n<p>Onyx EZ-GAP M Blade:\u00a0Ensures clean, flawless zero gaps.<\/p>\n<p>Smart-Clip Technology:\u00a0Prevents dragging or stalling by adjusting motor speed.<\/p>\n<p>Long Battery Life:\u00a03.5 hours of run time.<\/p>\n<p>Powerful Motor:\u00a08200 RPM, lasts up to 1,000 hours.<\/p>\n<p>Ultra Sharp T-Blade:\u00a0360\u02da exposed for precise lining, designing, and dry shaving.<\/p>\n<p>Accessories:\u00a0Charging dock.<\/p>\n<p>&nbsp;<\/p>\n<p>Onyx Ghost Foil Shaver<\/p>\n<p>Magnetic Levitation Technology:\u00a0Suspends blades without physical support for a smooth, even shave.<\/p>\n<p>Ultra-Thin Foil:\u00a0Skin-friendly for a super-close cut without applying pressure.<\/p>\n<p>Durable Foil:\u00a0Long-lasting and super durable.<\/p>\n<p>High-Power Motor:\u00a08000 RPM for efficient performance.<\/p>\n<p>Battery Life:\u00a02-hour charge provides 3 hours of run time; LED display shows battery status.<\/p>\n<p>Low Noise:\u00a0Quiet operation due to the magnetic levitation blade system.<\/p>\n<p>Versatile Use:\u00a0Can be used cordless or with a cord.<\/p>","protected":false},"excerpt":{"rendered":"<p>Portuguese Cortador, aparador e m\u00e1quina de barbear JRL Ghost Tecnologia Reset IQ Charge:\u00a0prolonga a vida \u00fatil da bateria com um carregamento consistente de 100%, mesmo ap\u00f3s uma utiliza\u00e7\u00e3o prolongada. O carregamento normal demora 3 horas, o carregamento do Reset IQ demora 5 horas. Tecnologia Smart-Clip: ajusta automaticamente a velocidade do motor para evitar o arrastamento [&hellip;]<\/p>","protected":false},"featured_media":8361,"comment_status":"open","ping_status":"closed","template":"","meta":[],"product_brand":[],"product_cat":[111],"product_tag":[],"class_list":{"0":"post-8360","1":"product","2":"type-product","3":"status-publish","4":"has-post-thumbnail","6":"product_cat-jrl","8":"first","9":"outofstock","10":"shipping-taxable","11":"purchasable","12":"product-type-simple"},"acf":[],"_links":{"self":[{"href":"https:\/\/hasamiartigos.com\/pt\/wp-json\/wp\/v2\/product\/8360","targetHints":{"allow":["GET"]}}],"collection":[{"href":"https:\/\/hasamiartigos.com\/pt\/wp-json\/wp\/v2\/product"}],"about":[{"href":"https:\/\/hasamiartigos.com\/pt\/wp-json\/wp\/v2\/types\/product"}],"replies":[{"embeddable":true,"href":"https:\/\/hasamiartigos.com\/pt\/wp-json\/wp\/v2\/comments?post=8360"}],"version-history":[{"count":2,"href":"https:\/\/hasamiartigos.com\/pt\/wp-json\/wp\/v2\/product\/8360\/revisions"}],"predecessor-version":[{"id":8363,"href":"https:\/\/hasamiartigos.com\/pt\/wp-json\/wp\/v2\/product\/8360\/revisions\/8363"}],"wp:featuredmedia":[{"embeddable":true,"href":"https:\/\/hasamiartigos.com\/pt\/wp-json\/wp\/v2\/media\/8361"}],"wp:attachment":[{"href":"https:\/\/hasamiartigos.com\/pt\/wp-json\/wp\/v2\/media?parent=8360"}],"wp:term":[{"taxonomy":"product_brand","embeddable":true,"href":"https:\/\/hasamiartigos.com\/pt\/wp-json\/wp\/v2\/product_brand?post=8360"},{"taxonomy":"product_cat","embeddable":true,"href":"https:\/\/hasamiartigos.com\/pt\/wp-json\/wp\/v2\/product_cat?post=8360"},{"taxonomy":"product_tag","embeddable":true,"href":"https:\/\/hasamiartigos.com\/pt\/wp-json\/wp\/v2\/product_tag?post=8360"}],"curies":[{"name":"wp","href":"https:\/\/api.w.org\/{rel}","templated":true}]}}