{"id":8714,"date":"2025-10-28T04:54:47","date_gmt":"2025-10-28T04:54:47","guid":{"rendered":"https:\/\/hasamiartigos.com\/?post_type=product&#038;p=8714"},"modified":"2025-10-28T04:54:47","modified_gmt":"2025-10-28T04:54:47","slug":"detangler-spray-2-phase-250-ml-level-3","status":"publish","type":"product","link":"https:\/\/hasamiartigos.com\/pt\/produto\/detangler-spray-2-phase-250-ml-level-3\/","title":{"rendered":"DETANGLER SPRAY 2 PHASE 250 ML LEVEL 3"},"content":{"rendered":"<p style=\"text-align: left;\"><strong>Portuguese<\/strong><\/p>\n<p><strong>Spray desembara\u00e7ador bif\u00e1sico<\/strong><\/p>\n<p>Os n\u00f3s n\u00e3o t\u00eam qualquer hip\u00f3tese. O nosso Spray Desembara\u00e7ador Bif\u00e1sico torna o desembara\u00e7ar dos fios suave e sem stress. A f\u00f3rmula leve e sem enxaguamento suaviza e condiciona o cabelo, adicionando deslizamento, brilho e hidrata\u00e7\u00e3o \u2014 sem deixar res\u00edduos ou desperd\u00edcios.<\/p>\n<p>Enriquecido com manteiga de karit\u00e9, extrato de coco, queratina e vitamina E, este spray hidrata e nutre cada madeixa para reduzir a quebra e o frisado. Inclui tamb\u00e9m \u00f3leos leves e agentes condicionadores que deixam os cabelos sedosos e f\u00e1ceis de pentear. Perfeito para todos os tipos de cabelo, especialmente cabelos secos ou danificados que precisam de cuidados redobrados.<\/p>\n<p>Utilize no cabelo molhado ou seco para refrescar, desembara\u00e7ar e proteger a cada aplica\u00e7\u00e3o.<\/p>\n<p style=\"text-align: left;\"><!--more--><\/p>\n<p style=\"text-align: left;\"><strong>English<\/strong><\/p>\n<p><strong>2 Phase Detangler Spray<\/strong><\/p>\n<p>Tangles don\u2019t stand a chance. Our 2 Phase Detangler Spray makes combing through knots smooth and stress-free. The lightweight, leave-in formula softens and conditions hair while adding slip, shine, and moisture\u2014no stickiness or residue.<\/p>\n<p>Enriched with shea butter, coconut extract, keratin, and vitamin E, this spray hydrates and nourishes each strand to reduce breakage and frizz. It also includes lightweight oils and conditioning agents that leave hair silky and manageable. Perfect for all hair types, especially dry or damaged hair in need of extra care.<\/p>\n<p>Use it on wet or dry hair to refresh, detangle, and protect with every spray.<\/p>","protected":false},"excerpt":{"rendered":"<p>Portuguese Spray desembara\u00e7ador bif\u00e1sico Os n\u00f3s n\u00e3o t\u00eam qualquer hip\u00f3tese. O nosso Spray Desembara\u00e7ador Bif\u00e1sico torna o desembara\u00e7ar dos fios suave e sem stress. A f\u00f3rmula leve e sem enxaguamento suaviza e condiciona o cabelo, adicionando deslizamento, brilho e hidrata\u00e7\u00e3o \u2014 sem deixar res\u00edduos ou desperd\u00edcios. Enriquecido com manteiga de karit\u00e9, extrato de coco, queratina [&hellip;]<\/p>","protected":false},"featured_media":8715,"comment_status":"open","ping_status":"closed","template":"","meta":[],"product_brand":[],"product_cat":[130],"product_tag":[131,132],"class_list":{"0":"post-8714","1":"product","2":"type-product","3":"status-publish","4":"has-post-thumbnail","6":"product_cat-l3vel3","7":"product_tag-l3vel3","8":"product_tag-spray","10":"first","11":"instock","12":"shipping-taxable","13":"purchasable","14":"product-type-simple"},"acf":[],"_links":{"self":[{"href":"https:\/\/hasamiartigos.com\/pt\/wp-json\/wp\/v2\/product\/8714","targetHints":{"allow":["GET"]}}],"collection":[{"href":"https:\/\/hasamiartigos.com\/pt\/wp-json\/wp\/v2\/product"}],"about":[{"href":"https:\/\/hasamiartigos.com\/pt\/wp-json\/wp\/v2\/types\/product"}],"replies":[{"embeddable":true,"href":"https:\/\/hasamiartigos.com\/pt\/wp-json\/wp\/v2\/comments?post=8714"}],"version-history":[{"count":1,"href":"https:\/\/hasamiartigos.com\/pt\/wp-json\/wp\/v2\/product\/8714\/revisions"}],"predecessor-version":[{"id":8716,"href":"https:\/\/hasamiartigos.com\/pt\/wp-json\/wp\/v2\/product\/8714\/revisions\/8716"}],"wp:featuredmedia":[{"embeddable":true,"href":"https:\/\/hasamiartigos.com\/pt\/wp-json\/wp\/v2\/media\/8715"}],"wp:attachment":[{"href":"https:\/\/hasamiartigos.com\/pt\/wp-json\/wp\/v2\/media?parent=8714"}],"wp:term":[{"taxonomy":"product_brand","embeddable":true,"href":"https:\/\/hasamiartigos.com\/pt\/wp-json\/wp\/v2\/product_brand?post=8714"},{"taxonomy":"product_cat","embeddable":true,"href":"https:\/\/hasamiartigos.com\/pt\/wp-json\/wp\/v2\/product_cat?post=8714"},{"taxonomy":"product_tag","embeddable":true,"href":"https:\/\/hasamiartigos.com\/pt\/wp-json\/wp\/v2\/product_tag?post=8714"}],"curies":[{"name":"wp","href":"https:\/\/api.w.org\/{rel}","templated":true}]}}