{"id":8720,"date":"2025-10-28T05:04:37","date_gmt":"2025-10-28T05:04:37","guid":{"rendered":"https:\/\/hasamiartigos.com\/?post_type=product&#038;p=8720"},"modified":"2025-10-28T05:04:37","modified_gmt":"2025-10-28T05:04:37","slug":"hair-styling-pomade-strong-hold-with-shine-150ml-level-3","status":"publish","type":"product","link":"https:\/\/hasamiartigos.com\/pt\/produto\/hair-styling-pomade-strong-hold-with-shine-150ml-level-3\/","title":{"rendered":"HAIR STYLING POMADE STRONG HOLD WITH SHINE 150ML LEVEL 3"},"content":{"rendered":"<p style=\"text-align: left;\"><strong>Portuguese<\/strong><\/p>\n<p><strong>Pomada para Modelar Cabelo L3VEL3 150ml<\/strong><\/p>\n<p>Obtenha um brilho intenso e duradouro e uma fixa\u00e7\u00e3o extrema com a Pomada para Modelar Cabelo L3VEL3\u2122 da marca LV3\u2122, transparente e com queratina. A f\u00f3rmula para modelar sem res\u00edduos L3VEL3 seca leve e limpa, proporcionando uma sensa\u00e7\u00e3o de frescura, enquanto a agrad\u00e1vel fragr\u00e2ncia revigora os seus sentidos e a liberdade para modelar ao longo do dia. Os ingredientes n\u00e3o deixam o cabelo pegajoso, sem frizz, nem pesado \u2013 apenas um cabelo irresistivelmente macio e brilhante.<\/p>\n<ul>\n<li>Melhora o volume e a for\u00e7a<\/li>\n<li>F\u00f3rmula transparente e sem descama\u00e7\u00e3o<\/li>\n<li>Fixa\u00e7\u00e3o extrema de longa dura\u00e7\u00e3o<\/li>\n<li>Com queratina<\/li>\n<li>Protege contra os danos capilares<\/li>\n<li>Ajuda a reduzir o risco de frizz<\/li>\n<li>Sem pegajosidade, sem res\u00edduos<\/li>\n<li>Remodela\u00e7\u00e3o e penteia ao longo do dia<\/li>\n<li>Tamanho: 150 ml.<\/li>\n<\/ul>\n<p><strong>Modo de utiliza\u00e7\u00e3o:<\/strong><\/p>\n<p>Coloque uma pequena quantidade de cera para modelar na palma das m\u00e3os e esfregue em movimentos circulares para a aquecer. Aplique uniformemente em todo o cabelo at\u00e9 obter o penteado desejado.<\/p>\n<p style=\"text-align: left;\"><!--more--><\/p>\n<p style=\"text-align: left;\"><strong>English<\/strong><\/p>\n<p><strong>L3VEL3 Hair Styling Pomade 150ml<\/strong><\/p>\n<p>Get brilliant, long-lasting shine and extreme hold with the transparent, keratin-infused LV3\u2122 Brand L3VEL3 \u2122 Hair Styling Pomade. The L3VEL3 residue-free hair-styling formula dries light and clean for a fresh feeling, while the pleasant scent gives your senses a lift and the freedom to restyle throughout the day. Ingredients provide no stickiness, no frizz, no heavy hair feeling \u2013 just irresistibly smooth, shiny hair.<\/p>\n<ul>\n<li>Improves volume and strength<\/li>\n<li>Transparent, flake-free formula<\/li>\n<li>Long-lasting extreme hold<\/li>\n<li>Infused with Keratin<\/li>\n<li>Protects against hair damage<\/li>\n<li>Helps reduce the risk of frizz<\/li>\n<li>No stickiness, no residue<\/li>\n<li>Restyle and comb throughout the day<\/li>\n<li>Size: 150 ml.<\/li>\n<\/ul>\n<p><strong>Directions:<\/strong><\/p>\n<p>Place a small amount of hair styling wax onto the palm of your hands and rub it in a circular motion to warm it up. Apply evenly throughout hair into the desired style.<\/p>","protected":false},"excerpt":{"rendered":"<p>Portuguese Pomada para Modelar Cabelo L3VEL3 150ml Obtenha um brilho intenso e duradouro e uma fixa\u00e7\u00e3o extrema com a Pomada para Modelar Cabelo L3VEL3\u2122 da marca LV3\u2122, transparente e com queratina. A f\u00f3rmula para modelar sem res\u00edduos L3VEL3 seca leve e limpa, proporcionando uma sensa\u00e7\u00e3o de frescura, enquanto a agrad\u00e1vel fragr\u00e2ncia revigora os seus sentidos [&hellip;]<\/p>","protected":false},"featured_media":8721,"comment_status":"open","ping_status":"closed","template":"","meta":[],"product_brand":[],"product_cat":[130],"product_tag":[137,135,131,136],"class_list":{"0":"post-8720","1":"product","2":"type-product","3":"status-publish","4":"has-post-thumbnail","6":"product_cat-l3vel3","7":"product_tag-hair","8":"product_tag-hair-styling","9":"product_tag-l3vel3","10":"product_tag-styling","12":"first","13":"instock","14":"shipping-taxable","15":"purchasable","16":"product-type-simple"},"acf":[],"_links":{"self":[{"href":"https:\/\/hasamiartigos.com\/pt\/wp-json\/wp\/v2\/product\/8720","targetHints":{"allow":["GET"]}}],"collection":[{"href":"https:\/\/hasamiartigos.com\/pt\/wp-json\/wp\/v2\/product"}],"about":[{"href":"https:\/\/hasamiartigos.com\/pt\/wp-json\/wp\/v2\/types\/product"}],"replies":[{"embeddable":true,"href":"https:\/\/hasamiartigos.com\/pt\/wp-json\/wp\/v2\/comments?post=8720"}],"version-history":[{"count":1,"href":"https:\/\/hasamiartigos.com\/pt\/wp-json\/wp\/v2\/product\/8720\/revisions"}],"predecessor-version":[{"id":8722,"href":"https:\/\/hasamiartigos.com\/pt\/wp-json\/wp\/v2\/product\/8720\/revisions\/8722"}],"wp:featuredmedia":[{"embeddable":true,"href":"https:\/\/hasamiartigos.com\/pt\/wp-json\/wp\/v2\/media\/8721"}],"wp:attachment":[{"href":"https:\/\/hasamiartigos.com\/pt\/wp-json\/wp\/v2\/media?parent=8720"}],"wp:term":[{"taxonomy":"product_brand","embeddable":true,"href":"https:\/\/hasamiartigos.com\/pt\/wp-json\/wp\/v2\/product_brand?post=8720"},{"taxonomy":"product_cat","embeddable":true,"href":"https:\/\/hasamiartigos.com\/pt\/wp-json\/wp\/v2\/product_cat?post=8720"},{"taxonomy":"product_tag","embeddable":true,"href":"https:\/\/hasamiartigos.com\/pt\/wp-json\/wp\/v2\/product_tag?post=8720"}],"curies":[{"name":"wp","href":"https:\/\/api.w.org\/{rel}","templated":true}]}}