{"id":8740,"date":"2025-10-28T05:36:27","date_gmt":"2025-10-28T05:36:27","guid":{"rendered":"https:\/\/hasamiartigos.com\/?post_type=product&#038;p=8740"},"modified":"2025-10-31T04:54:58","modified_gmt":"2025-10-31T04:54:58","slug":"jrl-onyx-clipper-white","status":"publish","type":"product","link":"https:\/\/hasamiartigos.com\/pt\/produto\/jrl-onyx-clipper-white\/","title":{"rendered":"JRL ONYX CLIPPER WHITE"},"content":{"rendered":"<p style=\"text-align: left;\"><strong>Portuguese<\/strong><\/p>\n<p><strong>JRL ONYX CLIPPER BRANCO<\/strong><\/p>\n<p><strong>Tecnologia patenteada Reset IQ Charge<\/strong> &#8211; Uma nova forma de carregar que prolonga a vida \u00fatil da bateria.<\/p>\n<p>Este design carrega consistentemente at\u00e9 100%, mesmo ap\u00f3s uma utiliza\u00e7\u00e3o prolongada.<\/p>\n<p>3 horas para carregamento normal, 5 horas para carregamento Reset IQ.<\/p>\n<p><strong>Tecnologia patenteada Smart-Clip<\/strong> &#8211; O aparador deteta a resist\u00eancia da l\u00e2mina e acelera a velocidade do motor, para que o aparador nunca arraste ou pare. Garante um corte suave e uniforme em todas as ocasi\u00f5es.<\/p>\n<p>Pot\u00eancia constante &#8211; 2 velocidades de ajuste para versatilidade de corte, 6.000 e 7.500 RPM, mantendo a velocidade durante o tempo de funcionamento.<\/p>\n<p><strong>Equipado com l\u00e2mina de precis\u00e3o Onyx Fade<\/strong> &#8211; Ajuda a obter um aspeto desbotado e renovado, m\u00e1x. Comprimento: 3,5 mm<\/p>\n<p>Motor silencioso &#8211; Cria um ambiente de trabalho silencioso<\/p>\n<p><strong>Autonomia m\u00e1xima de 5 horas<\/strong> &#8211; 3 horas de carga produzem 5 horas de autonomia da bateria<\/p>\n<p><strong>Recurso avan\u00e7ado de bloqueio por alavanca<\/strong> &#8211; 5 ajustes de bloqueio constantes com controlo vari\u00e1vel infinito<\/p>\n<p>que mant\u00e9m a l\u00e2mina fria ao toque, tornando-a mais fria do que a maioria dos aparadores num teste de 30 minutos. A l\u00e2mina tamb\u00e9m \u00e9 intercambi\u00e1vel com a maioria das marcas de aparadores profissionais.<\/p>\n<p><strong>Ecr\u00e3 LED<\/strong> &#8211; O ecr\u00e3 LED indica o tempo restante da bateria na configura\u00e7\u00e3o de velocidade atual.<\/p>\n<p><strong>Acess\u00f3rios:<\/strong> 1 chave de fendas, 1 escova, 1 \u00f3leo lubrificante, 1 protetor de l\u00e2mina, 10 protetores de pente (\u00bd#, 1#, 1-1\/2#, 2#, 3#, 4#, 5#, 6#, 7#, 8#), 1 ficha americana<\/p>\n<p>Base de carregamento Reset IQ inclu\u00edda<\/p>\n<p style=\"text-align: left;\"><!--more--><\/p>\n<p style=\"text-align: left;\"><strong>English<\/strong><\/p>\n<p>JRL ONYX CLIPPER WHITE<\/p>\n<p><strong>Patented Reset IQ Charge Technology<\/strong> &#8211; A new way of charging that extends the battery life.<\/p>\n<p>This design will consistently charge to 100% even after extended use.<\/p>\n<p>3 Hours For Regular Charging, 5 Hours for Reset IQ Charging.<\/p>\n<p><strong>Patented Smart-Clip Technology<\/strong> &#8211; Clipper senses blade resistance and revs up the motor speed, therefore clipper will never drag or stall. Guarantees a smooth even cut every time.<\/p>\n<p>Constant Power &#8211; 2-Adjustment speeds for cutting versatility, 6,000 &amp; 7,500 RPM and maintains speeds during run time.<\/p>\n<p><strong>Equipped With Onyx Fade Precision Blade<\/strong> &#8211; Helps get the fresh fade look, Max. length: 3.5mm<\/p>\n<p><strong>Quiet Motor<\/strong> &#8211; Creates a quiet work environment<\/p>\n<p><strong>Max 5 Hours Run Time<\/strong> &#8211; 3 Hours charge produces 5 hours battery life<\/p>\n<p><strong>Advanced Lever Locking Feature<\/strong> &#8211; 5 Steady level locking adjustments with infinite variable<\/p>\n<p>control that maintains over long term use.<\/p>\n<p><strong>Patented Cool Blade Technology<\/strong> &#8211; Special material keeps blade cool to the touch making blade cooler than most clippers in a 30-minute test. Blade is also interchangeable with most professional clipper brands.<\/p>\n<p><strong>LED Display<\/strong> &#8211; LED display indicates remaining battery time in the current speed setting.<\/p>\n<p><strong>Accessories:<\/strong> 1 Screwdriver, 1 Brush, 1 Lubricant Oil, 1 Blade Protector, 10 Comb Guards (\u00bd#, 1#, 1-1\/2#, 2#, 3#, 4#, 5#, 6#, 7#, 8#), 1 US Plug<\/p>\n<p>Reset IQ Charging Dock Is Included<\/p>","protected":false},"excerpt":{"rendered":"<p>Portuguese JRL ONYX CLIPPER BRANCO Tecnologia patenteada Reset IQ Charge &#8211; Uma nova forma de carregar que prolonga a vida \u00fatil da bateria. Este design carrega consistentemente at\u00e9 100%, mesmo ap\u00f3s uma utiliza\u00e7\u00e3o prolongada. 3 horas para carregamento normal, 5 horas para carregamento Reset IQ. Tecnologia patenteada Smart-Clip &#8211; O aparador deteta a resist\u00eancia da [&hellip;]<\/p>","protected":false},"featured_media":8772,"comment_status":"open","ping_status":"closed","template":"","meta":[],"product_brand":[],"product_cat":[111],"product_tag":[139],"class_list":{"0":"post-8740","1":"product","2":"type-product","3":"status-publish","4":"has-post-thumbnail","6":"product_cat-jrl","7":"product_tag-jrl","9":"first","10":"instock","11":"shipping-taxable","12":"purchasable","13":"product-type-simple"},"acf":[],"_links":{"self":[{"href":"https:\/\/hasamiartigos.com\/pt\/wp-json\/wp\/v2\/product\/8740","targetHints":{"allow":["GET"]}}],"collection":[{"href":"https:\/\/hasamiartigos.com\/pt\/wp-json\/wp\/v2\/product"}],"about":[{"href":"https:\/\/hasamiartigos.com\/pt\/wp-json\/wp\/v2\/types\/product"}],"replies":[{"embeddable":true,"href":"https:\/\/hasamiartigos.com\/pt\/wp-json\/wp\/v2\/comments?post=8740"}],"version-history":[{"count":1,"href":"https:\/\/hasamiartigos.com\/pt\/wp-json\/wp\/v2\/product\/8740\/revisions"}],"predecessor-version":[{"id":8742,"href":"https:\/\/hasamiartigos.com\/pt\/wp-json\/wp\/v2\/product\/8740\/revisions\/8742"}],"wp:featuredmedia":[{"embeddable":true,"href":"https:\/\/hasamiartigos.com\/pt\/wp-json\/wp\/v2\/media\/8772"}],"wp:attachment":[{"href":"https:\/\/hasamiartigos.com\/pt\/wp-json\/wp\/v2\/media?parent=8740"}],"wp:term":[{"taxonomy":"product_brand","embeddable":true,"href":"https:\/\/hasamiartigos.com\/pt\/wp-json\/wp\/v2\/product_brand?post=8740"},{"taxonomy":"product_cat","embeddable":true,"href":"https:\/\/hasamiartigos.com\/pt\/wp-json\/wp\/v2\/product_cat?post=8740"},{"taxonomy":"product_tag","embeddable":true,"href":"https:\/\/hasamiartigos.com\/pt\/wp-json\/wp\/v2\/product_tag?post=8740"}],"curies":[{"name":"wp","href":"https:\/\/api.w.org\/{rel}","templated":true}]}}