{"id":8786,"date":"2025-11-10T06:21:55","date_gmt":"2025-11-10T06:21:55","guid":{"rendered":"https:\/\/hasamiartigos.com\/?post_type=product&#038;p=8786"},"modified":"2025-11-10T06:22:10","modified_gmt":"2025-11-10T06:22:10","slug":"eyeliner-pencil-hair-eyes-eyebrows-and-lips-12-units","status":"publish","type":"product","link":"https:\/\/hasamiartigos.com\/pt\/produto\/eyeliner-pencil-hair-eyes-eyebrows-and-lips-12-units\/","title":{"rendered":"Eyeliner Pencil Hair, Eyes, Eyebrows and Lips 12 Units"},"content":{"rendered":"<p style=\"text-align: left;\"><strong>Portuguese<\/strong><\/p>\n<p><strong>L\u00c1PIS DELINEADOR, CABELO, OLHOS, SOBRANCELHAS E L\u00c1BIOS, 12 UNIDADES<\/strong><\/p>\n<p>L\u00e1pis de Contorno Coloridos lv3 logos \u2013 Pack de 12 | L\u00e1pis de Cor para Desenho no Cabelo | Caneta Colorida para Tatuagem Capilar<br \/>\nD\u00ea um toque mais art\u00edstico e pessoal aos seus desenhos com os L\u00e1pis de Contorno Coloridos lv3 logos \u2013 Embalagem com 12 unidades. O material leve proporciona o m\u00e1ximo conforto e estabilidade durante longos per\u00edodos. Os l\u00e1pis de cor s\u00e3o uma excelente escolha para criar tatuagens capilares modernas, retratos capilares e designs criativos para o cabelo.<\/p>\n<p>Os l\u00e1pis de contorno oferecem linhas de cor precisas e n\u00edtidas. Cada caneta inclui um estojo protetor para a ponta, garantindo uma maior durabilidade.<\/p>\n<p>Design leve, m\u00e1ximo conforto<br \/>\nPack de 12 canetas em cores sortidas<br \/>\nFabricado com materiais dur\u00e1veis \u200b\u200bde alta qualidade<br \/>\nCada caneta vem com um estojo protetor para a ponta<br \/>\nPerfeito para desenhos e retratos capilares<br \/>\nDimens\u00f5es: Cada l\u00e1pis de contorno tem 18,4 cm de comprimento.<\/p>\n<p>Inclui 12 l\u00e1pis de contorno.<\/p>\n<p>Cores inclu\u00eddas:<\/p>\n<p>1 caneta delineadora preta<br \/>\n1 caneta delineadora castanha escura<br \/>\n1 caneta delineadora castanho claro<br \/>\n1 caneta delineadora azul<br \/>\n1 caneta delineadora azul celeste<br \/>\n1 caneta delineadora verde<br \/>\n1 caneta delineadora vermelha<br \/>\n1 caneta delineadora laranja<br \/>\n1 caneta delineadora rosa<br \/>\n1 caneta delineadora amarela<br \/>\n1 caneta delineadora cinzenta<br \/>\n1 caneta delineadora branca<\/p>\n<p style=\"text-align: left;\"><!--more--><\/p>\n<p style=\"text-align: left;\"><strong>English<\/strong><\/p>\n<p><strong>Eyeliner Pencil Hair, Eyes, Eyebrows and Lips 12 Units<\/strong><\/p>\n<p>lv3 logos Color Liner Pencils \u2013 12 Pack | Hair Engraving Color Pencils | Color Pen For Hair Tattoo<br \/>\nGive your designs a more artistic and personal feel with the lv3 logos Color Liner Pencils \u2013 12 Pc. The lightweight material provides maximum comfort and stability over long periods of time. Color pencils are an excellent choice for creating trending hair tattoos, hair portraits, and creative hair designs.<\/p>\n<p>The liner pencils deliver precise and sharp color lines. Each pen includes a tip cover case for protection and durability.<\/p>\n<p>Lightweight design, maximum comfort<br \/>\n12 pack- assorted color pens<br \/>\nMade of high-quality, durable materials<br \/>\nEach pen comes with a tip cover case<br \/>\nPerfect for hair engraving and hair portraits<br \/>\nDimensions: Each pen liner is 7.25 inches long.<\/p>\n<p>Includes 12 liner pencils.<\/p>\n<p>Included colors:<\/p>\n<p>1 x Black color liner pens<br \/>\n1 x dark brown liner pen<br \/>\n1 x light brown liner pen<br \/>\n1 x blue liner pen<br \/>\n1 x sky blue liner pen<br \/>\n1 x green liner pen<br \/>\n1 x red liner pen<br \/>\n1 x orange liner pen<br \/>\n1 x pink liner pen<br \/>\n1 x yellow liner pen<br \/>\n1 x gray liner pen<br \/>\n1 x white liner pen<\/p>","protected":false},"excerpt":{"rendered":"<p>Portuguese L\u00c1PIS DELINEADOR, CABELO, OLHOS, SOBRANCELHAS E L\u00c1BIOS, 12 UNIDADES L\u00e1pis de Contorno Coloridos lv3 logos \u2013 Pack de 12 | L\u00e1pis de Cor para Desenho no Cabelo | Caneta Colorida para Tatuagem Capilar D\u00ea um toque mais art\u00edstico e pessoal aos seus desenhos com os L\u00e1pis de Contorno Coloridos lv3 logos \u2013 Embalagem com [&hellip;]<\/p>","protected":false},"featured_media":8787,"comment_status":"open","ping_status":"closed","template":"","meta":[],"product_brand":[],"product_cat":[123,130],"product_tag":[],"class_list":{"0":"post-8786","1":"product","2":"type-product","3":"status-publish","4":"has-post-thumbnail","6":"product_cat-barber","7":"product_cat-l3vel3","9":"first","10":"instock","11":"shipping-taxable","12":"purchasable","13":"product-type-simple"},"acf":[],"_links":{"self":[{"href":"https:\/\/hasamiartigos.com\/pt\/wp-json\/wp\/v2\/product\/8786","targetHints":{"allow":["GET"]}}],"collection":[{"href":"https:\/\/hasamiartigos.com\/pt\/wp-json\/wp\/v2\/product"}],"about":[{"href":"https:\/\/hasamiartigos.com\/pt\/wp-json\/wp\/v2\/types\/product"}],"replies":[{"embeddable":true,"href":"https:\/\/hasamiartigos.com\/pt\/wp-json\/wp\/v2\/comments?post=8786"}],"version-history":[{"count":2,"href":"https:\/\/hasamiartigos.com\/pt\/wp-json\/wp\/v2\/product\/8786\/revisions"}],"predecessor-version":[{"id":8791,"href":"https:\/\/hasamiartigos.com\/pt\/wp-json\/wp\/v2\/product\/8786\/revisions\/8791"}],"wp:featuredmedia":[{"embeddable":true,"href":"https:\/\/hasamiartigos.com\/pt\/wp-json\/wp\/v2\/media\/8787"}],"wp:attachment":[{"href":"https:\/\/hasamiartigos.com\/pt\/wp-json\/wp\/v2\/media?parent=8786"}],"wp:term":[{"taxonomy":"product_brand","embeddable":true,"href":"https:\/\/hasamiartigos.com\/pt\/wp-json\/wp\/v2\/product_brand?post=8786"},{"taxonomy":"product_cat","embeddable":true,"href":"https:\/\/hasamiartigos.com\/pt\/wp-json\/wp\/v2\/product_cat?post=8786"},{"taxonomy":"product_tag","embeddable":true,"href":"https:\/\/hasamiartigos.com\/pt\/wp-json\/wp\/v2\/product_tag?post=8786"}],"curies":[{"name":"wp","href":"https:\/\/api.w.org\/{rel}","templated":true}]}}