{"id":8792,"date":"2025-11-10T06:27:11","date_gmt":"2025-11-10T06:27:11","guid":{"rendered":"https:\/\/hasamiartigos.com\/?post_type=product&#038;p=8792"},"modified":"2025-11-10T06:27:11","modified_gmt":"2025-11-10T06:27:11","slug":"l3vel3-forming-cream","status":"publish","type":"product","link":"https:\/\/hasamiartigos.com\/pt\/produto\/l3vel3-forming-cream\/","title":{"rendered":"L3VEL3 Forming Cream"},"content":{"rendered":"<p style=\"text-align: left;\"><strong>Portuguese<\/strong><\/p>\n<p><strong>Creme Modelador L3VEL3<\/strong><br \/>\nO nosso creme de styling oferece uma fixa\u00e7\u00e3o m\u00e9dia, um brilho incr\u00edvel e uma fragr\u00e2ncia maravilhosa.<\/p>\n<p>Por vezes, o equil\u00edbrio perfeito \u00e9 exatamente o que precisa. Talvez queira apenas o volume e a textura ideais, com um toque de brilho. Talvez o seu estilo seja mais cl\u00e1ssico do que ousado, mais natural do que extravagante. Se for o caso, temos o produto perfeito para si. O nosso creme de styling proporciona uma fixa\u00e7\u00e3o m\u00e9dia e flex\u00edvel, bem como um brilho discreto, deixando o cabelo com um aspeto incr\u00edvel, mas sem exageros. Acrescenta volume e textura a in\u00fameros penteados, desde elegantes riscas laterais a topetes despojados, sem deixar o cabelo r\u00edgido ou pegajoso. Ideal para todos os tipos de cabelo, o nosso creme de styling \u00e9 o produto essencial tanto para looks casuais como para os mais sofisticados.<\/p>\n<p><strong>Principais Caracter\u00edsticas<\/strong><\/p>\n<p>Aumenta o volume, cria textura e acrescenta um brilho natural e moderado.<br \/>\nA f\u00f3rmula suave com fixa\u00e7\u00e3o m\u00e9dia permite remodelar o penteado ao longo do dia.<br \/>\nN\u00e3o pegajoso, sem sensa\u00e7\u00e3o de cabelo duro, sai facilmente com a lavagem, sem deixar res\u00edduos.<br \/>\nA consist\u00eancia leve e cremosa n\u00e3o pesa nos cabelos finos ou ralos.<br \/>\nDeixa o cabelo com um aspeto impecavelmente cuidado e um aroma delicioso.<br \/>\nPorque \u00e9 um produto revolucion\u00e1rio?<\/p>\n<p>As tend\u00eancias v\u00eam e v\u00e3o, mas o seu estilo individual \u00e9 para sempre. O nosso creme de styling permite que se expresse de uma forma mais discreta, proporcionando o volume, a textura e o brilho ideais para marcar presen\u00e7a. A fixa\u00e7\u00e3o m\u00e9dia e o acabamento natural s\u00e3o os pontos fortes deste creme, sendo um produto vers\u00e1til para todos os tipos de cabelo e penteados curtos e simples. A f\u00f3rmula \u00e9 leve e cremosa, definindo o corte sem deixar o cabelo duro ou pegajoso.<\/p>\n<p>Utilize este creme de styling tanto para penteados lisos como para penteados mais despojados. Define os fios, criando uma textura agrad\u00e1vel ao toque que d\u00e1 personalidade ao seu estilo. O cabelo fica macio, n\u00e3o r\u00edgido, e pode ser remodelado as vezes que quiser, porque, afinal, a diversidade est\u00e1 na moda. Enriquecida com glicerina, a f\u00f3rmula tira o m\u00e1ximo partido at\u00e9 dos cabelos finos e ralos, acrescentando defini\u00e7\u00e3o sem revelar demasiado o couro cabeludo ou pesar o cabelo.<\/p>\n<p>Na verdade, este \u00e9 um creme de styling ideal para cabelos finos, pois gera volume com um aspeto natural. Os topetes curtos e os penteados para tr\u00e1s, e as riscas laterais cl\u00e1ssicas, ficar\u00e3o perfeitamente arranjados com um pouco de volume. Os cortes modernos com o topo mais comprido e os cortes sofisticados ao estilo Ivy League ganhar\u00e3o volume, mas sem excesso. Este creme tamb\u00e9m oferece uma fixa\u00e7\u00e3o m\u00e9dia, mantendo o penteado seguro at\u00e9 que decida mudar de visual.<\/p>\n<p>Com a sua f\u00f3rmula \u00e0 base de \u00e1gua, o nosso creme de styling \u00e9 f\u00e1cil de enxaguar, evitando a acumula\u00e7\u00e3o de produto. N\u00e3o deixa res\u00edduos que possam deixar o cabelo com um aspeto ba\u00e7o e sujo. Acreditamos que n\u00e3o h\u00e1 nada de comum em termos de volume, textura, brilho e fixa\u00e7\u00e3o m\u00e9dios. O nosso creme de styling \u00e9 ideal para quem deseja um penteado discreto.<\/p>\n<p><strong>Tamanho: 150ml. Como usar<\/strong><\/p>\n<p>Coloque uma pequena quantidade de creme de styling na palma da m\u00e3o.<br \/>\nEsfregue as m\u00e3os para aquecer o creme e torn\u00e1-lo mais male\u00e1vel.<br \/>\nAplique uniformemente por todo o cabelo para criar o penteado desejado.<\/p>\n<p><strong>Dicas de penteado<\/strong><br \/>\nTanto os cortes modernos como os cortes com inspira\u00e7\u00e3o vintage beneficiar\u00e3o do nosso creme de styling. Ele \u00e9 \u00f3timo para penteados mais curtos e simples, e real\u00e7a o melhor dos cabelos finos e ralos. Aplique um pouco de creme numa risca lateral ou numa madeixa superior penteada para tr\u00e1s. Desfie um topete, defina uma franja encaracolada ou d\u00ea um pouco de volume a um corte Edgar.<\/p>\n<p style=\"text-align: left;\"><!--more--><\/p>\n<p style=\"text-align: left;\"><strong>English<\/strong><\/p>\n<p><strong>L3VEL3 Forming Cream<\/strong><br \/>\nOur hair forming cream offers medium hold, beautiful shine, and a great scent.<\/p>\n<p>Sometimes, middle-of-the-road is exactly what you need. Maybe you want just enough volume and texture with just a hint of shine. Maybe your signature style is more classic than cutting-edge, more natural than notice-me-now. If so, there\u2019s a product for that. Our forming cream delivers medium, workable hold and mid-line shine to make hair look dope but not dramatic. It adds volume and texture to countless styles, from slick side parts to scruffy quiffs, without making hair stiff or sticky. Great for all hair types, our forming cream is the MVP of both laid-back and polished styles.<\/p>\n<p><strong>Key Features<\/strong><\/p>\n<p>Boosts volume, creates texture, and adds a natural, medium shine<br \/>\nSoft, medium-hold formula lets you restyle throughout the day<br \/>\nNon-sticky, no hard-hair feel, washes out easily leaving no residue<br \/>\nLight, creamy consistency won\u2019t weigh down fine or thin hair types<br \/>\nLeaves hair looking impeccably groomed and smelling great too<br \/>\nWhy It\u2019s a Game-Changer<\/p>\n<p>Trends come and go, but your individual style is forever. Our hair styling cream lets you express yourself in a more low-key way, delivering just enough volume, texture, and shine to make a statement. Medium hold and a natural finish are what this cream does best, making it a versatile product for all hair types and simple, short styles. The formula is light and luscious, defining your cut without making hair hard or sticky.<\/p>\n<p>Use this shaping cream for both smooth and mussed-up hairstyles. It defines the strands, creating touchable texture that gives your style character. Hair feels soft, not stiff, and can be reshaped as often as you like because hey, diversity is trending. Enriched with glycerin, the formula makes the most of even thin and fine hair, adding definition without revealing too much scalp or weighing the hair down.<\/p>\n<p>In fact, this is an ideal styling cream for fine hair as it generates natural-looking volume. Short, slicked-back pompadours and conservative side parts will be perfectly groomed with a little lift. Modern fades with longer tops and sophisticated Ivy League cuts will be bumped up but not too voluminous. This cream also offers medium hold that keeps your style secure until you decide to switch things up.<\/p>\n<p>With its water-based formula, our hair holding cream washes out easily to prevent product build-up. It leaves behind no residue that can make hair look dull and unclean. We say, there\u2019s nothing average about medium volume, texture, shine, and hold. Our forming cream is ideal when you want a hairstyle that doesn\u2019t shout from the rooftops.<\/p>\n<p>Size: 150ml.<\/p>\n<p><strong>How to Use<\/strong><\/p>\n<p>Place a small amount of forming cream in your palm<br \/>\nRub your hands together to warm the cream and make it workable<br \/>\nApply evenly throughout the hair to create your desired style<\/p>\n<p><strong>Styling Tips<\/strong><br \/>\nBoth modern and vintage-inspired cuts will benefit from our forming cream. It\u2019s great for shorter, simpler styles and brings out the best in fine and thin hair. Slick some cream through a side part or a swept-back top section. Ruffle up a quiff, define a curly fringe, or give an Edgar a little lift.<\/p>","protected":false},"excerpt":{"rendered":"<p>Portuguese Creme Modelador L3VEL3 O nosso creme de styling oferece uma fixa\u00e7\u00e3o m\u00e9dia, um brilho incr\u00edvel e uma fragr\u00e2ncia maravilhosa. Por vezes, o equil\u00edbrio perfeito \u00e9 exatamente o que precisa. Talvez queira apenas o volume e a textura ideais, com um toque de brilho. Talvez o seu estilo seja mais cl\u00e1ssico do que ousado, mais [&hellip;]<\/p>","protected":false},"featured_media":8793,"comment_status":"open","ping_status":"closed","template":"","meta":[],"product_brand":[],"product_cat":[130],"product_tag":[],"class_list":{"0":"post-8792","1":"product","2":"type-product","3":"status-publish","4":"has-post-thumbnail","6":"product_cat-l3vel3","8":"first","9":"instock","10":"shipping-taxable","11":"purchasable","12":"product-type-simple"},"acf":[],"_links":{"self":[{"href":"https:\/\/hasamiartigos.com\/pt\/wp-json\/wp\/v2\/product\/8792","targetHints":{"allow":["GET"]}}],"collection":[{"href":"https:\/\/hasamiartigos.com\/pt\/wp-json\/wp\/v2\/product"}],"about":[{"href":"https:\/\/hasamiartigos.com\/pt\/wp-json\/wp\/v2\/types\/product"}],"replies":[{"embeddable":true,"href":"https:\/\/hasamiartigos.com\/pt\/wp-json\/wp\/v2\/comments?post=8792"}],"version-history":[{"count":1,"href":"https:\/\/hasamiartigos.com\/pt\/wp-json\/wp\/v2\/product\/8792\/revisions"}],"predecessor-version":[{"id":8794,"href":"https:\/\/hasamiartigos.com\/pt\/wp-json\/wp\/v2\/product\/8792\/revisions\/8794"}],"wp:featuredmedia":[{"embeddable":true,"href":"https:\/\/hasamiartigos.com\/pt\/wp-json\/wp\/v2\/media\/8793"}],"wp:attachment":[{"href":"https:\/\/hasamiartigos.com\/pt\/wp-json\/wp\/v2\/media?parent=8792"}],"wp:term":[{"taxonomy":"product_brand","embeddable":true,"href":"https:\/\/hasamiartigos.com\/pt\/wp-json\/wp\/v2\/product_brand?post=8792"},{"taxonomy":"product_cat","embeddable":true,"href":"https:\/\/hasamiartigos.com\/pt\/wp-json\/wp\/v2\/product_cat?post=8792"},{"taxonomy":"product_tag","embeddable":true,"href":"https:\/\/hasamiartigos.com\/pt\/wp-json\/wp\/v2\/product_tag?post=8792"}],"curies":[{"name":"wp","href":"https:\/\/api.w.org\/{rel}","templated":true}]}}